{"id":865,"date":"2017-02-18T18:28:28","date_gmt":"2017-02-18T17:28:28","guid":{"rendered":"http:\/\/www.planetharmonica.com\/?page_id=865"},"modified":"2018-09-07T11:04:47","modified_gmt":"2018-09-07T09:04:47","slug":"anciens-numeros","status":"publish","type":"page","link":"https:\/\/www.planetharmonica.com\/NextGen\/fr\/anciens-numeros\/","title":{"rendered":"Saison 1"},"content":{"rendered":"<p>Vous trouverez ci-dessous les anciens num\u00e9ros. Certains articles ne sont clairement plus d&rsquo;actualit\u00e9 mais il nous sembl\u00e9 utile de les laisser en ligne car ils t\u00e9moignent de ce qu&rsquo;\u00e9tait le monde de l&rsquo;harmonica il y a une quinzaine d&rsquo;ann\u00e9es.<\/p>\n<p><a href=\"http:\/\/www.planetharmonica.com\/ph1\/index.htm\">Episode 1<\/a><\/p>\n<p><a href=\"http:\/\/www.planetharmonica.com\/ph2\/Index.htm\">Episode 2<\/a><\/p>\n<p><a href=\"http:\/\/www.planetharmonica.com\/indexPH3.htm\">Episode 3<\/a><\/p>\n<p><a href=\"http:\/\/www.planetharmonica.com\/indexPH4.htm\">Episode 4<\/a><\/p>\n<p><a href=\"http:\/\/www.planetharmonica.com\/indexPH5.htm\">Episode 5<\/a><\/p>\n","protected":false},"excerpt":{"rendered":"<p class=\"text-justify mb-2\" >Vous trouverez ci-dessous les anciens num\u00e9ros. Certains articles ne sont clairement plus d&rsquo;actualit\u00e9 mais il nous sembl\u00e9 utile de les laisser en ligne car ils t\u00e9moignent de ce qu&rsquo;\u00e9tait le monde de l&rsquo;harmonica il y a une quinzaine d&rsquo;ann\u00e9es. Episode 1 Episode 2 Episode 3 [&hellip;]<\/p>\n","protected":false},"author":2,"featured_media":0,"parent":0,"menu_order":0,"comment_status":"closed","ping_status":"closed","template":"","meta":[],"_links":{"self":[{"href":"https:\/\/www.planetharmonica.com\/NextGen\/wp-json\/wp\/v2\/pages\/865"}],"collection":[{"href":"https:\/\/www.planetharmonica.com\/NextGen\/wp-json\/wp\/v2\/pages"}],"about":[{"href":"https:\/\/www.planetharmonica.com\/NextGen\/wp-json\/wp\/v2\/types\/page"}],"author":[{"embeddable":true,"href":"https:\/\/www.planetharmonica.com\/NextGen\/wp-json\/wp\/v2\/users\/2"}],"replies":[{"embeddable":true,"href":"https:\/\/www.planetharmonica.com\/NextGen\/wp-json\/wp\/v2\/comments?post=865"}],"version-history":[{"count":13,"href":"https:\/\/www.planetharmonica.com\/NextGen\/wp-json\/wp\/v2\/pages\/865\/revisions"}],"predecessor-version":[{"id":1601,"href":"https:\/\/www.planetharmonica.com\/NextGen\/wp-json\/wp\/v2\/pages\/865\/revisions\/1601"}],"wp:attachment":[{"href":"https:\/\/www.planetharmonica.com\/NextGen\/wp-json\/wp\/v2\/media?parent=865"}],"curies":[{"name":"wp","href":"https:\/\/api.w.org\/{rel}","templated":true}]}}