{"id":730,"date":"2017-02-07T21:20:50","date_gmt":"2017-02-07T20:20:50","guid":{"rendered":"http:\/\/www.planetharmonica.com\/NextGen\/?page_id=730"},"modified":"2017-03-02T10:27:52","modified_gmt":"2017-03-02T09:27:52","slug":"edito-de-laurentharp","status":"publish","type":"page","link":"https:\/\/www.planetharmonica.com\/NextGen\/fr\/edito-de-laurentharp\/","title":{"rendered":"Edito de Laurent"},"content":{"rendered":"<p>1998 &#8230; le web est encore jeune et bien loin de l&rsquo;univers commercialo-culturo-conspirationnisto-politique foisonnant qu&rsquo;il est devenu aujourd&rsquo;hui.<\/p>\n<p>On\u00a0commence \u00e0 d\u00e9couvrir l&rsquo;incroyable ouverture au monde que permet la toile. Des groupes de discussions et des listes de distributions permettent \u00e0 des passionn\u00e9s de se \u00ab\u00a0r\u00e9unir\u00a0\u00bb autour de leur passion commune et de partager l&rsquo;information. Quelques sites web commencent \u00e0 \u00e9merger sur diff\u00e9rents sujets culturels.<\/p>\n<p>Je suis moi aussi bien jeune et mordu d&rsquo;harmonica. J&rsquo;apprends \u00e0 jouer gr\u00e2ces aux quelques m\u00e9thodes disponibles (celles de Jean-Jacques Milteau, Tony Glover et David Barrett). Je joue principalement du blues en seconde position, me frotte \u00e0 la troisi\u00e8me. Je ne sais pas ce qu&rsquo;est un overblow &#8230; ni une tierce mineure.<\/p>\n<p>Et puis,\u00a0par la magie d&rsquo;internet j&rsquo;entre en contact avec un gars qui me parle d&rsquo;overblows, de 11eme position, de Trio Globo, de Carlos del Junco, de Greg Zlap\u00a0(Greg<strong>\u00a0<\/strong>Zlapczynski \u00e0 l&rsquo;\u00e9poque \ud83d\ude42 ) et d&rsquo;un certain S\u00e9bastien Charlier.<\/p>\n<p>L&rsquo;homme est bougrement int\u00e9ressant et il a une vision. Il pense \u00e0\u00a0un webzine d\u00e9di\u00e9 \u00e0 l&rsquo;harmonica, qui t\u00e9moignerait \u00e0 la fois de la tradition et de l&rsquo;\u00e9volution de l&rsquo;instrument.\u00a0C&rsquo;est un projet qui n\u00e9cessite beaucoup de travail et il recherche de l&rsquo;aide pour retranscrire une longue interview de Jean-Jacques Milteau, le pape de l&rsquo;harmonica fran\u00e7ais.<\/p>\n<p>La t\u00e2che est longue et un peu ingrate, mais le projet est beau. Alors j&#8217;embarque dans l&rsquo;aventure.<\/p>\n<p>Quelques mois plus tard, le premier num\u00e9ro de Planet Harmonica sort. Il fera date. Trois autres num\u00e9ros sortent dans les ann\u00e9es qui suivent.<\/p>\n<p>Ainsi, pendant une dizaine d&rsquo;ann\u00e9es Benoit Felten marque\u00a0le monde de l&rsquo;harmonica sur le web de son empreinte et contribue\u00a0au rayonnement de ce modeste instrument\u00a0et de ses maitres.<\/p>\n<p>Et puis il d\u00e9cide vers la fin des ann\u00e9es 2000 de voguer vers d&rsquo;autres horizons.<\/p>\n<p>Depuis cette \u00e9poque,\u00a0le monde de l&rsquo;harmonica a continu\u00e9 \u00e0 \u00e9voluer. La voie du jeu chromatique \u00e0 l&rsquo;harmonica diatonique a fini par s&rsquo;installer et faire des \u00e9mules. Les overblows se sont d\u00e9mocratis\u00e9s. De plus en plus d&rsquo;apprentis harmonicistes abordent aujourd&rsquo;hui l&rsquo;harmonica\u00a0comme n&rsquo;importe quel autre instrument et apprennent l&rsquo;harmonie plut\u00f4t que les positions. De nombreux musiciens pros sortent\u00a0des albums qui font bouger les lignes et proposent une approche de l&rsquo;instrument totalement diff\u00e9rente de ce qu&rsquo;on avait connu au XXeme si\u00e8cle.<\/p>\n<p>Nous vivons une p\u00e9riode incroyable. Tellement de voies sont \u00e0 explorer!<\/p>\n<p>Il nous a sembl\u00e9 que c&rsquo;\u00e9tait le moment de ressusciter Planet Harmonica et d&rsquo;en faire le t\u00e9moin du chemin parcouru et surtout de celui \u00e0 parcourir ensemble.<\/p>\n<p>Sous le regard bienveillant de Benoit et gr\u00e2ce aux encouragements et \u00e0 l&rsquo;aide pr\u00e9cieuse de J\u00e9r\u00f4me Peyrelevade, le webzine est donc relanc\u00e9!<\/p>\n<p>Pour cette occasion, une interview de S\u00e9bastien Charlier s&rsquo;imposait. Il s&rsquo;est ouvert \u00e0 nous avec une grande sinc\u00e9rit\u00e9 et nous esp\u00e9rons que vous d\u00e9couvrirez avec plaisir et int\u00e9r\u00eat sa d\u00e9marche totalement atypique. Nous avons \u00e9galement interview\u00e9 Christophe Minier, le cr\u00e9ateur d&rsquo;un des plus beaux festivals d&rsquo;harmonica d&rsquo;Europe dont la prochaine \u00e9dition aura lieu du 24 au 27 mai 2017. L&rsquo;occasion de voir sur sc\u00e8ne de bons artistes et de se faire des amis harmonicistes au cours de boeufs endiabl\u00e9s!<\/p>\n<p>Vous trouverez \u00e9galement une rubrique P\u00e9dagogique riche et vari\u00e9e\u00a0gr\u00e2ce aux contributions de J\u00e9r\u00f4me et de Laurent Rinaldi.<\/p>\n<p>Dans le coin du matos, Marko Balland vous r\u00e9v\u00e8le ses secrets d&rsquo;amplification.<\/p>\n<p>Enfin, nous avons voulu vous proposer des \u00ab\u00a0critiques\u00a0\u00bb d&rsquo;albums et d&rsquo;instruments car il n&rsquo;est pas toujours ais\u00e9 de rep\u00e9rer les artistes qui comptent et de faire le tri dans l&rsquo;offre importante d&rsquo;harmonicas diatoniques.<\/p>\n<p>Voil\u00e0, nous avons mis pas mal d&rsquo;\u00e9nergie et beaucoup de coeur dans ce nouveau num\u00e9ro.<\/p>\n<p>Nous esp\u00e9rons que cela vous plaira et vous int\u00e9ressera!<\/p>\n<p>Laurent Vigouroux<\/p>\n","protected":false},"excerpt":{"rendered":"<p class=\"text-justify mb-2\" >1998 &#8230; le web est encore jeune et bien loin de l&rsquo;univers commercialo-culturo-conspirationnisto-politique foisonnant qu&rsquo;il est devenu aujourd&rsquo;hui. On\u00a0commence \u00e0 d\u00e9couvrir l&rsquo;incroyable ouverture au monde que permet la toile. Des groupes de discussions et des listes de distributions permettent \u00e0 des passionn\u00e9s de se \u00ab\u00a0r\u00e9unir\u00a0\u00bb [&hellip;]<\/p>\n","protected":false},"author":2,"featured_media":0,"parent":0,"menu_order":0,"comment_status":"closed","ping_status":"closed","template":"","meta":[],"_links":{"self":[{"href":"https:\/\/www.planetharmonica.com\/NextGen\/wp-json\/wp\/v2\/pages\/730"}],"collection":[{"href":"https:\/\/www.planetharmonica.com\/NextGen\/wp-json\/wp\/v2\/pages"}],"about":[{"href":"https:\/\/www.planetharmonica.com\/NextGen\/wp-json\/wp\/v2\/types\/page"}],"author":[{"embeddable":true,"href":"https:\/\/www.planetharmonica.com\/NextGen\/wp-json\/wp\/v2\/users\/2"}],"replies":[{"embeddable":true,"href":"https:\/\/www.planetharmonica.com\/NextGen\/wp-json\/wp\/v2\/comments?post=730"}],"version-history":[{"count":15,"href":"https:\/\/www.planetharmonica.com\/NextGen\/wp-json\/wp\/v2\/pages\/730\/revisions"}],"predecessor-version":[{"id":909,"href":"https:\/\/www.planetharmonica.com\/NextGen\/wp-json\/wp\/v2\/pages\/730\/revisions\/909"}],"wp:attachment":[{"href":"https:\/\/www.planetharmonica.com\/NextGen\/wp-json\/wp\/v2\/media?parent=730"}],"curies":[{"name":"wp","href":"https:\/\/api.w.org\/{rel}","templated":true}]}}