{"id":468,"date":"2017-01-23T12:26:50","date_gmt":"2017-01-23T11:26:50","guid":{"rendered":"http:\/\/www.planetharmonica.com\/NextGen\/?page_id=468"},"modified":"2017-02-05T14:52:45","modified_gmt":"2017-02-05T13:52:45","slug":"cles-pour-lharmonie","status":"publish","type":"page","link":"https:\/\/www.planetharmonica.com\/NextGen\/fr\/methodes\/cles-pour-lharmonie\/","title":{"rendered":"Cl\u00e9s pour l&rsquo;harmonie"},"content":{"rendered":"<h1><strong>Cl\u00e9s pour l&rsquo;Harmonie, de Jo Anger-Weller<\/strong><\/h1>\n<p>Prix : 42,50 \u20ac<\/p>\n<p><img loading=\"lazy\" class=\"alignnone size-full wp-image-473\" src=\"http:\/\/www.planetharmonica.com\/NextGen\/wp-content\/uploads\/2017\/01\/couverture-cles-pour-l-harmonie.jpg\" alt=\"\" width=\"320\" height=\"496\" srcset=\"https:\/\/www.planetharmonica.com\/NextGen\/wp-content\/uploads\/2017\/01\/couverture-cles-pour-l-harmonie.jpg 320w, https:\/\/www.planetharmonica.com\/NextGen\/wp-content\/uploads\/2017\/01\/couverture-cles-pour-l-harmonie-194x300.jpg 194w\" sizes=\"(max-width: 320px) 100vw, 320px\" \/><\/p>\n<p>Ce livre est une r\u00e9f\u00e9rence dans l&rsquo;univers des livres en fran\u00e7ais traitant de l&rsquo;Harmonie.<\/p>\n<p>Il a vocation \u00e0 \u00eatre utilis\u00e9 dans le cadre de cours d&rsquo;harmonie. Chaque chapitre\u00a0comporte la\u00a0description d&rsquo;un\u00a0concept, ses exemples et les exercices (corrig\u00e9s) associ\u00e9s.<\/p>\n<p>La table des mati\u00e8re illustre bien la couverture tr\u00e8s compl\u00e8te des diff\u00e9rents sujets de l&rsquo;harmonie que propose ce recueil:<\/p>\n<ul>\n<li>1. Le son<\/li>\n<li>2. Les intervalles<\/li>\n<li>3. Gammes et modes<\/li>\n<li>4. L\u2019harmonie diatonique<\/li>\n<li>5. L\u2019analyse harmonique<\/li>\n<li>6. Deux nouvelles fonctions: V7(sus4) et bVIIM7<\/li>\n<li>7. Les dominantes secondaires et \u00e9tendues<\/li>\n<li>8. La cadence II V I<\/li>\n<li>9. Les dominantes substituts<\/li>\n<li>10. Les relations entre la m\u00e9lodie et l\u2019harmonie<\/li>\n<li>11. Voicings, voice leading<\/li>\n<li>12. Les II V chromatiques et contigus<\/li>\n<li>13. Les accords de dominante sans fonction de dominante<\/li>\n<li>14. Les accords diminu\u00e9s<\/li>\n<li>15. Harmonie diatonique aux modes mineurs<\/li>\n<li>16. Les modulations<\/li>\n<li>17. L\u2019harmonie modale<\/li>\n<li>18. Les modes<\/li>\n<li>19. Echange inter-modal. Polymodalit\u00e9<\/li>\n<li>20. Les gammes synth\u00e9tiques<\/li>\n<li>21. Polytonalit\u00e9<\/li>\n<li>22.Techniques de r\u00e9harmonisation<\/li>\n<li>23. Techniques d\u2019harmonisation<\/li>\n<li>24. Les th\u00e8mes \u00e0 structure constante<\/li>\n<li>25. L\u2019\u00e9criture en miroir<\/li>\n<li>26. Le Blues<\/li>\n<li>27. La m\u00e9lodie<\/li>\n<li>28. L\u2019improvisation<\/li>\n<\/ul>\n<p>Il est \u00e9crit de fa\u00e7on claire mais dense. Le niveau th\u00e9orique est assez \u00e9lev\u00e9 et il faut \u00eatre attentif \u00e0 chaque ligne \u00e9crite! L&rsquo;auteur pr\u00e9cise d&rsquo;ailleurs qu&rsquo;il faut revenir r\u00e9guli\u00e8rement sur chaque phrase pour comprendre profond\u00e9ment les concepts d\u00e9crits.<\/p>\n<p>Cet ouvrage ne sera pas forc\u00e9ment le meilleur point d&rsquo;entr\u00e9e dans le monde de l&rsquo;improvisation. Il est trop dense et trop complet pour cela. Il s&rsquo;adresse \u00e0 mon avis plut\u00f4t \u00e0 des musiciens d\u00e9j\u00e0 connaisseurs des bases de l&rsquo;harmonie qui pourront explorer plus en avant les diff\u00e9rents concepts et enrichir grandement leurs comp\u00e9tences d&rsquo;improvisateur.<\/p>\n<p>Laurent Vigouroux<\/p>\n","protected":false},"excerpt":{"rendered":"<p class=\"text-justify mb-2\" >Cl\u00e9s pour l&rsquo;Harmonie, de Jo Anger-Weller Prix : 42,50 \u20ac Ce livre est une r\u00e9f\u00e9rence dans l&rsquo;univers des livres en fran\u00e7ais traitant de l&rsquo;Harmonie. Il a vocation \u00e0 \u00eatre utilis\u00e9 dans le cadre de cours d&rsquo;harmonie. Chaque chapitre\u00a0comporte la\u00a0description d&rsquo;un\u00a0concept, ses exemples et les exercices [&hellip;]<\/p>\n","protected":false},"author":2,"featured_media":0,"parent":34,"menu_order":2,"comment_status":"closed","ping_status":"closed","template":"","meta":[],"_links":{"self":[{"href":"https:\/\/www.planetharmonica.com\/NextGen\/wp-json\/wp\/v2\/pages\/468"}],"collection":[{"href":"https:\/\/www.planetharmonica.com\/NextGen\/wp-json\/wp\/v2\/pages"}],"about":[{"href":"https:\/\/www.planetharmonica.com\/NextGen\/wp-json\/wp\/v2\/types\/page"}],"author":[{"embeddable":true,"href":"https:\/\/www.planetharmonica.com\/NextGen\/wp-json\/wp\/v2\/users\/2"}],"replies":[{"embeddable":true,"href":"https:\/\/www.planetharmonica.com\/NextGen\/wp-json\/wp\/v2\/comments?post=468"}],"version-history":[{"count":7,"href":"https:\/\/www.planetharmonica.com\/NextGen\/wp-json\/wp\/v2\/pages\/468\/revisions"}],"predecessor-version":[{"id":662,"href":"https:\/\/www.planetharmonica.com\/NextGen\/wp-json\/wp\/v2\/pages\/468\/revisions\/662"}],"up":[{"embeddable":true,"href":"https:\/\/www.planetharmonica.com\/NextGen\/wp-json\/wp\/v2\/pages\/34"}],"wp:attachment":[{"href":"https:\/\/www.planetharmonica.com\/NextGen\/wp-json\/wp\/v2\/media?parent=468"}],"curies":[{"name":"wp","href":"https:\/\/api.w.org\/{rel}","templated":true}]}}