{"id":451,"date":"2017-01-21T16:54:37","date_gmt":"2017-01-21T15:54:37","guid":{"rendered":"http:\/\/www.planetharmonica.com\/NextGen\/?page_id=451"},"modified":"2017-02-18T20:22:35","modified_gmt":"2017-02-18T19:22:35","slug":"dodo-bossa","status":"publish","type":"page","link":"https:\/\/www.planetharmonica.com\/NextGen\/fr\/pedagogie\/dodo-bossa\/","title":{"rendered":"Dodo Bossa"},"content":{"rendered":"<h1><strong>Dodo Bossa<\/strong><\/h1>\n<p><strong>Niveau : d\u00e9butant<\/strong><\/p>\n<p><strong>Pr\u00e9-requis : jouer note \u00e0 note<\/strong><\/p>\n<p>Aujourd\u2019hui, nous allons nous int\u00e9resser \u00e0 la bossa-nova. Il y a quelque chose qui m\u2019a toujours fascin\u00e9 avec ce style de musique, c\u2019est que, peu importe les accords, peu importe la m\u00e9lodie, qu\u2019ils soient simples ou compliqu\u00e9s, \u00e7a \u00ab sonne \u00bb toujours d\u2019enfer. Il y a une certaine nonchalance (maitris\u00e9e) dans la \u00a0bossa-nova, qu\u2019il faut essayer de retranscrire dans l\u2019interpr\u00e9tation, \u00e9viter d\u2019\u00eatre trop rigide.<\/p>\n<p>Il faut que ce soit chaloup\u00e9, fluide. Le morceau que je vous propose d\u2019\u00e9tudier est une de mes compositions pour l\u2019harmonica, qu\u2019il soit diatonique ou chromatique. Une m\u00e9lodie tr\u00e8s simple, sur une suite d\u2019accords simples eux aussi. Ce qui fait la diff\u00e9rence, c\u2019est le placement rythmique des th\u00e8mes. Ecoutez bien o\u00f9 se situent les notes de la m\u00e9lodie par rapport au rythme de la bossa.<\/p>\n<p>Dodo Bossa ce compose de 2 th\u00e8mes, A et B, qui sont jou\u00e9s deux fois, puis improvisation sur la grille d\u2019accords qui est jou\u00e9e deux fois, et enfin th\u00e8me A et B et fin.<\/p>\n<p>La partition et les tablatures ne sont l\u00e0 que pour aider \u00e0 m\u00e9moriser les notes qu\u2019il faut jouer. Ensuite, laissez libre cours \u00e0 votre imagination pour l\u2019interpr\u00e9tation, en prenant exemple sur le fichier MP3 avec la m\u00e9lodie. Amusez-vous bien , et faites moi \u00e9couter vos essais !<\/p>\n<p>Laurent Rinaldi<br \/>\n<a href=\"http:\/\/www.laurentrinaldi.com\" target=\"_blank\">www.laurentrinaldi.com<\/a><\/p>\n<p>Le morceau:<\/p>\n<!--[if lt IE 9]><script>document.createElement('audio');<\/script><![endif]-->\n<audio class=\"wp-audio-shortcode\" id=\"audio-451-1\" preload=\"none\" style=\"width: 100%;\" controls=\"controls\"><source type=\"audio\/mpeg\" src=\"http:\/\/www.planetharmonica.com\/NextGen\/wp-content\/uploads\/2017\/01\/DodoBossa.mp3?_=1\" \/><a href=\"http:\/\/www.planetharmonica.com\/NextGen\/wp-content\/uploads\/2017\/01\/DodoBossa.mp3\">http:\/\/www.planetharmonica.com\/NextGen\/wp-content\/uploads\/2017\/01\/DodoBossa.mp3<\/a><\/audio>\n<p>Lien de t\u00e9l\u00e9chargement:<\/p>\n<p><a href=\"http:\/\/www.planetharmonica.com\/NextGen\/wp-content\/uploads\/2017\/01\/DodoBossa.mp3\">http:\/\/www.planetharmonica.com\/NextGen\/wp-content\/uploads\/2017\/01\/DodoBossa.mp3<\/a><\/p>\n<p>Le playback:<\/p>\n<audio class=\"wp-audio-shortcode\" id=\"audio-451-2\" preload=\"none\" style=\"width: 100%;\" controls=\"controls\"><source type=\"audio\/mpeg\" src=\"http:\/\/www.planetharmonica.com\/NextGen\/wp-content\/uploads\/2017\/01\/DodoBossaBT.mp3?_=2\" \/><a href=\"http:\/\/www.planetharmonica.com\/NextGen\/wp-content\/uploads\/2017\/01\/DodoBossaBT.mp3\">http:\/\/www.planetharmonica.com\/NextGen\/wp-content\/uploads\/2017\/01\/DodoBossaBT.mp3<\/a><\/audio>\n<p>Lien de t\u00e9l\u00e9chargement:<\/p>\n<p><a href=\"http:\/\/www.planetharmonica.com\/NextGen\/wp-content\/uploads\/2017\/01\/DodoBossaBT.mp3\">http:\/\/www.planetharmonica.com\/NextGen\/wp-content\/uploads\/2017\/01\/DodoBossaBT.mp3<\/a><\/p>\n<p>Les partitions<br \/>\n<img loading=\"lazy\" class=\"alignnone wp-image-498 size-full\" src=\"http:\/\/www.planetharmonica.com\/NextGen\/wp-content\/uploads\/2017\/01\/DodoBossa1_Page_1.jpeg\" width=\"1652\" height=\"2338\" srcset=\"https:\/\/www.planetharmonica.com\/NextGen\/wp-content\/uploads\/2017\/01\/DodoBossa1_Page_1.jpeg 1652w, https:\/\/www.planetharmonica.com\/NextGen\/wp-content\/uploads\/2017\/01\/DodoBossa1_Page_1-212x300.jpeg 212w, https:\/\/www.planetharmonica.com\/NextGen\/wp-content\/uploads\/2017\/01\/DodoBossa1_Page_1-768x1087.jpeg 768w, https:\/\/www.planetharmonica.com\/NextGen\/wp-content\/uploads\/2017\/01\/DodoBossa1_Page_1-724x1024.jpeg 724w\" sizes=\"(max-width: 1652px) 100vw, 1652px\" \/><\/p>\n<p><img loading=\"lazy\" class=\"alignnone wp-image-457 size-full\" src=\"http:\/\/www.planetharmonica.com\/NextGen\/wp-content\/uploads\/2017\/01\/DodoBossa-diato-octaveaigue-5-1.jpg\" width=\"2362\" height=\"3307\" srcset=\"https:\/\/www.planetharmonica.com\/NextGen\/wp-content\/uploads\/2017\/01\/DodoBossa-diato-octaveaigue-5-1.jpg 2362w, https:\/\/www.planetharmonica.com\/NextGen\/wp-content\/uploads\/2017\/01\/DodoBossa-diato-octaveaigue-5-1-214x300.jpg 214w, https:\/\/www.planetharmonica.com\/NextGen\/wp-content\/uploads\/2017\/01\/DodoBossa-diato-octaveaigue-5-1-768x1075.jpg 768w, https:\/\/www.planetharmonica.com\/NextGen\/wp-content\/uploads\/2017\/01\/DodoBossa-diato-octaveaigue-5-1-731x1024.jpg 731w\" sizes=\"(max-width: 2362px) 100vw, 2362px\" \/> <img loading=\"lazy\" class=\"alignnone wp-image-456 size-full\" src=\"http:\/\/www.planetharmonica.com\/NextGen\/wp-content\/uploads\/2017\/01\/DodoBossa-chroma-6-1.jpg\" width=\"2362\" height=\"3307\" srcset=\"https:\/\/www.planetharmonica.com\/NextGen\/wp-content\/uploads\/2017\/01\/DodoBossa-chroma-6-1.jpg 2362w, https:\/\/www.planetharmonica.com\/NextGen\/wp-content\/uploads\/2017\/01\/DodoBossa-chroma-6-1-214x300.jpg 214w, https:\/\/www.planetharmonica.com\/NextGen\/wp-content\/uploads\/2017\/01\/DodoBossa-chroma-6-1-768x1075.jpg 768w, https:\/\/www.planetharmonica.com\/NextGen\/wp-content\/uploads\/2017\/01\/DodoBossa-chroma-6-1-731x1024.jpg 731w\" sizes=\"(max-width: 2362px) 100vw, 2362px\" \/> <img loading=\"lazy\" class=\"alignnone wp-image-455 size-full\" src=\"http:\/\/www.planetharmonica.com\/NextGen\/wp-content\/uploads\/2017\/01\/DodoBossa-4-1.jpg\" width=\"2362\" height=\"3307\" srcset=\"https:\/\/www.planetharmonica.com\/NextGen\/wp-content\/uploads\/2017\/01\/DodoBossa-4-1.jpg 2362w, https:\/\/www.planetharmonica.com\/NextGen\/wp-content\/uploads\/2017\/01\/DodoBossa-4-1-214x300.jpg 214w, https:\/\/www.planetharmonica.com\/NextGen\/wp-content\/uploads\/2017\/01\/DodoBossa-4-1-768x1075.jpg 768w, https:\/\/www.planetharmonica.com\/NextGen\/wp-content\/uploads\/2017\/01\/DodoBossa-4-1-731x1024.jpg 731w\" sizes=\"(max-width: 2362px) 100vw, 2362px\" \/><\/p>\n<p>&nbsp;<\/p>\n","protected":false},"excerpt":{"rendered":"<p class=\"text-justify mb-2\" >Dodo Bossa Niveau : d\u00e9butant Pr\u00e9-requis : jouer note \u00e0 note Aujourd\u2019hui, nous allons nous int\u00e9resser \u00e0 la bossa-nova. Il y a quelque chose qui m\u2019a toujours fascin\u00e9 avec ce style de musique, c\u2019est que, peu importe les accords, peu importe la m\u00e9lodie, qu\u2019ils soient [&hellip;]<\/p>\n","protected":false},"author":2,"featured_media":0,"parent":20,"menu_order":0,"comment_status":"closed","ping_status":"closed","template":"","meta":[],"_links":{"self":[{"href":"https:\/\/www.planetharmonica.com\/NextGen\/wp-json\/wp\/v2\/pages\/451"}],"collection":[{"href":"https:\/\/www.planetharmonica.com\/NextGen\/wp-json\/wp\/v2\/pages"}],"about":[{"href":"https:\/\/www.planetharmonica.com\/NextGen\/wp-json\/wp\/v2\/types\/page"}],"author":[{"embeddable":true,"href":"https:\/\/www.planetharmonica.com\/NextGen\/wp-json\/wp\/v2\/users\/2"}],"replies":[{"embeddable":true,"href":"https:\/\/www.planetharmonica.com\/NextGen\/wp-json\/wp\/v2\/comments?post=451"}],"version-history":[{"count":14,"href":"https:\/\/www.planetharmonica.com\/NextGen\/wp-json\/wp\/v2\/pages\/451\/revisions"}],"predecessor-version":[{"id":879,"href":"https:\/\/www.planetharmonica.com\/NextGen\/wp-json\/wp\/v2\/pages\/451\/revisions\/879"}],"up":[{"embeddable":true,"href":"https:\/\/www.planetharmonica.com\/NextGen\/wp-json\/wp\/v2\/pages\/20"}],"wp:attachment":[{"href":"https:\/\/www.planetharmonica.com\/NextGen\/wp-json\/wp\/v2\/media?parent=451"}],"curies":[{"name":"wp","href":"https:\/\/api.w.org\/{rel}","templated":true}]}}