{"id":446,"date":"2017-01-21T12:40:23","date_gmt":"2017-01-21T11:40:23","guid":{"rendered":"http:\/\/www.planetharmonica.com\/NextGen\/?page_id=446"},"modified":"2017-03-04T13:03:20","modified_gmt":"2017-03-04T12:03:20","slug":"phrases-en-sol","status":"publish","type":"page","link":"https:\/\/www.planetharmonica.com\/NextGen\/fr\/pedagogie\/phrases-en-sol\/","title":{"rendered":"Phras\u00e9s en Sol"},"content":{"rendered":"<h1><strong>Phras\u00e9s en Sol<\/strong><\/h1>\n<p><strong>Niveau : d\u00e9butant<\/strong><\/p>\n<p><strong>Pr\u00e9-requis : jouer les alt\u00e9rations graves<\/strong><\/p>\n<p>Voici 5 phrases en Sol, sur un harmonica en Do. Elles peuvent \u00eatre jou\u00e9es sur un Blues en Sol, \u00e0 vous d&rsquo;entendre o\u00f9 \u00e7a colle le mieux.<\/p>\n<p>Ces phrases peuvent \u00eatre apprises par coeur, et rejou\u00e9es lors de vos premi\u00e8res improvisations. A vous ensuite, sur le m\u00eame principe, de cr\u00e9er vos propres phras\u00e9s, de les travailler suffisamment pour qu&rsquo;ils s&rsquo;int\u00e8grent \u00e0 votre jeu.<\/p>\n<p>&nbsp;<\/p>\n<p style=\"padding-left: 60px; text-align: left;\"><strong>Petit lexique \u00e0 usage des mal comprenants<\/strong><\/p>\n<p style=\"padding-left: 60px; text-align: left;\">Accord : plusieurs notes jou\u00e9es en m\u00eame temps<\/p>\n<p style=\"padding-left: 60px; text-align: left;\">Tonique : premi\u00e8re note d&rsquo;une gamme (on parlera de \u00ab\u00a0fondamentale\u00a0\u00bb s&rsquo;il s&rsquo;agit de la premi\u00e8re note d&rsquo;un accord, mais c&rsquo;est un d\u00e9tail)<\/p>\n<p style=\"padding-left: 60px; text-align: left;\">Tierce : troisi\u00e8me note d&rsquo;une gamme<\/p>\n<p style=\"padding-left: 60px; text-align: left;\">Tierce majeure : note situ\u00e9e 2 tons au-dessus de la tonique<\/p>\n<p style=\"padding-left: 60px; text-align: left;\">Tierce mineure : note situ\u00e9e 1,5 tons au-dessus de la tonique<\/p>\n<p>&nbsp;<\/p>\n<p>L&rsquo;une des caract\u00e9ristiques du Blues, est que l&rsquo;improvisateur a la possibilit\u00e9 de jouer une tierce mineure sur un accord qui est pourtant majeur (sur les fameux accords de dominantes, not\u00e9s \u00ab\u00a0X7\u00a0\u00bb, X \u00e9tant la tonalit\u00e9). Nous allons jouer sur ce passage\u00a0entre majeur et mineur.<\/p>\n<p>Ici, le play-back est un accord de G7 qui tourne en boucle. L&rsquo;accord est compos\u00e9 de 4 notes : Sol, Si, R\u00e9 et Fa. La tierce est le Si, note situ\u00e9e 2 tons au-dessus de Sol.<\/p>\n<p>C&rsquo;est parce que cette note est situ\u00e9e 2 tons au-dessus de la premi\u00e8re note de l&rsquo;accord (appel\u00e9e \u00ab\u00a0fondamentale\u00a0\u00bb), que l&rsquo;on d\u00e9finit qu&rsquo;il s&rsquo;agit d&rsquo;une tierce majeure, et donc d&rsquo;un accord majeur.<\/p>\n<p>&nbsp;<\/p>\n<p>Si vous regardez la premi\u00e8re phrase propos\u00e9e, elle utilise un Si. Cette phrase est donc en Sol majeur.<\/p>\n<p>La seconde phrase est en fait exactement la m\u00eame, \u00e0 une toute petite diff\u00e9rence : on va utiliser un Si b\u00e9mol au lieu du Si. Le Sib est situ\u00e9 1,5 ton au-dessus du Sol, il s&rsquo;agit donc ici d&rsquo;une tierce mineure.<\/p>\n<p>La premi\u00e8re phrase est majeure, la seconde est mineure. Cette tierce mineure cr\u00e9e une tension (puisqu&rsquo;elle est jou\u00e9e sur un accord majeur), tr\u00e8s caract\u00e9ristique du Blues.<\/p>\n<p>L&rsquo;objectif ici est de former votre oreille \u00e0 bien entendre la diff\u00e9rence entre tierce majeure et mineure, et \u00e0 terme \u00e0 \u00eatre en mesure de passer de l&rsquo;une \u00e0 l&rsquo;autre.<\/p>\n<p>Attention, l&rsquo;inverse n&rsquo;est pas vrai : si vous insistez sur une tierce majeure dans votre improvisation alors que l&rsquo;accord jou\u00e9 par le groupe est un accord mineur, il est fort probable que \u00e7a irrite fonci\u00e8rement l&rsquo;oreille de tout le monde (m\u00eame si tout est possible en musique, encore faut-il \u00eatre en mesure de jouer l&rsquo;impossible, je vous laisse m\u00e9diter l\u00e0-dessus &#8230;).<\/p>\n<p>&nbsp;<\/p>\n<p>M\u00eame jeu entre majeur et mineur sur les phrases 3 et 4.<\/p>\n<p>La 5\u00e8me phrase est bonus, c&rsquo;est cadeau, c&rsquo;est pour moi, ne me remerciez pas, c&rsquo;est tout naturel, pas de \u00e7a entre nous voyons, et puis il y a un petit Fa grave en plus qui va vous donner un peu de fil \u00e0 retordre alors tant pis pour vous j&rsquo;ai envie de dire mais je le dirai pas.<\/p>\n<p>&nbsp;<\/p>\n<p>Comme je ne recule devant aucun sacrifice, vous remarquerez que j&rsquo;ai \u00e9crit non seulement les notes, la tablature, mais \u00e9galement le nom des notes ! C&rsquo;est pas pour rien j&rsquo;tef&rsquo;raidireCasimir !<\/p>\n<p>Profitez-en pour apprendre la place des notes sur la port\u00e9e, si ce n&rsquo;est d\u00e9j\u00e0 le cas. Une fois que vous connaissez bien une phrase, lisez le nom des notes pendant que vous les jouez, puis lisez les notes sur la port\u00e9e pendant que vous les jouez. Vous apprendrez ainsi \u00e0 nommer les notes sur la port\u00e9e, et \u00e0 faire le lien entre la note et sa place sur l&rsquo;instrument.<\/p>\n<p>La lecture n&rsquo;est pas indispensable en musique, en tous cas jusqu&rsquo;\u00e0 un certain niveau, mais elle aide grandement et vous fera gagner \u00e9norm\u00e9ment de temps.<\/p>\n<p>&nbsp;<\/p>\n<p>Audio :\u00a0chaque phrase est d&rsquo;abord jou\u00e9e 2 fois. Ensuite vous avez le Play-back pour vous tout seul, pour vous entra\u00eener et improviser comme bon vous semble. Allez-y franchement, n&rsquo;importe quelle note de l&rsquo;harmonica en Do fonctionnera sur cet accompagnement, donc aucun risque de fausse note !<\/p>\n<p>&nbsp;<\/p>\n<p>J\u00e9r\u00f4me Peyrelevade<br \/>\n<a href=\"http:\/\/www.jeromepeyrelevade.com\" target=\"_blank\">www.jeromepeyrelevade.com<\/a><\/p>\n<p>==========================================================<\/p>\n<!--[if lt IE 9]><script>document.createElement('audio');<\/script><![endif]-->\n<audio class=\"wp-audio-shortcode\" id=\"audio-446-1\" preload=\"none\" style=\"width: 100%;\" controls=\"controls\"><source type=\"audio\/mpeg\" src=\"http:\/\/www.planetharmonica.com\/NextGen\/wp-content\/uploads\/2017\/01\/Phrases-en-Sol.mp3?_=1\" \/><a href=\"http:\/\/www.planetharmonica.com\/NextGen\/wp-content\/uploads\/2017\/01\/Phrases-en-Sol.mp3\">http:\/\/www.planetharmonica.com\/NextGen\/wp-content\/uploads\/2017\/01\/Phrases-en-Sol.mp3<\/a><\/audio>\n<p>&nbsp;<\/p>\n<p><a href=\"http:\/\/www.planetharmonica.com\/NextGen\/wp-content\/uploads\/2017\/01\/Phrases-en-Sol.pdf\" target=\"_blank\">T\u00e9l\u00e9charger le pdf : Phrases en Sol<\/a><\/p>\n<p><a href=\"http:\/\/www.planetharmonica.com\/NextGen\/wp-content\/uploads\/2017\/01\/Phrases-en-Sol.mp3\" target=\"_blank\">T\u00e9l\u00e9charger le mp3<\/a><\/p>\n","protected":false},"excerpt":{"rendered":"<p class=\"text-justify mb-2\" >Phras\u00e9s en Sol Niveau : d\u00e9butant Pr\u00e9-requis : jouer les alt\u00e9rations graves Voici 5 phrases en Sol, sur un harmonica en Do. Elles peuvent \u00eatre jou\u00e9es sur un Blues en Sol, \u00e0 vous d&rsquo;entendre o\u00f9 \u00e7a colle le mieux. Ces phrases peuvent \u00eatre apprises par [&hellip;]<\/p>\n","protected":false},"author":3,"featured_media":0,"parent":20,"menu_order":0,"comment_status":"closed","ping_status":"closed","template":"","meta":[],"_links":{"self":[{"href":"https:\/\/www.planetharmonica.com\/NextGen\/wp-json\/wp\/v2\/pages\/446"}],"collection":[{"href":"https:\/\/www.planetharmonica.com\/NextGen\/wp-json\/wp\/v2\/pages"}],"about":[{"href":"https:\/\/www.planetharmonica.com\/NextGen\/wp-json\/wp\/v2\/types\/page"}],"author":[{"embeddable":true,"href":"https:\/\/www.planetharmonica.com\/NextGen\/wp-json\/wp\/v2\/users\/3"}],"replies":[{"embeddable":true,"href":"https:\/\/www.planetharmonica.com\/NextGen\/wp-json\/wp\/v2\/comments?post=446"}],"version-history":[{"count":27,"href":"https:\/\/www.planetharmonica.com\/NextGen\/wp-json\/wp\/v2\/pages\/446\/revisions"}],"predecessor-version":[{"id":702,"href":"https:\/\/www.planetharmonica.com\/NextGen\/wp-json\/wp\/v2\/pages\/446\/revisions\/702"}],"up":[{"embeddable":true,"href":"https:\/\/www.planetharmonica.com\/NextGen\/wp-json\/wp\/v2\/pages\/20"}],"wp:attachment":[{"href":"https:\/\/www.planetharmonica.com\/NextGen\/wp-json\/wp\/v2\/media?parent=446"}],"curies":[{"name":"wp","href":"https:\/\/api.w.org\/{rel}","templated":true}]}}