{"id":44,"date":"2016-11-13T20:33:38","date_gmt":"2016-11-13T19:33:38","guid":{"rendered":"http:\/\/www.planetharmonica.com\/NextGen\/?page_id=44"},"modified":"2017-02-13T16:22:19","modified_gmt":"2017-02-13T15:22:19","slug":"le-matos-de-marko","status":"publish","type":"page","link":"https:\/\/www.planetharmonica.com\/NextGen\/fr\/matos\/le-matos-de-marko\/","title":{"rendered":"Le matos de Marko"},"content":{"rendered":"<h1><strong>Le Matos de Marko<\/strong><\/h1>\n<h2>Pr\u00e9ambule<\/h2>\n<p>Cela fait \u00e0 peu pr\u00e8s vingt ans que j\u2019utilise des effets guitare. J\u2019ai eu le d\u00e9clic quand j\u2019ai enregistr\u00e9\u00a0mon album en hommage \u00e0 J. Hendrix. J\u2019utilisais \u00e0 l\u2019\u00e9poque les m\u00eames effets que Jimi (Marshall t\u00eate d&rsquo;ampli type Plexi, deux baffles 4X12, un Delay copy cat, des Fuzz style Roger Mayer, Flangers, Phasing).<\/p>\n<p>J\u2019ai d\u00fb m\u2019int\u00e9resser au son rapidement pour ne pas rencontrer les probl\u00e8mes de larsen.\u00a0Au fur et mesure des ann\u00e9es, j\u2019ai appris \u00e0 comprendre les probl\u00e8mes li\u00e9s \u00e0 l\u2019amplification de l\u2019harmonica.<\/p>\n<p>J\u2019ai d\u00e9couvert qu\u2019il fallait penser comme un guitariste. Mes probl\u00e8mes de son se sont petit \u00e0 petit r\u00e9solus d\u2019ann\u00e9e en ann\u00e9e. Je pense maintenant ma\u00eetriser parfaitement ce probl\u00e8me.<\/p>\n<p>Je voyage un peu partout dans le monde pour faire des s\u00e9minaires de \u201cson effets\u201d.<br \/>\nLes effets me permettent de faire \u00e9voluer mon instrument, en faire un instrument \u00e0 part enti\u00e8re qui\u00a0peut naviguer dans tous les styles musicaux, sans avoir de barri\u00e8re de sonorit\u00e9.<\/p>\n<p>Par exemple, vous pouvez jouer trois notes, ou faire une nappe dans un style o\u00f9 on ne vous attend pas \u00a0(ex: la pop etc.).<br \/>\nIl faut vraiment rentrer dans le son et ne pas avoir peur de m\u00e9langer les sons entre eux.\u00a0Petit \u00e0 petit cela deviendra un r\u00e9flexe d\u00e8s que vous entendrez une partie musicale.<\/p>\n<p>Aujourd\u2019hui les effets font partie de l\u2019harmonica. Il y a des constructeurs de p\u00e9dales comme \u00ab LoneWolfBlues compagnie \u00bb et des constructeurs d\u2019ampli pour harmonicas.<\/p>\n<p>Je trouve \u00e7a tr\u00e8s bien m\u00eame si cela d\u00e9pla\u00eet \u00e0 certains puristes&#8230; L\u2019harmonica \u00e9volue, et c&rsquo;est tant mieux.<\/p>\n<p>&nbsp;<\/p>\n<h2>Mon cha\u00eenage de p\u00e9dales<\/h2>\n<h3><strong>Ce qu\u2019il faut savoir pour utiliser des p\u00e9dales d\u2019effets pour l\u2019harmonica.<\/strong><\/h3>\n<p>Beaucoup d\u2019harmonicistes vont de plus en plus vers le son \u00e0 travers les styles musicaux. Il ne faut pas perdre de vue que l\u2019 amplification augmente les caract\u00e9ristiques de votre son en acoustique. Le son \u00e9tant amplifi\u00e9, s&rsquo;il est bon au d\u00e9part, il sera bon plus fort \u00e0 l&rsquo;arriv\u00e9e,\u00a0et inversement si le son est mauvais au d\u00e9part il sera encore plus mauvais \u00e0 cause de l&rsquo;amplification. Il faut juste le savoir.<\/p>\n<h3>1\/ La premi\u00e8re chose \u00e0 savoir<\/h3>\n<div class=\"page\" title=\"Page 1\">\n<div class=\"section\">\n<div class=\"layoutArea\">\n<div class=\"column\">\n<p>Il faut penser un peu comme un guitariste, car on va utiliser\u00a0des effets qui sont \u00e0 la base destin\u00e9s \u00e0 la guitare.<\/p>\n<p>Un guitariste poss\u00e8de sur sa guitare des micros et\u00a0un volume, entre autres.\u00a0Le volume d\u2019une guitare ouvre sa course \u00e0 fond jusqu\u2019\u00e0 17khz (environ).<\/p>\n<figure id=\"attachment_591\" aria-describedby=\"caption-attachment-591\" style=\"width: 212px\" class=\"wp-caption alignright\"><img loading=\"lazy\" class=\"wp-image-591\" src=\"http:\/\/www.planetharmonica.com\/NextGen\/wp-content\/uploads\/2016\/11\/hohner-blues-blaster-11761.jpg\" width=\"212\" height=\"193\" \/><figcaption id=\"caption-attachment-591\" class=\"wp-caption-text\">Hohner Bluesblaster, avec potard de volume<\/figcaption><\/figure>\n<p>En g\u00e9n\u00e9ral les potards de volume des\u00a0micros pour harmonica ouvrent leur course jusqu\u2019\u00e0 290khz.<\/p>\n<p>Cela\u00a0ne pose aucun probl\u00e8me pour une sortie de sono, mais pour un ampli le son devient ing\u00e9rable (provoque du larsen).<\/p>\n<p>C\u2019est l\u00e0 o\u00f9 je dis qu\u2019il faut presque penser comme\u00a0un guitariste.\u00a0En ouvrant votre potard de volume avec un testeur, vous pourrez mesurer sa course.<br \/>\n17 khz cela correspond en g\u00e9n\u00e9ral \u00e0 un 1\/4 de la course de votre volume de micro.<\/p>\n<\/div>\n<\/div>\n<div class=\"layoutArea\">\n<h3>\u00a02\/ Ensuite il y a le chainage des effets<\/h3>\n<div class=\"page\" title=\"Page 2\">\n<div class=\"section\">\n<div class=\"layoutArea\">\n<div class=\"column\">\n<p>Le d\u00e9but de votre cha\u00eene commence avec votre micro,\u00a0qui sera soit en basse imp\u00e9dance (pour les micros type SM58, 57, E10, EV, etc), soit en haute imp\u00e9dance (Green Bullet ou Astatic, avec des cellules en porcelaine ou autres, BluexLab,\u00a0Blowsmeaways, Johnny Ace, etc).\u00a0Ils sont g\u00e9n\u00e9ralement vendus avec un jack en sortie.<\/p>\n<figure id=\"attachment_588\" aria-describedby=\"caption-attachment-588\" style=\"width: 253px\" class=\"wp-caption alignright\"><img loading=\"lazy\" class=\"wp-image-588\" src=\"http:\/\/www.planetharmonica.com\/NextGen\/wp-content\/uploads\/2016\/11\/adaptateurImpedance.jpg\" width=\"253\" height=\"73\" \/><figcaption id=\"caption-attachment-588\" class=\"wp-caption-text\">Adaptateur d&rsquo;imp\u00e9dance Shure A85F<\/figcaption><\/figure>\n<p>Pour les micros en Basse Imp\u00e9dance, vous devrez avoir un adaptateur d\u2019imp\u00e9dance pour entrer dans votre ampli ou votre premi\u00e8re p\u00e9dale.<\/p>\n<p>Votre ampli sera la fin de votre cha\u00eene.<\/p>\n<h3>3\/ De votre micro, vous entrez\u00a0dans les p\u00e9dales dites \u201cd\u2019expression\u201d<\/h3>\n<p>Exemples de p\u00e9dales d&rsquo;expression, une wah-wah, une whammy, un harmonizer :<\/p>\n<p><img loading=\"lazy\" class=\"alignnone wp-image-593\" src=\"http:\/\/www.planetharmonica.com\/NextGen\/wp-content\/uploads\/2016\/11\/vox-v847-wah-wah-pedal-2462-202x300.jpg\" width=\"105\" height=\"156\" srcset=\"https:\/\/www.planetharmonica.com\/NextGen\/wp-content\/uploads\/2016\/11\/vox-v847-wah-wah-pedal-2462-202x300.jpg 202w, https:\/\/www.planetharmonica.com\/NextGen\/wp-content\/uploads\/2016\/11\/vox-v847-wah-wah-pedal-2462-768x1140.jpg 768w, https:\/\/www.planetharmonica.com\/NextGen\/wp-content\/uploads\/2016\/11\/vox-v847-wah-wah-pedal-2462-690x1024.jpg 690w, https:\/\/www.planetharmonica.com\/NextGen\/wp-content\/uploads\/2016\/11\/vox-v847-wah-wah-pedal-2462.jpg 1050w\" sizes=\"(max-width: 105px) 100vw, 105px\" \/><img loading=\"lazy\" class=\"alignnone wp-image-594 \" src=\"http:\/\/www.planetharmonica.com\/NextGen\/wp-content\/uploads\/2016\/11\/Whammyangle_original.jpg\" width=\"162\" height=\"143\" srcset=\"https:\/\/www.planetharmonica.com\/NextGen\/wp-content\/uploads\/2016\/11\/Whammyangle_original.jpg 334w, https:\/\/www.planetharmonica.com\/NextGen\/wp-content\/uploads\/2016\/11\/Whammyangle_original-300x264.jpg 300w\" sizes=\"(max-width: 162px) 100vw, 162px\" \/>\u00a0\u00a0<img loading=\"lazy\" class=\"alignnone wp-image-595 \" src=\"http:\/\/www.planetharmonica.com\/NextGen\/wp-content\/uploads\/2016\/11\/electro-harmonix-micro-pog-75128.png\" width=\"115\" height=\"146\" srcset=\"https:\/\/www.planetharmonica.com\/NextGen\/wp-content\/uploads\/2016\/11\/electro-harmonix-micro-pog-75128.png 506w, https:\/\/www.planetharmonica.com\/NextGen\/wp-content\/uploads\/2016\/11\/electro-harmonix-micro-pog-75128-237x300.png 237w\" sizes=\"(max-width: 115px) 100vw, 115px\" \/><\/p>\n<h3>4\/ Ensuite votre Compresseur<\/h3>\n<p><img loading=\"lazy\" class=\"alignleft wp-image-596 size-thumbnail\" src=\"http:\/\/www.planetharmonica.com\/NextGen\/wp-content\/uploads\/2016\/11\/mxr-m76-pedale-studio-compressor-150x150.jpg\" width=\"150\" height=\"150\" srcset=\"https:\/\/www.planetharmonica.com\/NextGen\/wp-content\/uploads\/2016\/11\/mxr-m76-pedale-studio-compressor-150x150.jpg 150w, https:\/\/www.planetharmonica.com\/NextGen\/wp-content\/uploads\/2016\/11\/mxr-m76-pedale-studio-compressor-300x300.jpg 300w, https:\/\/www.planetharmonica.com\/NextGen\/wp-content\/uploads\/2016\/11\/mxr-m76-pedale-studio-compressor.jpg 500w\" sizes=\"(max-width: 150px) 100vw, 150px\" \/>Il n&rsquo;aura aucune incidence sur vos p\u00e9dales d&rsquo;expression. Le compresseur vous permet de lisser entre autres choses les notes, et non de booster votre signal (il est donc l\u00e0 pour r\u00e9duire les diff\u00e9rences d&rsquo;amplitude entre les notes les plus faibles et les plus fortes).<\/p>\n<h3><\/h3>\n<p>.<\/p>\n<h3>5\/ Ensuite nous arrivons \u00e0\u00a0l\u2019\u00e9tage Distortion et Overdrive<\/h3>\n<p>Il faut bien choisir sa saturation.\u00a0Elle vous donnera votre couleur de son. Elle se choisit de pr\u00e9f\u00e9rence aussi par rapport \u00e0 votre micro.<\/p>\n<p><img loading=\"lazy\" class=\"alignnone wp-image-598\" src=\"http:\/\/www.planetharmonica.com\/NextGen\/wp-content\/uploads\/2016\/11\/lone-wolf-harp-attack_2-150x150.jpg\" width=\"150\" height=\"150\" \/><img loading=\"lazy\" class=\"alignnone wp-image-599\" src=\"http:\/\/www.planetharmonica.com\/NextGen\/wp-content\/uploads\/2016\/11\/lone-wolf-harp-tone.jpg\" width=\"150\" height=\"150\" srcset=\"https:\/\/www.planetharmonica.com\/NextGen\/wp-content\/uploads\/2016\/11\/lone-wolf-harp-tone.jpg 300w, https:\/\/www.planetharmonica.com\/NextGen\/wp-content\/uploads\/2016\/11\/lone-wolf-harp-tone-150x150.jpg 150w\" sizes=\"(max-width: 150px) 100vw, 150px\" \/><\/p>\n<\/div>\n<\/div>\n<\/div>\n<\/div>\n<div class=\"page\" title=\"Page 3\">\n<div class=\"layoutArea\">\n<div class=\"column\">\n<h3>6\/ Ensuite le booster<\/h3>\n<p><img loading=\"lazy\" class=\"alignright wp-image-602\" src=\"http:\/\/www.planetharmonica.com\/NextGen\/wp-content\/uploads\/2016\/11\/7667840_800.jpg\" width=\"138\" height=\"158\" srcset=\"https:\/\/www.planetharmonica.com\/NextGen\/wp-content\/uploads\/2016\/11\/7667840_800.jpg 524w, https:\/\/www.planetharmonica.com\/NextGen\/wp-content\/uploads\/2016\/11\/7667840_800-262x300.jpg 262w\" sizes=\"(max-width: 138px) 100vw, 138px\" \/>Il va booster votre son direct (son ampli clair).<\/p>\n<p>Une chose \u00e0 savoir quand vous r\u00e9glez le volume de votre Distortion ou Overdrive: mettez-vous au m\u00eame volume que votre son direct (son ampli clair). Le booster augmentera votre niveau d\u00e8s que vous passerez en \u201cChorus, solo\u2026\u201d\u00a0(sinon attention \u00e0 l\u2019escalade du son, Larsen, etc).<\/p>\n<h3>7\/ Ensuite arrivent les equalizers et Ultramizer<\/h3>\n<p><img loading=\"lazy\" class=\"alignleft wp-image-600\" src=\"http:\/\/www.planetharmonica.com\/NextGen\/wp-content\/uploads\/2016\/11\/mxr-kfk1-ten-band-equalizer-613013.jpg\" width=\"195\" height=\"155\" srcset=\"https:\/\/www.planetharmonica.com\/NextGen\/wp-content\/uploads\/2016\/11\/mxr-kfk1-ten-band-equalizer-613013.jpg 400w, https:\/\/www.planetharmonica.com\/NextGen\/wp-content\/uploads\/2016\/11\/mxr-kfk1-ten-band-equalizer-613013-300x239.jpg 300w\" sizes=\"(max-width: 195px) 100vw, 195px\" \/>C\u2019est l\u2019equalizer qui donnera la vraie sonorit\u00e9 de votre harmonica et de tout votre syst\u00e8me. C\u2019est lui\u00a0qui g\u00e9rera votre gain d\u2019entr\u00e9e et sortie ampli.<\/p>\n<p>Je parle\u00a0d\u2019equalizer \u00e0 bandes et non d&rsquo;equalizeur param\u00e9trique (10 bandes minimum avec un gain d\u2019 entr\u00e9e et un gain de sortie).<\/p>\n<p>Descendre son gain d\u2019entr\u00e9e et augmenter son gain de sortie.<\/p>\n<h3>8\/ Ensuite arrive l\u2019\u00e9tage d\u2019effets comme les Delay, Chorus, Reverb, Phasing, etc<\/h3>\n<p>Du coup il ne seront pas pris en compte par l\u2019\u00e9qualization.. Ce type d\u2019effet n\u2019a vraiment pas besoin d\u2019\u00eatre equaliz\u00e9 et \u00e7a ne jouera pas sur leur volumesni sur leur son.<\/p>\n<p><img loading=\"lazy\" class=\"alignnone size-full wp-image-626\" src=\"http:\/\/www.planetharmonica.com\/NextGen\/wp-content\/uploads\/2016\/11\/phaseshifter.jpg\" alt=\"\" width=\"150\" height=\"150\" \/><img loading=\"lazy\" class=\"alignnone wp-image-620 size-full\" src=\"http:\/\/www.planetharmonica.com\/NextGen\/wp-content\/uploads\/2016\/11\/delayboss.jpg\" width=\"119\" height=\"150\" \/><\/p>\n<h3>9\/ Ensuite vous entrez\u00a0dans votre ampli<\/h3>\n<p><img loading=\"lazy\" class=\"wp-image-603 alignleft\" src=\"http:\/\/www.planetharmonica.com\/NextGen\/wp-content\/uploads\/2016\/11\/fender-blues-deluxe-reissue-33028.jpg\" width=\"187\" height=\"187\" srcset=\"https:\/\/www.planetharmonica.com\/NextGen\/wp-content\/uploads\/2016\/11\/fender-blues-deluxe-reissue-33028.jpg 1450w, https:\/\/www.planetharmonica.com\/NextGen\/wp-content\/uploads\/2016\/11\/fender-blues-deluxe-reissue-33028-150x150.jpg 150w, https:\/\/www.planetharmonica.com\/NextGen\/wp-content\/uploads\/2016\/11\/fender-blues-deluxe-reissue-33028-300x300.jpg 300w, https:\/\/www.planetharmonica.com\/NextGen\/wp-content\/uploads\/2016\/11\/fender-blues-deluxe-reissue-33028-768x768.jpg 768w, https:\/\/www.planetharmonica.com\/NextGen\/wp-content\/uploads\/2016\/11\/fender-blues-deluxe-reissue-33028-1024x1024.jpg 1024w\" sizes=\"(max-width: 187px) 100vw, 187px\" \/>Le nombre et le type de HP (haut-parleur) est important.<\/p>\n<\/div>\n<\/div>\n<\/div>\n<div class=\"page\" title=\"Page 4\">\n<div class=\"layoutArea\">\n<div class=\"column\">\n<p>Selon le son recherch\u00e9, essayez d\u2019\u00eatre le plus droit possible sur l\u2019\u00e9qualization de votre ampli\u00a0(son clair et Basse, Medium et Aigu au milieu).<\/p>\n<p>&nbsp;<\/p>\n<h3><\/h3>\n<p>.<\/p>\n<h3>10\/ Si vous utilisez un anti larsen type\u00a0Harp Shield de chez Lonewolfblues<\/h3>\n<p><img loading=\"lazy\" class=\"wp-image-624 size-full alignnone\" src=\"http:\/\/www.planetharmonica.com\/NextGen\/wp-content\/uploads\/2016\/11\/shieldM.jpg\" width=\"116\" height=\"150\" \/>Il sera plac\u00e9 entre votre compresseur et vos p\u00e9dales\u00a0\u201cdites d\u2019expression\u201d.<\/p>\n<\/div>\n<\/div>\n<\/div>\n<\/div>\n<\/div>\n<\/div>\n<p>&nbsp;<\/p>\n<p>Marko Balland<br \/>\n<a href=\"http:\/\/www.markoballand.com\/\" target=\"_blank\">http:\/\/www.markoballand.com\/<\/a><\/p>\n<p><img loading=\"lazy\" class=\"alignnone size-full wp-image-826\" src=\"http:\/\/www.planetharmonica.com\/NextGen\/wp-content\/uploads\/2016\/11\/main_image_manji.jpg\" alt=\"\" width=\"136\" height=\"264\" \/><\/p>\n","protected":false},"excerpt":{"rendered":"<p class=\"text-justify mb-2\" >Le Matos de Marko Pr\u00e9ambule Cela fait \u00e0 peu pr\u00e8s vingt ans que j\u2019utilise des effets guitare. J\u2019ai eu le d\u00e9clic quand j\u2019ai enregistr\u00e9\u00a0mon album en hommage \u00e0 J. Hendrix. J\u2019utilisais \u00e0 l\u2019\u00e9poque les m\u00eames effets que Jimi (Marshall t\u00eate d&rsquo;ampli type Plexi, deux baffles [&hellip;]<\/p>\n","protected":false},"author":2,"featured_media":0,"parent":30,"menu_order":0,"comment_status":"closed","ping_status":"closed","template":"","meta":[],"_links":{"self":[{"href":"https:\/\/www.planetharmonica.com\/NextGen\/wp-json\/wp\/v2\/pages\/44"}],"collection":[{"href":"https:\/\/www.planetharmonica.com\/NextGen\/wp-json\/wp\/v2\/pages"}],"about":[{"href":"https:\/\/www.planetharmonica.com\/NextGen\/wp-json\/wp\/v2\/types\/page"}],"author":[{"embeddable":true,"href":"https:\/\/www.planetharmonica.com\/NextGen\/wp-json\/wp\/v2\/users\/2"}],"replies":[{"embeddable":true,"href":"https:\/\/www.planetharmonica.com\/NextGen\/wp-json\/wp\/v2\/comments?post=44"}],"version-history":[{"count":45,"href":"https:\/\/www.planetharmonica.com\/NextGen\/wp-json\/wp\/v2\/pages\/44\/revisions"}],"predecessor-version":[{"id":827,"href":"https:\/\/www.planetharmonica.com\/NextGen\/wp-json\/wp\/v2\/pages\/44\/revisions\/827"}],"up":[{"embeddable":true,"href":"https:\/\/www.planetharmonica.com\/NextGen\/wp-json\/wp\/v2\/pages\/30"}],"wp:attachment":[{"href":"https:\/\/www.planetharmonica.com\/NextGen\/wp-json\/wp\/v2\/media?parent=44"}],"curies":[{"name":"wp","href":"https:\/\/api.w.org\/{rel}","templated":true}]}}