{"id":400,"date":"2017-01-15T11:19:46","date_gmt":"2017-01-15T10:19:46","guid":{"rendered":"http:\/\/www.planetharmonica.com\/NextGen\/?page_id=400"},"modified":"2017-02-14T21:26:33","modified_gmt":"2017-02-14T20:26:33","slug":"irealpro","status":"publish","type":"page","link":"https:\/\/www.planetharmonica.com\/NextGen\/fr\/methodes\/irealpro\/","title":{"rendered":"Logiciel iRealPro"},"content":{"rendered":"<h1><strong>iRealPro: un outil d&rsquo;aide \u00e0 l&rsquo;apprentissage de l&rsquo;improvisation<\/strong><\/h1>\n<p>L&rsquo;informatique a clairement apport\u00e9 des outils qui facilitent \u00e9norm\u00e9ment l&rsquo;apprentissage de la musique.<\/p>\n<p>Avant les apprentis jazzmen qui souhaitaient bosser leurs gammes avec un accompagnement se servaient des fameux livres + CD (ou K7 avant) Aebersold. Chaque livre \u00ab\u00a0traite\u00a0\u00bb d&rsquo;un th\u00e8me et propose les backing tracks associ\u00e9s. Par exemple le livre sur les II-V-I proposaient quelques pistes d&rsquo;utilisation de gammes et le CD proposait des accompagnements dans toutes les tonalit\u00e9s.<\/p>\n<p>C&rsquo;\u00e9tait d\u00e9j\u00e0 quelque-chose de tr\u00e8s utile. Mais l&rsquo;apprenti jazzman pouvait parfois se retrouver perdu dans les grilles des backing tracks. Et bien entendu, il devait se contenter des grilles, styles\u00a0et tempos choisis par Aebersold.<\/p>\n<p>Aujourd&rsquo;hui de nombreuses applications permettent de travailler nos gammes avec beaucoup plus de souplesse et de facilit\u00e9.<\/p>\n<p>iRealPro est une application existant sur toutes les plateformes (iPhone, iPad, Android, mais aussi Mac et PC) permettant de saisir n&rsquo;importe quelle grille et de la jouer avec un choix (limit\u00e9) de styles. Gr\u00e2ce au forum associ\u00e9, on a tr\u00e8s facilement acc\u00e8s \u00e0 tous les standards du Jazz, de la Pop et du Rock. Attention, seules les grilles d&rsquo;accords sont accessibles, les m\u00e9lodies ne sont pas fournies (pour cause de droits d&rsquo;auteurs tr\u00e8s certainement).<\/p>\n<p>En plus de la fonction de playback, iRealPro permet aussi d&rsquo;afficher \u00e0 l&rsquo;\u00e9cran la composition de l&rsquo;accord courant ainsi que les gammes propos\u00e9es pour improviser sur celui-ci. Il y a g\u00e9n\u00e9ralement plusieurs gammes propos\u00e9es (par exemple X dorien et X bepob mineure sur un Xm6).<\/p>\n<p>Bien entendu, on peut faire varier le tempo et le nombre de grilles \u00e0 r\u00e9p\u00e9ter. On peut m\u00eame mixer le volume des diff\u00e9rents instruments d&rsquo;accompagnement.<\/p>\n<p><img loading=\"lazy\" class=\"alignnone size-full wp-image-408\" src=\"http:\/\/www.planetharmonica.com\/NextGen\/wp-content\/uploads\/2017\/01\/iRealProMac.jpg\" alt=\"\" width=\"600\" height=\"345\" srcset=\"https:\/\/www.planetharmonica.com\/NextGen\/wp-content\/uploads\/2017\/01\/iRealProMac.jpg 600w, https:\/\/www.planetharmonica.com\/NextGen\/wp-content\/uploads\/2017\/01\/iRealProMac-300x173.jpg 300w\" sizes=\"(max-width: 600px) 100vw, 600px\" \/><\/p>\n<p>Les styles propos\u00e9s restent des styles midi (on est loin des RealTracks de Band in a Box) mais ils restent tr\u00e8s corrects et sont parfaits pour une s\u00e9ance de travail.<\/p>\n<p>De m\u00eame, contrairement \u00e0 BiaB, il n&rsquo;y a pas de fonction \u00ab\u00a0soliste\u00a0\u00bb (exemple d&rsquo;improvisation g\u00e9n\u00e9r\u00e9 \u00e0 la vol\u00e9e). Cette fonctionnalit\u00e9 peut \u00eatre int\u00e9ressante pour s&rsquo;inspirer d&rsquo;un exemple.<\/p>\n<p>Mais le prix de l&rsquo;application est extr\u00eamement faible par rapport \u00e0 BiaB.<\/p>\n<p>En r\u00e9sum\u00e9, iRealPro est un outils particuli\u00e8rement pratique pour travailler ses gammes et ses improvisations. Par contre, il faudra se tourner vers Band in a Box si on souhaite produire des playbacks sur lesquels enregistrer nos improvisations avec un bon rendu.<\/p>\n<p>Laurent Vigouroux<\/p>\n","protected":false},"excerpt":{"rendered":"<p class=\"text-justify mb-2\" >iRealPro: un outil d&rsquo;aide \u00e0 l&rsquo;apprentissage de l&rsquo;improvisation L&rsquo;informatique a clairement apport\u00e9 des outils qui facilitent \u00e9norm\u00e9ment l&rsquo;apprentissage de la musique. Avant les apprentis jazzmen qui souhaitaient bosser leurs gammes avec un accompagnement se servaient des fameux livres + CD (ou K7 avant) Aebersold. Chaque [&hellip;]<\/p>\n","protected":false},"author":2,"featured_media":0,"parent":34,"menu_order":0,"comment_status":"closed","ping_status":"closed","template":"","meta":[],"_links":{"self":[{"href":"https:\/\/www.planetharmonica.com\/NextGen\/wp-json\/wp\/v2\/pages\/400"}],"collection":[{"href":"https:\/\/www.planetharmonica.com\/NextGen\/wp-json\/wp\/v2\/pages"}],"about":[{"href":"https:\/\/www.planetharmonica.com\/NextGen\/wp-json\/wp\/v2\/types\/page"}],"author":[{"embeddable":true,"href":"https:\/\/www.planetharmonica.com\/NextGen\/wp-json\/wp\/v2\/users\/2"}],"replies":[{"embeddable":true,"href":"https:\/\/www.planetharmonica.com\/NextGen\/wp-json\/wp\/v2\/comments?post=400"}],"version-history":[{"count":9,"href":"https:\/\/www.planetharmonica.com\/NextGen\/wp-json\/wp\/v2\/pages\/400\/revisions"}],"predecessor-version":[{"id":850,"href":"https:\/\/www.planetharmonica.com\/NextGen\/wp-json\/wp\/v2\/pages\/400\/revisions\/850"}],"up":[{"embeddable":true,"href":"https:\/\/www.planetharmonica.com\/NextGen\/wp-json\/wp\/v2\/pages\/34"}],"wp:attachment":[{"href":"https:\/\/www.planetharmonica.com\/NextGen\/wp-json\/wp\/v2\/media?parent=400"}],"curies":[{"name":"wp","href":"https:\/\/api.w.org\/{rel}","templated":true}]}}