{"id":310,"date":"2016-11-22T21:46:47","date_gmt":"2016-11-22T20:46:47","guid":{"rendered":"http:\/\/www.planetharmonica.com\/NextGen\/?page_id=310"},"modified":"2018-07-08T08:50:26","modified_gmt":"2018-07-08T06:50:26","slug":"contributeurs","status":"publish","type":"page","link":"https:\/\/www.planetharmonica.com\/NextGen\/fr\/contributeurs\/","title":{"rendered":"Contributeurs"},"content":{"rendered":"<p>R\u00e9dacteur en chef: Laurent Vigouroux<\/p>\n<p><img loading=\"lazy\" class=\"wp-image-769 size-thumbnail alignleft\" src=\"http:\/\/www.planetharmonica.com\/NextGen\/wp-content\/uploads\/2016\/11\/PhotoLaurent-150x150.jpg\" width=\"150\" height=\"150\" srcset=\"https:\/\/www.planetharmonica.com\/NextGen\/wp-content\/uploads\/2016\/11\/PhotoLaurent-150x150.jpg 150w, https:\/\/www.planetharmonica.com\/NextGen\/wp-content\/uploads\/2016\/11\/PhotoLaurent-300x300.jpg 300w, https:\/\/www.planetharmonica.com\/NextGen\/wp-content\/uploads\/2016\/11\/PhotoLaurent-768x768.jpg 768w, https:\/\/www.planetharmonica.com\/NextGen\/wp-content\/uploads\/2016\/11\/PhotoLaurent.jpg 960w\" sizes=\"(max-width: 150px) 100vw, 150px\" \/>Pur amateur, Laurent navigue dans le monde virtuel de l&rsquo;harmonica depuis 20 ans. Il a aid\u00e9\u00a0le cr\u00e9ateur de Planet Harmonica (Benoit Felten) pendant la premi\u00e8re vie du magazine puis a repris le r\u00eanes pour la nouvelle version.<\/p>\n<p>&nbsp;<\/p>\n<p>&nbsp;<\/p>\n<p>R\u00e9dacteur: J\u00e9r\u00f4me Peyrelevade<\/p>\n<p><img loading=\"lazy\" class=\"wp-image-812 size-full alignleft\" src=\"http:\/\/www.planetharmonica.com\/NextGen\/wp-content\/uploads\/2016\/11\/11-150px.jpg\" width=\"150\" height=\"150\" \/>Harmoniciste Jazz, Funk et Musiques du Monde,\u00a0J\u00e9r\u00f4me est \u00e9galement le r\u00e9dacteur du blog r\u00e9f\u00e9rence du jeu chromatique au diatonique theoverblows.com.<\/p>\n<p>&nbsp;<\/p>\n<p>&nbsp;<\/p>\n<p>&nbsp;<\/p>\n<p>R\u00e9dacteur P\u00e9dagogie: Laurent Rinaldi<\/p>\n<p><img loading=\"lazy\" class=\"wp-image-774 size-thumbnail alignleft\" src=\"http:\/\/www.planetharmonica.com\/NextGen\/wp-content\/uploads\/2016\/11\/LaurentRinaldi-150x150.jpg\" width=\"150\" height=\"150\" \/>Musicien (bassiste), compositeur, arrangeur, chanteur, Laurent Rinaldi a toujours eu un tr\u00e8s fort attrait pour les instruments \u00e0 anches libres ce qui l&rsquo;a amen\u00e9 \u00e0 \u00e9crire pour l&rsquo;harmonica et l&rsquo;accord\u00e9on, et \u00e0 jouer de l&rsquo;harmonica chromatique. Il veille \u00e9galement au\u00a0partage et \u00e0 la transmission \u00e0 travers les cours, les stages et les interventions en milieu scolaire.<\/p>\n<p>&nbsp;<\/p>\n<p>R\u00e9dacteur Matos: Marko Balland<\/p>\n<p><img loading=\"lazy\" class=\"alignleft wp-image-823 size-thumbnail\" src=\"http:\/\/www.planetharmonica.com\/NextGen\/wp-content\/uploads\/2016\/11\/16754251_10155876397474966_49233929_n-2-150x150.jpg\" width=\"150\" height=\"150\" \/>Bluesman qui s&rsquo;est illustr\u00e9 dans le Rock, connu pour son son satur\u00e9.<\/p>\n<p>&nbsp;<\/p>\n<p>&nbsp;<\/p>\n<p>&nbsp;<\/p>\n<p>&nbsp;<\/p>\n<p>Cr\u00e9ateur et r\u00e9dacteur critiques albums: Benoit Felten<\/p>\n<p><img loading=\"lazy\" class=\"alignleft size-thumbnail wp-image-863\" src=\"http:\/\/www.planetharmonica.com\/NextGen\/wp-content\/uploads\/2016\/11\/14495409_708528829304647_4740822045160048091_n-150x150.jpg\" alt=\"\" width=\"150\" height=\"150\" srcset=\"https:\/\/www.planetharmonica.com\/NextGen\/wp-content\/uploads\/2016\/11\/14495409_708528829304647_4740822045160048091_n-150x150.jpg 150w, https:\/\/www.planetharmonica.com\/NextGen\/wp-content\/uploads\/2016\/11\/14495409_708528829304647_4740822045160048091_n-300x300.jpg 300w, https:\/\/www.planetharmonica.com\/NextGen\/wp-content\/uploads\/2016\/11\/14495409_708528829304647_4740822045160048091_n-768x768.jpg 768w, https:\/\/www.planetharmonica.com\/NextGen\/wp-content\/uploads\/2016\/11\/14495409_708528829304647_4740822045160048091_n.jpg 960w\" sizes=\"(max-width: 150px) 100vw, 150px\" \/>Cr\u00e9ateur de Planet Harmonica dans les ann\u00e9es 90, Benoit est un blogger reconnu dans le monde culturel et technique.<\/p>\n<p>&nbsp;<\/p>\n<p>&nbsp;<\/p>\n<p>&nbsp;<\/p>\n<p>Traducteur: Francois Morcrette<\/p>\n<p><a href=\"http:\/\/www.planetharmonica.com\/NextGen\/wp-content\/uploads\/2016\/11\/IMG_1506.jpg\"><img loading=\"lazy\" class=\"wp-image-897 size-thumbnail alignleft\" src=\"http:\/\/www.planetharmonica.com\/NextGen\/wp-content\/uploads\/2016\/11\/IMG_1506-150x150.jpg\" alt=\"\" width=\"150\" height=\"150\" srcset=\"https:\/\/www.planetharmonica.com\/NextGen\/wp-content\/uploads\/2016\/11\/IMG_1506-150x150.jpg 150w, https:\/\/www.planetharmonica.com\/NextGen\/wp-content\/uploads\/2016\/11\/IMG_1506-300x300.jpg 300w, https:\/\/www.planetharmonica.com\/NextGen\/wp-content\/uploads\/2016\/11\/IMG_1506-768x768.jpg 768w, https:\/\/www.planetharmonica.com\/NextGen\/wp-content\/uploads\/2016\/11\/IMG_1506-1024x1024.jpg 1024w, https:\/\/www.planetharmonica.com\/NextGen\/wp-content\/uploads\/2016\/11\/IMG_1506.jpg 1080w\" sizes=\"(max-width: 150px) 100vw, 150px\" \/><\/a><\/p>\n<p>Amateur int\u00e9gral mais motiv\u00e9, Fran\u00e7ois s\u2019obstine \u00e0 pratiquer l\u2019harmonica depuis que ses parents lui en ont offert un pour ses treize ans. Sa pers\u00e9v\u00e9rance exemplaire fait le d\u00e9sespoir de ses professeurs et de sa famille. Il rejoint l\u2019\u00e9quipe de Planet Harmonica, notamment pour assurer la traduction des articles pour la version anglaise du magazine.<\/p>\n<p>&nbsp;<\/p>\n<p>&nbsp;<\/p>\n<p>Interviewer: Patrice Rayon<\/p>\n<p><a href=\"http:\/\/www.planetharmonica.com\/NextGen\/wp-content\/uploads\/2018\/07\/36434307_1747092791992599_5263940445150380032_n.jpg\"><img loading=\"lazy\" class=\"size-thumbnail wp-image-1572 alignleft\" src=\"http:\/\/www.planetharmonica.com\/NextGen\/wp-content\/uploads\/2018\/07\/36434307_1747092791992599_5263940445150380032_n-150x150.jpg\" alt=\"\" width=\"150\" height=\"150\" \/><\/a>Pur amateur, Patrice est pr\u00e9sent\u00e9 par certains comme un \u00ab\u00a0globe trotter infatigable de l&rsquo;harmonica\u00a0\u00bb. Il a cr\u00e9\u00e9 le site harmonicacontact qui ouvre des fen\u00eatres sur l&rsquo;univers de l&rsquo;harmonica comme pour r\u00e9pondre au d\u00e9fit d&rsquo;aider \u00e0 sa reconnaissance, sa pr\u00e9servation et son avancement et est \u00e0 l&rsquo;origine des agendas \u00e9v\u00e9nementiel francophones et mondial d&rsquo;harmonica.<\/p>\n","protected":false},"excerpt":{"rendered":"<p class=\"text-justify mb-2\" >R\u00e9dacteur en chef: Laurent Vigouroux Pur amateur, Laurent navigue dans le monde virtuel de l&rsquo;harmonica depuis 20 ans. Il a aid\u00e9\u00a0le cr\u00e9ateur de Planet Harmonica (Benoit Felten) pendant la premi\u00e8re vie du magazine puis a repris le r\u00eanes pour la nouvelle version. &nbsp; &nbsp; R\u00e9dacteur: [&hellip;]<\/p>\n","protected":false},"author":2,"featured_media":0,"parent":0,"menu_order":0,"comment_status":"closed","ping_status":"closed","template":"","meta":[],"_links":{"self":[{"href":"https:\/\/www.planetharmonica.com\/NextGen\/wp-json\/wp\/v2\/pages\/310"}],"collection":[{"href":"https:\/\/www.planetharmonica.com\/NextGen\/wp-json\/wp\/v2\/pages"}],"about":[{"href":"https:\/\/www.planetharmonica.com\/NextGen\/wp-json\/wp\/v2\/types\/page"}],"author":[{"embeddable":true,"href":"https:\/\/www.planetharmonica.com\/NextGen\/wp-json\/wp\/v2\/users\/2"}],"replies":[{"embeddable":true,"href":"https:\/\/www.planetharmonica.com\/NextGen\/wp-json\/wp\/v2\/comments?post=310"}],"version-history":[{"count":29,"href":"https:\/\/www.planetharmonica.com\/NextGen\/wp-json\/wp\/v2\/pages\/310\/revisions"}],"predecessor-version":[{"id":1578,"href":"https:\/\/www.planetharmonica.com\/NextGen\/wp-json\/wp\/v2\/pages\/310\/revisions\/1578"}],"wp:attachment":[{"href":"https:\/\/www.planetharmonica.com\/NextGen\/wp-json\/wp\/v2\/media?parent=310"}],"curies":[{"name":"wp","href":"https:\/\/api.w.org\/{rel}","templated":true}]}}