{"id":30,"date":"2016-11-13T20:32:16","date_gmt":"2016-11-13T19:32:16","guid":{"rendered":"http:\/\/www.planetharmonica.com\/NextGen\/?page_id=30"},"modified":"2017-02-12T22:31:28","modified_gmt":"2017-02-12T21:31:28","slug":"matos","status":"publish","type":"page","link":"https:\/\/www.planetharmonica.com\/NextGen\/fr\/matos\/","title":{"rendered":"Matos"},"content":{"rendered":"<h1><strong>Le coin Matos<\/strong><\/h1>\n<p>Pour ce num\u00e9ro, Marko Balland nous parle de son exp\u00e9rience sur le cha\u00eenage des effets :<\/p>\n<p><a href=\"http:\/\/www.planetharmonica.com\/fr\/matos\/le-matos-de-marko\/\">Le Matos de Marko<\/a><\/p>\n","protected":false},"excerpt":{"rendered":"<p class=\"text-justify mb-2\" >Le coin Matos Pour ce num\u00e9ro, Marko Balland nous parle de son exp\u00e9rience sur le cha\u00eenage des effets : Le Matos de Marko<\/p>\n","protected":false},"author":2,"featured_media":0,"parent":0,"menu_order":0,"comment_status":"closed","ping_status":"closed","template":"","meta":[],"_links":{"self":[{"href":"https:\/\/www.planetharmonica.com\/NextGen\/wp-json\/wp\/v2\/pages\/30"}],"collection":[{"href":"https:\/\/www.planetharmonica.com\/NextGen\/wp-json\/wp\/v2\/pages"}],"about":[{"href":"https:\/\/www.planetharmonica.com\/NextGen\/wp-json\/wp\/v2\/types\/page"}],"author":[{"embeddable":true,"href":"https:\/\/www.planetharmonica.com\/NextGen\/wp-json\/wp\/v2\/users\/2"}],"replies":[{"embeddable":true,"href":"https:\/\/www.planetharmonica.com\/NextGen\/wp-json\/wp\/v2\/comments?post=30"}],"version-history":[{"count":4,"href":"https:\/\/www.planetharmonica.com\/NextGen\/wp-json\/wp\/v2\/pages\/30\/revisions"}],"predecessor-version":[{"id":797,"href":"https:\/\/www.planetharmonica.com\/NextGen\/wp-json\/wp\/v2\/pages\/30\/revisions\/797"}],"wp:attachment":[{"href":"https:\/\/www.planetharmonica.com\/NextGen\/wp-json\/wp\/v2\/media?parent=30"}],"curies":[{"name":"wp","href":"https:\/\/api.w.org\/{rel}","templated":true}]}}