{"id":2509,"date":"2025-08-24T18:22:57","date_gmt":"2025-08-24T16:22:57","guid":{"rendered":"https:\/\/www.planetharmonica.com\/NextGen\/?page_id=2509"},"modified":"2025-09-11T21:15:18","modified_gmt":"2025-09-11T19:15:18","slug":"lecole-lardent-music-harmonica","status":"publish","type":"page","link":"https:\/\/www.planetharmonica.com\/NextGen\/en\/lecole-lardent-music-harmonica\/","title":{"rendered":"Ecole d&rsquo;Harmonica Diatonique en ligne"},"content":{"rendered":"\n<h2><i class=\"fas fa-pencil-alt\"> <\/i><span>L\u2019\u00e9cole l&rsquo;Ardent Music Harmonica<\/h2>\n\n\n\n<p><a href=\"https:\/\/patreon.com\/u83890772?utm_medium=clipboard_copy&amp;utm_source=copyLink&amp;utm_campaign=creatorshare_fan&amp;utm_content=join_link\"><strong>Accessible sur Patreon<\/strong><\/a><\/p>\n\n\n\n<figure class=\"wp-block-image size-large\"><img loading=\"lazy\" width=\"1024\" height=\"574\" src=\"https:\/\/www.planetharmonica.com\/NextGen\/wp-content\/uploads\/2025\/08\/Screenshot-2025-08-24-at-19.16.00-1024x574.jpg\" alt=\"\" class=\"wp-image-2530\" srcset=\"https:\/\/www.planetharmonica.com\/NextGen\/wp-content\/uploads\/2025\/08\/Screenshot-2025-08-24-at-19.16.00-1024x574.jpg 1024w, https:\/\/www.planetharmonica.com\/NextGen\/wp-content\/uploads\/2025\/08\/Screenshot-2025-08-24-at-19.16.00-300x168.jpg 300w, https:\/\/www.planetharmonica.com\/NextGen\/wp-content\/uploads\/2025\/08\/Screenshot-2025-08-24-at-19.16.00-768x430.jpg 768w, https:\/\/www.planetharmonica.com\/NextGen\/wp-content\/uploads\/2025\/08\/Screenshot-2025-08-24-at-19.16.00-1536x861.jpg 1536w, https:\/\/www.planetharmonica.com\/NextGen\/wp-content\/uploads\/2025\/08\/Screenshot-2025-08-24-at-19.16.00-2048x1148.jpg 2048w\" sizes=\"(max-width: 1024px) 100vw, 1024px\" \/><\/figure>\n\n\n\n<p>L\u2019harmonica diatonique est un des rares instruments \u00e0 avoir connu une r\u00e9volution ces derni\u00e8res d\u00e9cennies. D\u2019instrument diatonique quasiment r\u00e9serv\u00e9 aux musiques traditionnelles et au blues, avec quelques incursions dans le rock et la pop, il est devenu totalement chromatique avec la popularisation des overblows. Cela lui ouvre compl\u00e8tement aujourd\u2019hui absolument tous les registres, du jazz fusion au classique.<\/p>\n\n\n\n<p>Cette \u00e9volution s\u2019est but\u00e9e pendant une vingtaine d\u2019ann\u00e9es \u00e0 la traditionnelle bataille des anciens contre les modernes. Les uns disant qu\u2019il n\u2019\u00e9tait pas possible de jouer des m\u00e9lodies comprenant des overblows (voir m\u00eame certaines alt\u00e9rations), les autres \u2026 jouant ces m\u00eames m\u00e9lodies sans probl\u00e8me \ud83d\ude42<\/p>\n\n\n\n<p>La pierre angulaire de cette r\u00e9volution est clairement la d\u00e9couverte, la th\u00e9orisation et la mise en pratique par S\u00e9bastien Charlier des 4 positions de langue qui permettent de jouer l\u2019ensemble des notes de la gamme chromatique sur un harmonica diatonique. S\u00e9bastien en a fait un \u00ab&nbsp;Cahier de l\u2019Harmonica&nbsp;\u00bb d\u00e9di\u00e9 dont vous pouvez lire la critique ici:: <a href=\"https:\/\/www.planetharmonica.com\/NextGen\/fr\/le-guide-complet-des-alteration-de-sebastien-charlier\/\">https:\/\/www.planetharmonica.com\/NextGen\/fr\/le-guide-complet-des-alteration-de-sebastien-charlier\/<\/a>).<\/p>\n\n\n\n<p>Cette m\u00e9thode r\u00e9v\u00e8le toutes les techniques n\u00e9cessaires et nous encourageons tout harmoniciste, quel que soit son niveau, \u00e0 l\u2019acqu\u00e9rir. De m\u00eame, nous encourageons ces m\u00eames harmonicistes \u00e0 assister au moins une fois \u00e0 un des fameux stages Diato anim\u00e9s par les ma\u00eetres S\u00e9bastien Charlier et J\u00e9r\u00f4me Peyrelevade. C\u2019est \u2026 d\u00e9coiffant et quasiment tous les \u00e9l\u00e8ves en ressortent transform\u00e9s.<\/p>\n\n\n\n<p>Mais que faire si on ne peut\/souhaite pas aller \u00e0 ces stages et qu\u2019on a besoin d\u2019\u00eatre accompagn\u00e9s? Et bien Yoann l\u2019Ardent a pens\u00e9 \u00e0 vous!!<\/p>\n\n\n\n<p>Yoann est un harmoniciste de talent qui a creus\u00e9 toutes ces techniques et qui vous propose de vous accompagner avec comp\u00e9tence et humour dans votre apprentissage. Un peu comme si votre pote harmoniciste vous donnait des cours dans votre salon!<\/p>\n\n\n\n<p>Son \u00e9cole digitale se compose de plusieurs vid\u00e9os regroup\u00e9es en 4 chapitres et 3 niveaux d\u2019abonnement. <\/p>\n\n\n\n<p>CHAP 1 Construction de l&rsquo;Harmonica: comment est construit l\u2019harmonica diatonique, quelles sont les notes qu\u2019on peut obtenir, quelle est la diff\u00e9rence avec un harmonica chromatique, comment fonctionnent les overblows\/overdraws sur l&rsquo;instument.  <\/p>\n\n\n\n<p>CHAP 2 Technique Instrumentale: comment obtenir toutes les notes sur l&rsquo;harmonica diatonique gr\u00e2ce aux fameuses 4 positions de langue, comment produire les diff\u00e9rents effets (vibratos, tongue blocking, multi over, etc)<\/p>\n\n\n\n<p>CHAP 3 Th\u00e9orie Musicale \/ Harmonie \/ Analyse: comprendre le langage musical et son fonctionnement.<\/p>\n\n\n\n<p>CHAP 4 R\u00e9pertoire\/Vocabulaire: comment jouer ces morceaux cl\u00e9s de notre culture musicale,et comment construire un vocabulaire pour pouvoir s\u2019exprimer en improvisation.<\/p>\n\n\n\n<p>Chaque niveau d\u2019abonnement (D\u00e9butant, Loisir, Premium) propose un enrichissement progressif du contenu p\u00e9dagogique, des outils techniques et th\u00e9oriques, ainsi que diff\u00e9rents avantages. Les live mensuels, les bonus mat\u00e9riels, et les perspectives sur la communaut\u00e9 et la pratique collective sont de plus en plus \u00e9toff\u00e9s \u00e0 mesure qu\u2019on monte en niveau.<\/p>\n\n\n\n<p>Voici une synth\u00e8se de l\u2019offre (telle que disponible en ao\u00fbt 2025):<\/p>\n\n\n\n<figure class=\"wp-block-table\"><table><tbody><tr><td><strong>Niveau<\/strong><\/td><td><strong>Prix Hors Taxe (\u20ac\/mois)<\/strong><\/td><td><strong>Contenu principal<\/strong><\/td><td><strong>Bonus abonnement semestriel<\/strong><\/td><td><strong>Bonus abonnement annuel<\/strong><\/td><\/tr><tr><td>D\u00e9butant<\/td><td>14,50<\/td><td>~180 min : bases fondamentales<br>&nbsp;<br>5% de r\u00e9duction sur les cours particuliers (places limit\u00e9es)<\/td><td>Abonnement DIATO MAG<\/td><td>Harmonica Hohner Golden Melody\/Marine Band\/Special 20 avec choix de tonalit\u00e9 + l&rsquo;ouvrage Les 100 questions du Ruine-Babines, Hors-s\u00e9rie de la collection Les Cahiers de l&rsquo;Harmonica&nbsp;<\/td><\/tr><tr><td>Loisir<\/td><td>25,50<\/td><td>~210 min suppl\u00e9mentaires<br><br>&nbsp;10% de r\u00e9duction sur les cours particuliers (places limit\u00e9es)<\/td><td>Une m\u00e9thode les Cahier de l\u2019harmonica au choix<\/td><td>Harmonica ARKIA SIGNATURE ou BRODUR BLANC BRESIL en Do accord\u00e9 en Lydien (valeur 180\u20ac)<\/td><\/tr><tr><td>Premium<\/td><td>40,00<\/td><td>~330 min++ (total &gt;10h), <br><br>+ Live mensuel<br>+Interview des Ma\u00eetres<br>+Questions-r\u00e9ponses en direct<br>+Communaut\u00e9 priv\u00e9e<br><br>15% de r\u00e9duction sur le tarif des cours particuliers (places limit\u00e9es)<br><br><\/td><td>Cahier de l\u2019harmonica R\u00e9glage de l&rsquo;harmonica Diatonique de J\u00e9r\u00f4me Peyrelevade + le Stylo graveur pour proc\u00e9der<br><\/td><td><br>Harmonica ARKIA SIGNATURE ou BRODUR BLANC BRESIL en Do accord\u00e9 en Lydien (valeur 180\u20ac)<\/td><\/tr><\/tbody><\/table><\/figure>\n\n\n\n<p>Nous avons visionn\u00e9 un certain nombre de vid\u00e9os repr\u00e9sentatives et nous avons pu en appr\u00e9cier le contenu. Un premier point important, Yoann maitrise r\u00e9ellement le diatonique et joue chromatiquement de fa\u00e7on fluide. Cela pourrait sembler \u00e9trange de pr\u00e9ciser cela, mais force est de constater que c&rsquo;est une qualit\u00e9 qui est tr\u00e8s loin d&rsquo;\u00eatre si r\u00e9pandue que \u00e7a. <\/p>\n\n\n\n<p>Ses explications sont claires et parsem\u00e9es de notes d&rsquo;humour tr\u00e8s appr\u00e9ciables. Yoann n&rsquo;h\u00e9site pas \u00e0  \u00ab&nbsp;chanter&nbsp;\u00bb \u00e0 la voix d\u2019abord des th\u00e8mes comme Smoke on the water ou Misirlou (le th\u00e8me de Pulp Fiction\/Taxi), \u00e0 faire des mini apart\u00e9s avec un ami imaginaire, \u00e0 imiter De Niro ou faire preuve d&rsquo;auto-d\u00e9rision. Cela ajoute une touche particuli\u00e8rement agr\u00e9able \u00e0 un contenu clair mais dense.<\/p>\n\n\n\n<p>Sans s&rsquo;\u00e9tendre trop longuement au niveau de l&rsquo;harmonie lorsqu&rsquo;il explique comment jouer les morceaux iconiques, Yoann est toujours pr\u00e9cis au niveau th\u00e9orie musicale (pas de raccourcis malheureux) et renvoie \u00e0 la vid\u00e9o expliquant de fa\u00e7on compl\u00e8te la th\u00e9orie associ\u00e9e. <\/p>\n\n\n\n<p>Les vid\u00e9os des diff\u00e9rents chapitres s&rsquo;imbriquent donc bien et il n&rsquo;est pas n\u00e9cessaire d&rsquo;avoir \u00e9tudi\u00e9 le chapitre 3 (th\u00e9orie) pour prendre plaisir avec le chapitre 4 (r\u00e9pertoire).<\/p>\n\n\n\n<p>Le chapitre 2, d&rsquo;une importance majeure, pr\u00e9sente en d\u00e9tails les 4 positions de langues qui permettent de jouer l&rsquo;ensemble des notes de la gamme chromatique sur notre cher diatonique. Ce chapitre est \u00e0 notre avis le coeur de ce cours. Yoann s&rsquo;appuie sur le Cahier de l&rsquo;Harmonica Le Guide Complet de l&rsquo;Alt\u00e9ration de S\u00e9bastien Charlier et d\u00e9cortique chacune des positions en illustrant visuellement et oralement les informations donn\u00e9es dans la m\u00e9thode. C&rsquo;est un compl\u00e9ment fort int\u00e9ressant au cahier.<\/p>\n\n\n\n<p>L&rsquo;ensemble de ce cours d&rsquo;harmonica diatonique et de musique (car il s&rsquo;agit bien ici d&rsquo;enseigner les deux) est extr\u00eamement complet et bien pens\u00e9: progressif, ludique, th\u00e9orique et pratique. Il va certainement encore s&rsquo;enrichir dans les mois qui viennent. Des vid\u00e9os de r\u00e9glage sont d\u00e9j\u00e0 pr\u00e9vues. Nous aimerions potentiellement que des playbacks et des pdf donnant les points cl\u00e9s de certaines videos soient ajout\u00e9s, cela pourrait repr\u00e9senter un compl\u00e9ment p\u00e9dagogique int\u00e9ressant. En discutant avec Yoann, il nous confirme que ces ajouts sont pr\u00e9vus prochainement, ainsi que du contenu suppl\u00e9mentaire dans les chapitres existant et m\u00eame un nouveau chapitre, qui reste secret pour le moment mais qui sera fondamental. Les diff\u00e9rents niveaux d&rsquo;abonnement b\u00e9n\u00e9ficieront bien entendu automatiquement des ajouts auxquels ils ont droit. <\/p>\n\n\n\n<p> Ce cours n&rsquo;a pas d&rsquo;\u00e9quivalent \u00e0 notre connaissance, y compris dans le monde anglophone. A conseiller aux diatoniciens de tous niveaux, d&rsquo;autant plus qu&rsquo;une offre de lancement \u00e0 moiti\u00e9 prix est propos\u00e9e en septembre 2025 !<\/p>\n\n\n\n<p>Pour s&rsquo;abonner, il faut se rendre sur <a href=\"https:\/\/patreon.com\/u83890772?utm_medium=clipboard_copy&amp;utm_source=copyLink&amp;utm_campaign=creatorshare_fan&amp;utm_content=join_link\"><strong>son Patreon<\/strong><\/a>, vous y trouverez des vid\u00e9os gratuites pour vous faire une meilleure id\u00e9e du contenu:<\/p>\n\n\n\n<ul><li><a rel=\"noreferrer noopener\" href=\"https:\/\/www.patreon.com\/posts\/les-3-octaves-de-126917129?utm_medium=clipboard_copy&amp;utm_source=copyLink&amp;utm_campaign=postshare_fan&amp;utm_content=web_share\" target=\"_blank\">Les 3 octaves question chap I<\/a><\/li><li><a rel=\"noreferrer noopener\" href=\"https:\/\/www.patreon.com\/posts\/la-prise-en-main-126919836?utm_medium=clipboard_copy&amp;utm_source=copyLink&amp;utm_campaign=postshare_fan&amp;utm_content=web_share\" target=\"_blank\">La prise en main de ton instrument Chap II<\/a><\/li><li><a rel=\"noreferrer noopener\" href=\"https:\/\/www.patreon.com\/posts\/la-grande-des-126924151?utm_medium=clipboard_copy&amp;utm_source=copyLink&amp;utm_campaign=postshare_fan&amp;utm_content=web_share\" target=\"_blank\">La grande supercherie des positions Chap III<\/a><\/li><li><a rel=\"noreferrer noopener\" href=\"https:\/\/www.patreon.com\/posts\/un-riff-penta-126929759?utm_medium=clipboard_copy&amp;utm_source=copyLink&amp;utm_campaign=postshare_fan&amp;utm_content=web_share\" target=\"_blank\">Un riff penta tres tonique Chap IV<\/a><\/li><\/ul>\n\n\n\n<p class=\"has-text-align-right\">Laurent Vigouroux<\/p>\n","protected":false},"excerpt":{"rendered":"<p class=\"text-justify mb-2\" >L\u2019\u00e9cole l&rsquo;Ardent Music Harmonica Accessible sur Patreon L\u2019harmonica diatonique est un des rares instruments \u00e0 avoir connu une r\u00e9volution ces derni\u00e8res d\u00e9cennies. D\u2019instrument diatonique quasiment r\u00e9serv\u00e9 aux musiques traditionnelles et au blues, avec quelques incursions dans le rock et la pop, il est devenu totalement [&hellip;]<\/p>\n","protected":false},"author":2,"featured_media":0,"parent":0,"menu_order":0,"comment_status":"closed","ping_status":"closed","template":"","meta":[],"_links":{"self":[{"href":"https:\/\/www.planetharmonica.com\/NextGen\/wp-json\/wp\/v2\/pages\/2509"}],"collection":[{"href":"https:\/\/www.planetharmonica.com\/NextGen\/wp-json\/wp\/v2\/pages"}],"about":[{"href":"https:\/\/www.planetharmonica.com\/NextGen\/wp-json\/wp\/v2\/types\/page"}],"author":[{"embeddable":true,"href":"https:\/\/www.planetharmonica.com\/NextGen\/wp-json\/wp\/v2\/users\/2"}],"replies":[{"embeddable":true,"href":"https:\/\/www.planetharmonica.com\/NextGen\/wp-json\/wp\/v2\/comments?post=2509"}],"version-history":[{"count":22,"href":"https:\/\/www.planetharmonica.com\/NextGen\/wp-json\/wp\/v2\/pages\/2509\/revisions"}],"predecessor-version":[{"id":2558,"href":"https:\/\/www.planetharmonica.com\/NextGen\/wp-json\/wp\/v2\/pages\/2509\/revisions\/2558"}],"wp:attachment":[{"href":"https:\/\/www.planetharmonica.com\/NextGen\/wp-json\/wp\/v2\/media?parent=2509"}],"curies":[{"name":"wp","href":"https:\/\/api.w.org\/{rel}","templated":true}]}}