{"id":2095,"date":"2021-05-24T19:35:55","date_gmt":"2021-05-24T17:35:55","guid":{"rendered":"https:\/\/www.planetharmonica.com\/?page_id=2095"},"modified":"2021-05-26T16:06:50","modified_gmt":"2021-05-26T14:06:50","slug":"le-guide-complet-des-alteration-de-sebastien-charlier","status":"publish","type":"page","link":"https:\/\/www.planetharmonica.com\/NextGen\/fr\/le-guide-complet-des-alteration-de-sebastien-charlier\/","title":{"rendered":"Le guide complet des alt\u00e9ration de S\u00e9bastien Charlier"},"content":{"rendered":"\n<h2 class=\"has-text-align-center\"><i class=\"fas fa-pencil-alt\"> <\/i><span><strong>Le guide complet des alt\u00e9rations de S\u00e9bastien Charlier<\/strong><\/h2>\n\n\n\n<p class=\"has-text-align-center\"><a href=\"https:\/\/www.alienbeatsrecords.fr\/shop\/Les-cahiers-de-lHarmonica-Le-guide-complet-de-lalt\u00e9ration-p354457561\" target=\"_blank\" rel=\"noreferrer noopener\">27,90\u20ac sur alienbeatsrecords.fr<\/a><\/p>\n\n\n\n<div class=\"wp-block-media-text alignwide is-stacked-on-mobile\"><figure class=\"wp-block-media-text__media\"><img loading=\"lazy\" width=\"724\" height=\"1024\" src=\"http:\/\/www.planetharmonica.com\/NextGen\/wp-content\/uploads\/2021\/05\/2263207724-724x1024.jpg\" alt=\"\" class=\"wp-image-2119 size-full\" srcset=\"https:\/\/www.planetharmonica.com\/NextGen\/wp-content\/uploads\/2021\/05\/2263207724-724x1024.jpg 724w, https:\/\/www.planetharmonica.com\/NextGen\/wp-content\/uploads\/2021\/05\/2263207724-212x300.jpg 212w, https:\/\/www.planetharmonica.com\/NextGen\/wp-content\/uploads\/2021\/05\/2263207724-768x1087.jpg 768w, https:\/\/www.planetharmonica.com\/NextGen\/wp-content\/uploads\/2021\/05\/2263207724.jpg 1060w\" sizes=\"(max-width: 724px) 100vw, 724px\" \/><\/figure><div class=\"wp-block-media-text__content\">\n<p class=\"has-normal-font-size\">Jouer les fameuses \u00ab\u00a0notes manquantes\u00a0\u00bb de l&rsquo;harmonica diatonique a \u00e9t\u00e9 le Graal qui semblait inaccessible jusqu&rsquo;\u00e0 r\u00e9cemment. M\u00eame le fait de jouer une m\u00e9lodie avec les alt\u00e9rations traditionnelles (particuli\u00e8rement dans les graves) \u00e9tait tout simplement consid\u00e9r\u00e9 comme impossible par la communaut\u00e9 de l&rsquo;harmonica. La quasi-totalit\u00e9 des harmonicistes se butait \u00e0 des probl\u00e9matiques de justesse et de timbre majeures quand ils jouaient des alt\u00e9rations, des overblows ou des overdraws.<\/p>\n<\/div><\/div>\n\n\n\n<p class=\"has-text-align-center\">&#8230;<\/p>\n\n\n\n<p>Et pourtant &#8230;<\/p>\n\n\n\n<figure class=\"wp-block-image size-large\"><img loading=\"lazy\" width=\"1024\" height=\"243\" src=\"http:\/\/www.planetharmonica.com\/NextGen\/wp-content\/uploads\/2021\/05\/petite-fleur-1024x243.png\" alt=\"\" class=\"wp-image-2096\" srcset=\"https:\/\/www.planetharmonica.com\/NextGen\/wp-content\/uploads\/2021\/05\/petite-fleur-1024x243.png 1024w, https:\/\/www.planetharmonica.com\/NextGen\/wp-content\/uploads\/2021\/05\/petite-fleur-300x71.png 300w, https:\/\/www.planetharmonica.com\/NextGen\/wp-content\/uploads\/2021\/05\/petite-fleur-768x183.png 768w, https:\/\/www.planetharmonica.com\/NextGen\/wp-content\/uploads\/2021\/05\/petite-fleur-1536x365.png 1536w, https:\/\/www.planetharmonica.com\/NextGen\/wp-content\/uploads\/2021\/05\/petite-fleur.png 1884w\" sizes=\"(max-width: 1024px) 100vw, 1024px\" \/><\/figure>\n\n\n\n<figure class=\"wp-block-audio\"><audio controls src=\"http:\/\/www.planetharmonica.com\/NextGen\/wp-content\/uploads\/2021\/05\/Audio109.mp3\"><\/audio><\/figure>\n\n\n\n<p class=\"has-text-align-center\">&#8230;<\/p>\n\n\n\n<p>Et oui, c&rsquo;est parfaitement possible! Et ce guide de S\u00e9bastien Charlier r\u00e9v\u00e8le comment.<\/p>\n\n\n\n<p>Petit rappel historique, l&rsquo;harmonica diatonique dit \u00ab\u00a0Richter\u00a0\u00bb \u00e9tait \u00e0 l&rsquo;origine un instrument con\u00e7u en Allemagne pour jouer des airs folkloriques. Il est donc organis\u00e9 de fa\u00e7on \u00e0 avoir certains accords naturels que le joueur peut ajouter \u00e0 sa m\u00e9lodie diatonique. En cons\u00e9quence l&rsquo;harmonica diatonique Richter est particuli\u00e8rement incomplet: il n&rsquo;a m\u00eame pas la gamme diatonique compl\u00e8te dans les graves et les aigus!<\/p>\n\n\n\n<p>La premi\u00e8re r\u00e9volution de l&rsquo;instrument s&rsquo;est produite lorsque les bluesmen noirs se sont appropri\u00e9 le petit instrument apport\u00e9 par les migrants et qu&rsquo;ils ont d\u00e9couvert qu&rsquo;on pouvait \u00ab\u00a0tordre\u00a0\u00bb certaines notes et obtenir une partie des notes manquantes: les alt\u00e9rations aspir\u00e9es dans les graves et les m\u00e9diums et souffl\u00e9es dans les aigus.<\/p>\n\n\n\n<p>Et c&rsquo;est comme cela que s&rsquo;est dessin\u00e9 l&rsquo;usage de l&rsquo;harmonica diatonique pendant quasiment tout le XXeme si\u00e8cle. Associ\u00e9 essentiellement au Blues et au Blues-Rock, le diatonique \u00e9tait principalement utilis\u00e9 pour jouer des plans\/riffs avec beaucoup de textures (tongue-blocking) et assez peu de pr\u00e9cision, une exception \u00e9tant le jeu Country de Charlie Mc Coy.<\/p>\n\n\n\n<p>L&rsquo;absence de plusieurs notes et la difficult\u00e9 de faire sonner les alt\u00e9rations limitaient alors l&rsquo;utilisation de l&rsquo;harmonica pour jouer de la m\u00e9lodie. Afin de pallier aux limitations du diatonique, l&rsquo;industrie a invent\u00e9 l&rsquo;harmonica Chromatique. Equip\u00e9 d&rsquo;une tirette et de valves, celui-ci a \u00ab\u00a0de s\u00e9rie\u00a0\u00bb toutes les notes de la gamme sur plusieurs octaves et ne n\u00e9cessite pas d&rsquo;alt\u00e9rations pour obtenir les notes manquantes. Le son est toutefois tr\u00e8s diff\u00e9rent de celui du diatonique.<\/p>\n\n\n\n<p>Le chromatique s&rsquo;est largement d\u00e9velopp\u00e9 \u00e0 partir des ann\u00e9es 40 pour le jeu m\u00e9lodique, pendant que le diatonique restait dans son cr\u00e9neau Country, Blues et Blues Rock. Le chromatique \u00e9tait alors vu comme l&rsquo;instrument du progr\u00e8s.<\/p>\n\n\n\n<p>Avec le Blues Revival des ann\u00e9es 70s, le diatonique est revenu sur le devant de la sc\u00e8ne, en conservant ses caract\u00e9ristiques: riffs, alt\u00e9rations peu pr\u00e9cises (propices au jeu blues), textures.<\/p>\n\n\n\n<p>Dans les ann\u00e9es 80s plusieurs harmonicistes diatoniques ont \u00ab\u00a0d\u00e9couvert\u00a0\u00bb qu&rsquo;on pouvait obtenir les notes manquantes avec une technique appel\u00e9e Overblow: on peut en soufflant dans les graves et les m\u00e9diums produire une note un demi-ton au dessus de la note aspir\u00e9e du m\u00eame trou. Et vice-versa dans les aigus pour les Overdraws. En fait de nombreux enregistrements t\u00e9moignent tout au long du XX\u00e8me si\u00e8cle de l&rsquo;existence de ces fameuses overnotes, mais ce n&rsquo;est que dans les ann\u00e9es 80s qu&rsquo;elle sont devenues l&rsquo;objet d&rsquo;une utilisation intensive et d&rsquo;une \u00e9tude pouss\u00e9e.<\/p>\n\n\n\n<p>On pouvait donc enfin produire toutes les notes sur un diatonique! Nouvelle R\u00e9volution? Et bien non, enfin pas tout de suite car les notes produites ne sonnaient pas vraiment bien: d\u00e9timbr\u00e9es, souvent fausses, elles juraient au milieu des autres.<\/p>\n\n\n\n<p>Durant les ann\u00e9es 80s et 90s, un vaste d\u00e9bat s&rsquo;est cr\u00e9\u00e9 entre les tenants du jeu traditionnel qui pensaient que les overblows ne pourraient jamais sonner convenablement (et que les difficult\u00e9s de son des alt\u00e9rations emp\u00eachaient le jeu m\u00e9lodique) et les pionniers qui poursuivaient leur r\u00eave d&rsquo;un vrai jeu chromatique au diatonique.<\/p>\n\n\n\n<p>Le d\u00e9bat a \u00e9t\u00e9 techniquement tranch\u00e9 dans les ann\u00e9es 2000 avec la sortie des albums de S\u00e9bastien Charlier. Dans ses albums, S\u00e9bastien prouvait qu&rsquo;un jeu totalement chromatique \u00e9tait atteignable en produisant des morceaux complexes harmoniquement dans lesquels les overblows (et overdraws) \u00e9taient parfaitement int\u00e9gr\u00e9s aux autres notes.<\/p>\n\n\n\n<p>Mais malgr\u00e9 cette preuve, le monde de l&rsquo;harmonica a continuer \u00e0 douter. En effet, peu de joueurs (aucun?) arrivaient \u00e0 un tel rendu. S\u00e9bastien \u00e9tait alors consid\u00e9r\u00e9 comme un \u00eatre \u00e0 part, une exception. Pourtant il est pourvu de la m\u00eame constitution physique que n&rsquo;importe qui ! <\/p>\n\n\n\n<p>C&rsquo;\u00e9tait donc du c\u00f4t\u00e9 de la technique instrumentale que tout devait se jouer. En effet le pi\u00e8ge des alt\u00e9rations traditionnelles est qu&rsquo;elles peuvent \u00eatre obtenues par diff\u00e9rents moyens (en serrant la gorge, en bougeant la m\u00e2choire, en pin\u00e7ant les l\u00e8vres, etc &#8230;) avec des r\u00e9sultats vari\u00e9s en termes de justesse et de timbre. Mais les overblows et overdraws supportent mal l&rsquo;approximation. Du coup tous les joueurs qui avaient b\u00e2ti leur technique sur ces bases avaient beaucoup de difficult\u00e9s \u00e0 passer le cap du jeu chromatique (on pourrait ajouter que la notion de \u00ab\u00a0Positions\u00a0\u00bb a \u00e9galement grandement contribu\u00e9 \u00e0 bloquer leur \u00e9volution).<\/p>\n\n\n\n<p>S\u00e9bastien, de part le fait qu&rsquo;il n&rsquo;a pas abord\u00e9 l&rsquo;instrument comme un harmoniciste traditionnel et qu&rsquo;il a fait une sorte de vraie R&amp;D sur l&rsquo;obtention des notes, a fini par trouver les cl\u00e9s d&rsquo;obtention d&rsquo;alt\u00e9rations et overdoses justes et bien timbr\u00e9es :<\/p>\n\n\n\n<ul><li>Ce qui compte dans une alt\u00e9ration\/un overblow est uniquement la position de la langue. <\/li><li>Seules 4 positions de langues permettent de produire toutes les alt\u00e9rations\/overnotes!<\/li><\/ul>\n\n\n\n<p>Ce cahier de l&rsquo;harmonica r\u00e9volutionnaire expose enfin avec beaucoup de pr\u00e9cisions et d&rsquo;illustrations les secrets pour obtenir des alt\u00e9rations et overnotes qui sonnent bien. Les illustrations en simulation 3d permettent pour la premi\u00e8re fois de visualiser clairement les position de langue requises et le cahier regorge de conseils, d&rsquo;exercices et d&rsquo;exemples.<\/p>\n\n\n\n<p>Pr\u00e9parez-vous \u00e0 \u00eatre surpris, voire d\u00e9sar\u00e7onn\u00e9s. Ce cahier contredit beaucoup d&rsquo;id\u00e9es re\u00e7ues! Mais vous allez d\u00e9couvrir que l&rsquo;obtention des overblows est en fait tr\u00e8s ais\u00e9e lorsqu&rsquo;on applique la bonne technique. Et vos alt\u00e9rations traditionnelles vont aussi s&rsquo;am\u00e9liorer de fa\u00e7on cons\u00e9quente.<\/p>\n\n\n\n<p>Voici quelques exemples notables pr\u00e9sent\u00e9s dans le cahier.<\/p>\n\n\n\n<p>Un exemple de phras\u00e9 contenant des overblows:<\/p>\n\n\n\n<figure class=\"wp-block-image size-large\"><img loading=\"lazy\" width=\"1024\" height=\"241\" src=\"http:\/\/www.planetharmonica.com\/NextGen\/wp-content\/uploads\/2021\/05\/Audio-38-Phrase-Db-1024x241.png\" alt=\"\" class=\"wp-image-2103\" srcset=\"https:\/\/www.planetharmonica.com\/NextGen\/wp-content\/uploads\/2021\/05\/Audio-38-Phrase-Db-1024x241.png 1024w, https:\/\/www.planetharmonica.com\/NextGen\/wp-content\/uploads\/2021\/05\/Audio-38-Phrase-Db-300x71.png 300w, https:\/\/www.planetharmonica.com\/NextGen\/wp-content\/uploads\/2021\/05\/Audio-38-Phrase-Db-768x181.png 768w, https:\/\/www.planetharmonica.com\/NextGen\/wp-content\/uploads\/2021\/05\/Audio-38-Phrase-Db-1536x361.png 1536w, https:\/\/www.planetharmonica.com\/NextGen\/wp-content\/uploads\/2021\/05\/Audio-38-Phrase-Db.png 1906w\" sizes=\"(max-width: 1024px) 100vw, 1024px\" \/><\/figure>\n\n\n\n<figure class=\"wp-block-audio\"><audio controls src=\"http:\/\/www.planetharmonica.com\/NextGen\/wp-content\/uploads\/2021\/05\/Audio038.mp3\"><\/audio><\/figure>\n\n\n\n<p>Un exemple de multi-overblow:<\/p>\n\n\n\n<figure class=\"wp-block-image size-large\"><img loading=\"lazy\" width=\"1024\" height=\"262\" src=\"http:\/\/www.planetharmonica.com\/NextGen\/wp-content\/uploads\/2021\/05\/Audio-28-Multi-overblows-1-1024x262.png\" alt=\"\" class=\"wp-image-2101\" srcset=\"https:\/\/www.planetharmonica.com\/NextGen\/wp-content\/uploads\/2021\/05\/Audio-28-Multi-overblows-1-1024x262.png 1024w, https:\/\/www.planetharmonica.com\/NextGen\/wp-content\/uploads\/2021\/05\/Audio-28-Multi-overblows-1-300x77.png 300w, https:\/\/www.planetharmonica.com\/NextGen\/wp-content\/uploads\/2021\/05\/Audio-28-Multi-overblows-1-768x196.png 768w, https:\/\/www.planetharmonica.com\/NextGen\/wp-content\/uploads\/2021\/05\/Audio-28-Multi-overblows-1-1536x393.png 1536w, https:\/\/www.planetharmonica.com\/NextGen\/wp-content\/uploads\/2021\/05\/Audio-28-Multi-overblows-1.png 1894w\" sizes=\"(max-width: 1024px) 100vw, 1024px\" \/><\/figure>\n\n\n\n<figure class=\"wp-block-audio\"><audio controls src=\"http:\/\/www.planetharmonica.com\/NextGen\/wp-content\/uploads\/2021\/05\/Audio028.mp3\"><\/audio><\/figure>\n\n\n\n<p>Un exemple d&rsquo;articulation des alt\u00e9rations du 3 sur une m\u00e9lodie:<\/p>\n\n\n\n<figure class=\"wp-block-image size-large\"><img loading=\"lazy\" width=\"1024\" height=\"255\" src=\"http:\/\/www.planetharmonica.com\/NextGen\/wp-content\/uploads\/2021\/05\/Audio-95-Chaplin-1024x255.png\" alt=\"\" class=\"wp-image-2099\" srcset=\"https:\/\/www.planetharmonica.com\/NextGen\/wp-content\/uploads\/2021\/05\/Audio-95-Chaplin-1024x255.png 1024w, https:\/\/www.planetharmonica.com\/NextGen\/wp-content\/uploads\/2021\/05\/Audio-95-Chaplin-300x75.png 300w, https:\/\/www.planetharmonica.com\/NextGen\/wp-content\/uploads\/2021\/05\/Audio-95-Chaplin-768x191.png 768w, https:\/\/www.planetharmonica.com\/NextGen\/wp-content\/uploads\/2021\/05\/Audio-95-Chaplin-1536x382.png 1536w, https:\/\/www.planetharmonica.com\/NextGen\/wp-content\/uploads\/2021\/05\/Audio-95-Chaplin.png 1888w\" sizes=\"(max-width: 1024px) 100vw, 1024px\" \/><\/figure>\n\n\n\n<figure class=\"wp-block-audio\"><audio controls src=\"http:\/\/www.planetharmonica.com\/NextGen\/wp-content\/uploads\/2021\/05\/Audio095.mp3\"><\/audio><\/figure>\n\n\n\n<p>Et pour finir la gamme chromatique, c&rsquo;est \u00e0 dire toutes les notes de la gamme sur 3 octaves!<\/p>\n\n\n\n<figure class=\"wp-block-image size-large\"><img loading=\"lazy\" width=\"895\" height=\"1024\" src=\"http:\/\/www.planetharmonica.com\/NextGen\/wp-content\/uploads\/2021\/05\/Audio-113-gamme-chromatique-895x1024.png\" alt=\"\" class=\"wp-image-2102\" srcset=\"https:\/\/www.planetharmonica.com\/NextGen\/wp-content\/uploads\/2021\/05\/Audio-113-gamme-chromatique-895x1024.png 895w, https:\/\/www.planetharmonica.com\/NextGen\/wp-content\/uploads\/2021\/05\/Audio-113-gamme-chromatique-262x300.png 262w, https:\/\/www.planetharmonica.com\/NextGen\/wp-content\/uploads\/2021\/05\/Audio-113-gamme-chromatique-768x879.png 768w, https:\/\/www.planetharmonica.com\/NextGen\/wp-content\/uploads\/2021\/05\/Audio-113-gamme-chromatique-1342x1536.png 1342w, https:\/\/www.planetharmonica.com\/NextGen\/wp-content\/uploads\/2021\/05\/Audio-113-gamme-chromatique.png 1428w\" sizes=\"(max-width: 895px) 100vw, 895px\" \/><\/figure>\n\n\n\n<figure class=\"wp-block-audio\"><audio controls src=\"http:\/\/www.planetharmonica.com\/NextGen\/wp-content\/uploads\/2021\/05\/Audio113.mp3\"><\/audio><\/figure>\n\n\n\n<p class=\"has-text-align-center\">&#8230;<\/p>\n\n\n\n<p>Cette fois-ci la 2nde r\u00e9volution de l&rsquo;harmonica diatonique est bien en marche! Avec ce cahier, tout le monde va pouvoir apprendre la bonne technique et jouer toutes les notes sur nos cher petit instrument. Ce qui nous semblait impossible va se r\u00e9v\u00e9ler \u00eatre abordable, m\u00eame agr\u00e9able.<\/p>\n\n\n\n<p>Restera alors \u00e0 en faire usage de fa\u00e7on musicale, que cela soit au sein d&rsquo;un jeu blues, jazz, vari\u00e9t\u00e9s ou autre. Un monde entier s&rsquo;ouvre \u00e0 nous!<\/p>\n\n\n\n<p>Laurent Vigouroux<\/p>\n","protected":false},"excerpt":{"rendered":"<p class=\"text-justify mb-2\" >Le guide complet des alt\u00e9rations de S\u00e9bastien Charlier 27,90\u20ac sur alienbeatsrecords.fr Jouer les fameuses \u00ab\u00a0notes manquantes\u00a0\u00bb de l&rsquo;harmonica diatonique a \u00e9t\u00e9 le Graal qui semblait inaccessible jusqu&rsquo;\u00e0 r\u00e9cemment. M\u00eame le fait de jouer une m\u00e9lodie avec les alt\u00e9rations traditionnelles (particuli\u00e8rement dans les graves) \u00e9tait tout [&hellip;]<\/p>\n","protected":false},"author":2,"featured_media":0,"parent":0,"menu_order":0,"comment_status":"closed","ping_status":"closed","template":"","meta":[],"_links":{"self":[{"href":"https:\/\/www.planetharmonica.com\/NextGen\/wp-json\/wp\/v2\/pages\/2095"}],"collection":[{"href":"https:\/\/www.planetharmonica.com\/NextGen\/wp-json\/wp\/v2\/pages"}],"about":[{"href":"https:\/\/www.planetharmonica.com\/NextGen\/wp-json\/wp\/v2\/types\/page"}],"author":[{"embeddable":true,"href":"https:\/\/www.planetharmonica.com\/NextGen\/wp-json\/wp\/v2\/users\/2"}],"replies":[{"embeddable":true,"href":"https:\/\/www.planetharmonica.com\/NextGen\/wp-json\/wp\/v2\/comments?post=2095"}],"version-history":[{"count":28,"href":"https:\/\/www.planetharmonica.com\/NextGen\/wp-json\/wp\/v2\/pages\/2095\/revisions"}],"predecessor-version":[{"id":2157,"href":"https:\/\/www.planetharmonica.com\/NextGen\/wp-json\/wp\/v2\/pages\/2095\/revisions\/2157"}],"wp:attachment":[{"href":"https:\/\/www.planetharmonica.com\/NextGen\/wp-json\/wp\/v2\/media?parent=2095"}],"curies":[{"name":"wp","href":"https:\/\/api.w.org\/{rel}","templated":true}]}}