{"id":2077,"date":"2021-04-17T17:52:22","date_gmt":"2021-04-17T15:52:22","guid":{"rendered":"https:\/\/www.planetharmonica.com\/?page_id=2077"},"modified":"2021-04-17T17:57:55","modified_gmt":"2021-04-17T15:57:55","slug":"tonys-place-challenge","status":"publish","type":"page","link":"https:\/\/www.planetharmonica.com\/NextGen\/en\/tonys-place-challenge\/","title":{"rendered":"Tony&rsquo;s Place Challenge: win an Arkia harmonica"},"content":{"rendered":"\n<p>Following <em>La Marche d&rsquo;Aincourt<\/em> Challenge, we&rsquo;re inviting you to Tonio&rsquo;s Place challenge! <br>Record yourself playing the first phrase of the song and try to win an <strong>ARKIA Signature Peyrelevade!<\/strong><\/p>\n\n\n\n<p>Tonio&rsquo;s Place is a song from J\u00e9r\u00f4me Peyrelevade and Cyril Cianciolo first album : <a href=\"https:\/\/www.jeromepeyrelevade.com\/shop\/CD-Kiffosaurus-Rex-Duo-Cianciolo-Peyrelevade-p263855174\"><em>Kiffosaurus Rex<\/em><\/a>.<br><\/p>\n\n\n\n<p>This time, the theme includes a 4 overblow, and potentially a 5 overblow if you play the theme on Richter tuned harp. The 5 overblow is not required if you play on a Lydian tuned harp.<\/p>\n\n\n\n<p>This is a great exercice to work on delivering these notes in tune with the best tone possible. The other challenge is to play the 2&prime; and 3&Prime; in a row as this requires to change tongue position.<\/p>\n\n\n\n<p>Here is the link to the full song:<\/p>\n\n\n\n<figure class=\"wp-block-embed is-type-rich is-provider-soundcloud wp-block-embed-soundcloud wp-embed-aspect-4-3 wp-has-aspect-ratio\"><div class=\"wp-block-embed__wrapper\">\n<iframe title=\"Tonio&#039;s Place by J\u00e9r\u00f4me Peyrelevade\" width=\"500\" height=\"400\" scrolling=\"no\" frameborder=\"no\" src=\"https:\/\/w.soundcloud.com\/player\/?visual=true&#038;url=https%3A%2F%2Fapi.soundcloud.com%2Ftracks%2F983280829&#038;show_artwork=true&#038;maxheight=750&#038;maxwidth=500\"><\/iframe>\n<\/div><\/figure>\n\n\n\n<p>And here is the link to the excerpt:<\/p>\n\n\n\n<figure class=\"wp-block-embed is-type-rich is-provider-soundcloud wp-block-embed-soundcloud wp-embed-aspect-4-3 wp-has-aspect-ratio\"><div class=\"wp-block-embed__wrapper\">\n<iframe title=\"Tonio&#039;s Place - D\u00e9but du Th\u00e8me by J\u00e9r\u00f4me Peyrelevade\" width=\"500\" height=\"400\" scrolling=\"no\" frameborder=\"no\" src=\"https:\/\/w.soundcloud.com\/player\/?visual=true&#038;url=https%3A%2F%2Fapi.soundcloud.com%2Ftracks%2F983280532&#038;show_artwork=true&#038;maxheight=750&#038;maxwidth=500\"><\/iframe>\n<\/div><\/figure>\n\n\n\n<p>Here is the part for a C Richter Harp:<\/p>\n\n\n\n<figure class=\"wp-block-image size-large\"><img loading=\"lazy\" width=\"724\" height=\"1024\" src=\"http:\/\/www.planetharmonica.com\/NextGen\/wp-content\/uploads\/2021\/03\/Tonios-Place-CRichter-1-724x1024.jpg\" alt=\"\" class=\"wp-image-2028\" srcset=\"https:\/\/www.planetharmonica.com\/NextGen\/wp-content\/uploads\/2021\/03\/Tonios-Place-CRichter-1-724x1024.jpg 724w, https:\/\/www.planetharmonica.com\/NextGen\/wp-content\/uploads\/2021\/03\/Tonios-Place-CRichter-1-212x300.jpg 212w, https:\/\/www.planetharmonica.com\/NextGen\/wp-content\/uploads\/2021\/03\/Tonios-Place-CRichter-1-768x1086.jpg 768w, https:\/\/www.planetharmonica.com\/NextGen\/wp-content\/uploads\/2021\/03\/Tonios-Place-CRichter-1-1086x1536.jpg 1086w, https:\/\/www.planetharmonica.com\/NextGen\/wp-content\/uploads\/2021\/03\/Tonios-Place-CRichter-1-1448x2048.jpg 1448w, https:\/\/www.planetharmonica.com\/NextGen\/wp-content\/uploads\/2021\/03\/Tonios-Place-CRichter-1-scaled.jpg 1810w\" sizes=\"(max-width: 724px) 100vw, 724px\" \/><\/figure>\n\n\n\n<p>And here is the part for a C Lydian harp:<\/p>\n\n\n\n<figure class=\"wp-block-image size-large\"><img loading=\"lazy\" width=\"724\" height=\"1024\" src=\"http:\/\/www.planetharmonica.com\/NextGen\/wp-content\/uploads\/2021\/03\/Tonios-Place-CLydien-1-724x1024.jpg\" alt=\"\" class=\"wp-image-2029\" srcset=\"https:\/\/www.planetharmonica.com\/NextGen\/wp-content\/uploads\/2021\/03\/Tonios-Place-CLydien-1-724x1024.jpg 724w, https:\/\/www.planetharmonica.com\/NextGen\/wp-content\/uploads\/2021\/03\/Tonios-Place-CLydien-1-212x300.jpg 212w, https:\/\/www.planetharmonica.com\/NextGen\/wp-content\/uploads\/2021\/03\/Tonios-Place-CLydien-1-768x1086.jpg 768w, https:\/\/www.planetharmonica.com\/NextGen\/wp-content\/uploads\/2021\/03\/Tonios-Place-CLydien-1-1086x1536.jpg 1086w, https:\/\/www.planetharmonica.com\/NextGen\/wp-content\/uploads\/2021\/03\/Tonios-Place-CLydien-1-1448x2048.jpg 1448w, https:\/\/www.planetharmonica.com\/NextGen\/wp-content\/uploads\/2021\/03\/Tonios-Place-CLydien-1-scaled.jpg 1810w\" sizes=\"(max-width: 724px) 100vw, 724px\" \/><\/figure>\n\n\n\n<p>The challenge rules are:<\/p>\n\n\n\n<ul><li>Play the first phrase (the 8 first measures) on a C Richter or a C Lydian harp<\/li><li>Acoustic sound, no effects other than compression\/equalization\/reverb<\/li><\/ul>\n\n\n\n<p><strong>You can upload your audio file (max 4 Mo) till May, the 1rst here:  <\/strong>[wordpress_file_upload]<\/p>\n\n\n\n<p><strong>Be careful to include your email address in the name of the file. <\/strong><\/p>\n\n\n\n<p>You can contact us at planet@livepepper.com for any question.<\/p>\n\n\n\n<p>After the deadline, our grand jury will assess each recording through the following set of criteria :<\/p>\n\n\n\n<ul><li>Pitch<\/li><li>Timbre<\/li><li>Attack and note sustainability<\/li><li>Expression<\/li><li>Overall assessment<\/li><\/ul>\n\n\n\n<p>We are waiting for your submissions !!!<\/p>\n\n\n\n<p>The prizes are:<\/p>\n\n\n\n<p><strong>1rst prize <\/strong>&#8211; <a href=\"https:\/\/www.arkia-harmonica.com\/shop\/Harmonica-A-R-K-I-A-Signature-Flex-Orange-p236959384\">ARKIA Signature<\/a>, Richter or Lydien, your choice of key<br><strong>2nd and 3rd<\/strong> &#8211; <a href=\"https:\/\/www.jeromepeyrelevade.com\/shop\/CD-Kiffosaurus-Rex-Duo-Cianciolo-Peyrelevade-p263855174\">CD <em>Kiffosaurus Rex<\/em><\/a> <br><strong>4th and 5th<\/strong> &#8211; <a href=\"https:\/\/www.jeromepeyrelevade.com\/shop\/CD-Kiffosaurus-Rex-Duo-Cianciolo-Peyrelevade-p263855174\">CD <em>Kiffosaurus Rex<\/em><\/a> + <a href=\"https:\/\/www.jeromepeyrelevade.com\/shop\/CD-Somewhere-on-the-Edge-of-Time-J%C3%A9r%C3%B4me-Peyrelevade-p53239352\">CD <em>Somewhere on the Edge of Time<\/em><\/a><br><\/p>\n\n\n\n<p>People liking the song and wanting to discover more can by the CD there: <a href=\"https:\/\/www.jeromepeyrelevade.com\/shop\/CD-Kiffosaurus-Rex-Duo-Cianciolo-Peyrelevade-p263855174\">https:\/\/www.jeromepeyrelevade.com\/shop\/CD-Kiffosaurus-Rex-Duo-Cianciolo-Peyrelevade-p263855174<\/a><\/p>\n","protected":false},"excerpt":{"rendered":"<p class=\"text-justify mb-2\" >Following La Marche d&rsquo;Aincourt Challenge, we&rsquo;re inviting you to Tonio&rsquo;s Place challenge! Record yourself playing the first phrase of the song and try to win an ARKIA Signature Peyrelevade! Tonio&rsquo;s Place is a song from J\u00e9r\u00f4me Peyrelevade and Cyril Cianciolo first album : Kiffosaurus Rex. [&hellip;]<\/p>\n","protected":false},"author":2,"featured_media":0,"parent":0,"menu_order":0,"comment_status":"closed","ping_status":"closed","template":"","meta":[],"_links":{"self":[{"href":"https:\/\/www.planetharmonica.com\/NextGen\/wp-json\/wp\/v2\/pages\/2077"}],"collection":[{"href":"https:\/\/www.planetharmonica.com\/NextGen\/wp-json\/wp\/v2\/pages"}],"about":[{"href":"https:\/\/www.planetharmonica.com\/NextGen\/wp-json\/wp\/v2\/types\/page"}],"author":[{"embeddable":true,"href":"https:\/\/www.planetharmonica.com\/NextGen\/wp-json\/wp\/v2\/users\/2"}],"replies":[{"embeddable":true,"href":"https:\/\/www.planetharmonica.com\/NextGen\/wp-json\/wp\/v2\/comments?post=2077"}],"version-history":[{"count":2,"href":"https:\/\/www.planetharmonica.com\/NextGen\/wp-json\/wp\/v2\/pages\/2077\/revisions"}],"predecessor-version":[{"id":2080,"href":"https:\/\/www.planetharmonica.com\/NextGen\/wp-json\/wp\/v2\/pages\/2077\/revisions\/2080"}],"wp:attachment":[{"href":"https:\/\/www.planetharmonica.com\/NextGen\/wp-json\/wp\/v2\/media?parent=2077"}],"curies":[{"name":"wp","href":"https:\/\/api.w.org\/{rel}","templated":true}]}}