{"id":2026,"date":"2021-03-10T16:50:06","date_gmt":"2021-03-10T15:50:06","guid":{"rendered":"https:\/\/www.planetharmonica.com\/?page_id=2026"},"modified":"2021-05-15T08:57:28","modified_gmt":"2021-05-15T06:57:28","slug":"challenge-de-tonio-s-place","status":"publish","type":"page","link":"https:\/\/www.planetharmonica.com\/NextGen\/fr\/challenge-de-tonio-s-place\/","title":{"rendered":"Challenge de Tonio&rsquo;s Place"},"content":{"rendered":"\n<p style=\"font-size:32px\"><strong>Challenge de Tonio&rsquo;s Place<\/strong><\/p>\n\n\n\n<p>Dans le continuit\u00e9 du Challenge de <em>La Marche d&rsquo;Aincourt<\/em>, nous vous avons convi\u00e9s au challenge de <em>Tonio&rsquo;s Place<\/em> !<br>Il n&rsquo;y avait <strong>rien moins qu&rsquo;un ARKIA Signature Peyrelevade \u00e0 gagner ! et bien d&rsquo;autres lots (cf. ci-dessous).<\/strong><br><\/p>\n\n\n\n<p>Tonio&rsquo;s Place est un morceau de J\u00e9r\u00f4me, pr\u00e9sent sur son album en duo avec Cyril Ciancolo : <a href=\"https:\/\/www.jeromepeyrelevade.com\/shop\/CD-Kiffosaurus-Rex-Duo-Cianciolo-Peyrelevade-p263855174\"><em>Kiffosaurus Rex<\/em><\/a>.<br>Cette fois-ci le th\u00e8me objet du challenge contient un overblow du 4, et \u00e9ventuellement un overblow du 5 si vous jouez sur un accordage Richter. Un bel exercice pour travailler \u00e0 jouer ces notes avec la meilleure intonation possible et le plus juste possible. Autre difficult\u00e9: l&rsquo;enchainement des alt\u00e9rations 2&prime; et 3&Prime; qui n\u00e9cessite un bon contr\u00f4le de la langue. L\u00e0 aussi, il faudra veiller \u00e0 ce que le timbre soit le plus homog\u00e8ne possible.<\/p>\n\n\n\n<p>Voici le lien vers le titre complet: <\/p>\n\n\n\n<figure class=\"wp-block-embed is-type-rich is-provider-soundcloud wp-block-embed-soundcloud wp-embed-aspect-4-3 wp-has-aspect-ratio\"><div class=\"wp-block-embed__wrapper\">\n<iframe title=\"Tonio&#039;s Place by J\u00e9r\u00f4me Peyrelevade\" width=\"500\" height=\"400\" scrolling=\"no\" frameborder=\"no\" src=\"https:\/\/w.soundcloud.com\/player\/?visual=true&#038;url=https%3A%2F%2Fapi.soundcloud.com%2Ftracks%2F983280829&#038;show_artwork=true&#038;maxheight=750&#038;maxwidth=500\"><\/iframe>\n<\/div><\/figure>\n\n\n\n<p>Et voici le lien vers le d\u00e9but du th\u00e8me:<\/p>\n\n\n\n<figure class=\"wp-block-embed is-type-rich is-provider-soundcloud wp-block-embed-soundcloud wp-embed-aspect-4-3 wp-has-aspect-ratio\"><div class=\"wp-block-embed__wrapper\">\n<iframe title=\"Tonio&#039;s Place - D\u00e9but du Th\u00e8me by J\u00e9r\u00f4me Peyrelevade\" width=\"500\" height=\"400\" scrolling=\"no\" frameborder=\"no\" src=\"https:\/\/w.soundcloud.com\/player\/?visual=true&#038;url=https%3A%2F%2Fapi.soundcloud.com%2Ftracks%2F983280532&#038;show_artwork=true&#038;maxheight=750&#038;maxwidth=500\"><\/iframe>\n<\/div><\/figure>\n\n\n\n<p><br>Voici la partition pour harmonica accord\u00e9 en Richter:<\/p>\n\n\n\n<figure class=\"wp-block-image size-large is-resized\"><img loading=\"lazy\" src=\"http:\/\/www.planetharmonica.com\/NextGen\/wp-content\/uploads\/2021\/03\/Tonios-Place-CRichter-1-724x1024.jpg\" alt=\"\" class=\"wp-image-2028\" width=\"580\" height=\"820\" srcset=\"https:\/\/www.planetharmonica.com\/NextGen\/wp-content\/uploads\/2021\/03\/Tonios-Place-CRichter-1-724x1024.jpg 724w, https:\/\/www.planetharmonica.com\/NextGen\/wp-content\/uploads\/2021\/03\/Tonios-Place-CRichter-1-212x300.jpg 212w, https:\/\/www.planetharmonica.com\/NextGen\/wp-content\/uploads\/2021\/03\/Tonios-Place-CRichter-1-768x1086.jpg 768w, https:\/\/www.planetharmonica.com\/NextGen\/wp-content\/uploads\/2021\/03\/Tonios-Place-CRichter-1-1086x1536.jpg 1086w, https:\/\/www.planetharmonica.com\/NextGen\/wp-content\/uploads\/2021\/03\/Tonios-Place-CRichter-1-1448x2048.jpg 1448w, https:\/\/www.planetharmonica.com\/NextGen\/wp-content\/uploads\/2021\/03\/Tonios-Place-CRichter-1-scaled.jpg 1810w\" sizes=\"(max-width: 580px) 100vw, 580px\" \/><\/figure>\n\n\n\n<p>Et la tablature pour un harmonica accord\u00e9 en Lydien:<\/p>\n\n\n\n<figure class=\"wp-block-image size-large\"><img loading=\"lazy\" width=\"724\" height=\"1024\" src=\"http:\/\/www.planetharmonica.com\/NextGen\/wp-content\/uploads\/2021\/03\/Tonios-Place-CLydien-1-724x1024.jpg\" alt=\"\" class=\"wp-image-2029\" srcset=\"https:\/\/www.planetharmonica.com\/NextGen\/wp-content\/uploads\/2021\/03\/Tonios-Place-CLydien-1-724x1024.jpg 724w, https:\/\/www.planetharmonica.com\/NextGen\/wp-content\/uploads\/2021\/03\/Tonios-Place-CLydien-1-212x300.jpg 212w, https:\/\/www.planetharmonica.com\/NextGen\/wp-content\/uploads\/2021\/03\/Tonios-Place-CLydien-1-768x1086.jpg 768w, https:\/\/www.planetharmonica.com\/NextGen\/wp-content\/uploads\/2021\/03\/Tonios-Place-CLydien-1-1086x1536.jpg 1086w, https:\/\/www.planetharmonica.com\/NextGen\/wp-content\/uploads\/2021\/03\/Tonios-Place-CLydien-1-1448x2048.jpg 1448w, https:\/\/www.planetharmonica.com\/NextGen\/wp-content\/uploads\/2021\/03\/Tonios-Place-CLydien-1-scaled.jpg 1810w\" sizes=\"(max-width: 724px) 100vw, 724px\" \/><\/figure>\n\n\n\n<p>Les r\u00e8gles du challenge \u00e9taient:<\/p>\n\n\n\n<ul><li>Jouer la premi\u00e8re phrase du th\u00e8me sur un harmonica diatonique en C, accordage Richter ou Lydien. Il s&rsquo;agit des 8 premi\u00e8res mesures, qui terminent par un Sol en 6 souffl\u00e9.<\/li><li>Son acoustique, pas d\u2019effet autre que compression\/equalisation\/reverb.<\/li><li>Tempo libre mais raisonnablement proche de l\u2019original.<\/li><\/ul>\n\n\n\n<p>Les soumissions ont \u00e9t\u00e9 analys\u00e9es par un jury qui a appr\u00e9ci\u00e9 chaque enregistrement suivant les crit\u00e8res principaux suivants:<\/p>\n\n\n\n<ul><li>Justesse<\/li><li>Timbre<\/li><li>Attaque, tenue de la note<\/li><li>Expression<\/li><li>Rendu global<\/li><\/ul>\n\n\n\n<p>Les r\u00e9sultats sont:<\/p>\n\n\n\n<p>1 S\u00e9bastien Vetter<br>2 Pierre Ducreux<br>3 Pierre Godet<br>4 Nicolas Decayeux<br>5 Vincent Rynik<br>6 Victor Durain<br>7 Florence Gacoing<br>8 Martin Vanlembergh<br>9 JM Reynaud<br>10 Thierry Decours<\/p>\n\n\n\n<p>Bravo \u00e0 eux!<\/p>\n\n\n\n<p>Les prix sont:<\/p>\n\n\n\n<p><strong>1er prix <\/strong>&#8211; <a href=\"https:\/\/www.arkia-harmonica.com\/shop\/Harmonica-A-R-K-I-A-Signature-Flex-Orange-p236959384\">ARKIA Signature<\/a>, Richter ou Lydien, Tonalit\u00e9 au choix<br><strong>2\u00e8me et 3\u00e8me<\/strong> &#8211; <a href=\"https:\/\/www.jeromepeyrelevade.com\/shop\/CD-Kiffosaurus-Rex-Duo-Cianciolo-Peyrelevade-p263855174\">CD <em>Kiffosaurus Rex<\/em><\/a> + Un cahier au choix : <em><a href=\"https:\/\/www.alienbeatsrecords.fr\/shop\/Les-cahiers-de-lHarmonica-R%C3%A9glages-de-lharmonica-diatonique-p126566994\">R\u00e9glages de l&rsquo;Harmonica Diatonique<\/a><\/em> ou <a href=\"https:\/\/www.alienbeatsrecords.fr\/shop\/Les-cahiers-de-lHarmonica-Les-bases-harmoniques-Vol-1-p131172678\">Les Bases <em>Harmoniques vol. 1<\/em><\/a> ou <em><a href=\"https:\/\/www.alienbeatsrecords.fr\/shop\/Les-cahiers-de-lHarmonica-Les-100-questions-du-ruine-babines-p211096095\">Les 100 Questions du Ruine-Babines<\/a><\/em><br><strong>4\u00e8me et 5\u00e8me<\/strong> &#8211; <a href=\"https:\/\/www.jeromepeyrelevade.com\/shop\/CD-Kiffosaurus-Rex-Duo-Cianciolo-Peyrelevade-p263855174\">CD <em>Kiffosaurus Rex<\/em><\/a> + <a href=\"https:\/\/www.jeromepeyrelevade.com\/shop\/CD-Somewhere-on-the-Edge-of-Time-J%C3%A9r%C3%B4me-Peyrelevade-p53239352\">CD <em>Somewhere on the Edge of Time<\/em><\/a><br><strong>Prix 6 \u00e0 10<\/strong> &#8211;&nbsp;Un cahier au choix parmi <em><em><a href=\"https:\/\/www.alienbeatsrecords.fr\/shop\/Les-cahiers-de-lHarmonica-R%C3%A9glages-de-lharmonica-diatonique-p126566994\">R\u00e9glages de l&rsquo;Harmonica Diatonique<\/a><\/em>, <a href=\"https:\/\/www.alienbeatsrecords.fr\/shop\/Les-cahiers-de-lHarmonica-Les-bases-harmoniques-Vol-1-p131172678\">Les Bases <em>Harmoniques vol. 1<\/em><\/a>, <em><a href=\"https:\/\/www.alienbeatsrecords.fr\/shop\/Les-cahiers-de-lHarmonica-Les-100-questions-du-ruine-babines-p211096095\">Les 100 Questions du Ruine-Babines<\/a><\/em><\/em><\/p>\n\n\n\n<p>Pour ceux qui ont aim\u00e9 ce morceau et qui souhaitent en d\u00e9couvrir plus, voici le lien pour l&rsquo;achat du CD de J\u00e9r\u00f4me et Cyril (chaudement conseill\u00e9 par Planet Harmonica): <a href=\"https:\/\/www.jeromepeyrelevade.com\/shop\/CD-Kiffosaurus-Rex-Duo-Cianciolo-Peyrelevade-p263855174\">https:\/\/www.jeromepeyrelevade.com\/shop\/CD-Kiffosaurus-Rex-Duo-Cianciolo-Peyrelevade-p263855174<\/a><\/p>\n\n\n\n<p>A vos harmos!<\/p>\n","protected":false},"excerpt":{"rendered":"<p class=\"text-justify mb-2\" >Challenge de Tonio&rsquo;s Place Dans le continuit\u00e9 du Challenge de La Marche d&rsquo;Aincourt, nous vous avons convi\u00e9s au challenge de Tonio&rsquo;s Place !Il n&rsquo;y avait rien moins qu&rsquo;un ARKIA Signature Peyrelevade \u00e0 gagner ! et bien d&rsquo;autres lots (cf. ci-dessous). Tonio&rsquo;s Place est un morceau [&hellip;]<\/p>\n","protected":false},"author":2,"featured_media":0,"parent":0,"menu_order":0,"comment_status":"closed","ping_status":"closed","template":"","meta":[],"_links":{"self":[{"href":"https:\/\/www.planetharmonica.com\/NextGen\/wp-json\/wp\/v2\/pages\/2026"}],"collection":[{"href":"https:\/\/www.planetharmonica.com\/NextGen\/wp-json\/wp\/v2\/pages"}],"about":[{"href":"https:\/\/www.planetharmonica.com\/NextGen\/wp-json\/wp\/v2\/types\/page"}],"author":[{"embeddable":true,"href":"https:\/\/www.planetharmonica.com\/NextGen\/wp-json\/wp\/v2\/users\/2"}],"replies":[{"embeddable":true,"href":"https:\/\/www.planetharmonica.com\/NextGen\/wp-json\/wp\/v2\/comments?post=2026"}],"version-history":[{"count":27,"href":"https:\/\/www.planetharmonica.com\/NextGen\/wp-json\/wp\/v2\/pages\/2026\/revisions"}],"predecessor-version":[{"id":2092,"href":"https:\/\/www.planetharmonica.com\/NextGen\/wp-json\/wp\/v2\/pages\/2026\/revisions\/2092"}],"wp:attachment":[{"href":"https:\/\/www.planetharmonica.com\/NextGen\/wp-json\/wp\/v2\/media?parent=2026"}],"curies":[{"name":"wp","href":"https:\/\/api.w.org\/{rel}","templated":true}]}}