{"id":1859,"date":"2019-03-23T10:36:40","date_gmt":"2019-03-23T09:36:40","guid":{"rendered":"http:\/\/www.planetharmonica.com\/?page_id=1859"},"modified":"2019-03-28T09:30:06","modified_gmt":"2019-03-28T08:30:06","slug":"focus-sur-the-marshals","status":"publish","type":"page","link":"https:\/\/www.planetharmonica.com\/NextGen\/fr\/focus-sur-the-marshals\/","title":{"rendered":"Focus sur The Marshals"},"content":{"rendered":"\n<h2><i class=\"fas fa-pencil-alt\"> <\/i><span>Interview de Laurent Siguret, un harmoniciste blues qui a inclus les overblows dans son jeu<\/h2>\n\n\n\n<p><strong>Planet Harmonica: La premi\u00e8re chose qui saute aux oreilles quand on \u00e9coute votre album, c&rsquo;est ce son blues rugueux, surprenant chez des fran\u00e7ais. Pouvez-vous nous parler de la gen\u00e8se du groupe et de vos influences?<\/strong><\/p>\n\n\n\n<p>Laurent Siguret: &nbsp;Le groupe s&rsquo;est form\u00e9 en 2009 avec Thomas et Julien, qui sont rest\u00e9s en duo jusqu&rsquo;en 2013. Ils ont fait 2 albums. Je les ai alors rejoints et nous avons sorti 3 disques depuis, avec le label Freemount Records.<\/p>\n\n\n\n<p><em>Nous avons chacun nos univers musicaux, et nous nous retrouvons autour des Creedence, Howlin Wolf\u2026<\/em><br><strong>Chacun de vos album est fortement li\u00e9 au lieu de l&rsquo;enregistrement. Pouvez-vous nous en dire plus?<\/strong><\/p>\n\n\n\n<p> Depuis le d\u00e9part, l&rsquo;id\u00e9e est d&rsquo;enregistrer chaque disque dans un lieu diff\u00e9rent.<\/p>\n\n\n\n<p>On se pose 3 ou 4 jours ensemble. L&rsquo;id\u00e9e est de passer un bon moment et de capter l&rsquo;ambiance.<br><\/p>\n\n\n\n<p><strong>Comment se passe la cr\u00e9ation de vos chansons? &nbsp;<\/strong><\/p>\n\n\n\n<p> Souvent Julien am\u00e8ne une id\u00e9e, un th\u00e8me et on essaie de le d\u00e9velopper, \u00e0 chaque fois \u00e0 la mani\u00e8re d&rsquo;un b\u0153uf.<\/p>\n\n\n\n<p>On r\u00e9p\u00e8te au studio After You My Friend, tenu par Julien, ce qui nous permet d&rsquo;\u00eatre dans de supers conditions de jeu.<br><\/p>\n\n\n\n<p><strong>Comment se d\u00e9roulent vos sessions d&rsquo;enregistrement? Est-ce que vous enregistrez \u00ab\u00a0live\u00a0\u00bb avec \u00e9ventuellement quelques retakes, ou est-ce que vous enregistrez les instruments s\u00e9par\u00e9ment? Quelles sont vos interactions dans le trio?<\/strong><\/p>\n\n\n\n<p>Au fil des albums, on a \u00e9volu\u00e9 vers le tout live. Sur les pr\u00e9c\u00e9dents, on faisait au moins batterie harmo guitare ensemble, puis les voix et autres. <br><\/p>\n\n\n\n<p>Sur le dernier disque, on a opt\u00e9 pour une prise de son mono, un seul micro pour tout reprendre, m\u00eame la voix. Une exp\u00e9rience qui demande \u00e0 chacun d&rsquo;\u00eatre vraiment \u00e0 l&rsquo;\u00e9coute des autres.<\/p>\n\n\n\n<p><strong>Une prise en mono? Etonnant! Cela ne laisse pas trop la place aux erreurs!<\/strong><\/p>\n\n\n\n<p>En effet! Et il y a d&rsquo;ailleurs quelques petites choses que j&rsquo;aurais aim\u00e9 pouvoir reprendre. Mais c&rsquo;est la r\u00e9gle de jeu et nous voulions vraiment nous mettre dans des conditions de live.<\/p>\n\n\n\n<figure class=\"wp-block-embed-soundcloud wp-block-embed is-type-rich is-provider-soundcloud wp-embed-aspect-4-3 wp-has-aspect-ratio\"><div class=\"wp-block-embed__wrapper\">\n<iframe title=\"Les Bruy\u00e8res Session by The Marshals\" width=\"500\" height=\"450\" scrolling=\"no\" frameborder=\"no\" src=\"https:\/\/w.soundcloud.com\/player\/?visual=true&#038;url=https%3A%2F%2Fapi.soundcloud.com%2Fplaylists%2F638283717&#038;show_artwork=true&#038;maxheight=750&#038;maxwidth=500\"><\/iframe>\n<\/div><\/figure>\n\n\n\n<p><strong>Un focus sur toi, Laurent! Nous avons pu appr\u00e9cier la qualit\u00e9 de ton jeu dans ce contexte de trio blues. Tes interventions semblent tr\u00e8s pens\u00e9es pour prendre la place qu&rsquo;il faut et apporter \u00e0 chaque morceau, sans surjouer ni encombrer l&rsquo;espace sonore. Peux-tu nous en dire plus?<\/strong><\/p>\n\n\n\n<p>D\u00e8s le d\u00e9but, j&rsquo;ai essay\u00e9 de servir la musique de Julien et Thomas. Nous nous \u00e9coutons beaucoup lors de la construction des morceaux. On essaie des trucs, je joue beaucoup. J&rsquo;ai \u00e9t\u00e9 tout particuli\u00e8rement attentif, pour cet album, \u00e0 retirer tout ce qui ne semblait pas n\u00e9cessaire. Ce n&rsquo;est pas un album d&rsquo;harmonica, c&rsquo;est la musique d&rsquo;un groupe. Je trouve que la place de l&rsquo;harmonica dans certains morceaux de muddy Waters illustre ce que j&rsquo;ai envie de faire passer.<\/p>\n\n\n\n<p><strong>Comment con\u00e7ois-tu tes solos? Utilises-tu des gammes pentatoniques et\/ou blues? Utilise-tu des overblows dans ton jeu?<\/strong><br><\/p>\n\n\n\n<p>Mes solos ont, je pense, \u00e9volu\u00e9 avec le temps et les stages donn\u00e9s par J\u00e9r\u00f4me Peyrelevade et S\u00e9bastien Charlier. Je joue essentiellement en Mi b sur un harmonica en La b, et je change d\u2019harmo si le groupe change de tonalit\u00e9, ce qui me permet de garder la m\u00eame photographie de jeu. <br><\/p>\n\n\n\n<p>Ainsi si on prend comme rep\u00e8re un harmonica en Do (pour un morceau en Sol), j&rsquo;utilisais au d\u00e9but comme colonne vert\u00e9brale de mes solos la penta de Sol Majeure \u00e0 laquelle j\u2019ajoutais r\u00e9guli\u00e8rement la note R\u00e9 b (la quinte b\u00e9mol). J\u2019ai ensuite commenc\u00e9 \u00e0 introduire les overnotes et parall\u00e8lement travaill\u00e9 la penta de Si b Majeure, la gamme blues de Mi et j\u2019ai pu placer aussi la gamme de Sol mineur m\u00e9lodique. D\u00e9sormais, j\u2019utilise dans mon jeu blues, les overblows du 5, du 6 et les overdraws du 7 et du 10. Dans mes solos, je m\u00e9lange les gammes en fonction des accords qu\u2019apporte Julien. Je peux aussi ajouter d\u2019autres notes en fonction de ce dont j\u2019ai besoin. <\/p>\n\n\n\n<p><strong>Tu<\/strong><em><strong> <\/strong><\/em><strong>es le gagnant du Challenge de la Marche d&rsquo;Aincourt, un morceau assez \u00e9loign\u00e9 de l&rsquo;univers des Marshals! Quel est le spectre en termes de styles de ton univers musical?<\/strong><\/p>\n\n\n\n<p>J&rsquo;\u00e9coute \u00e9norm\u00e9ment de musique, mais de moins en moins d&rsquo;harmonica. J&rsquo;appr\u00e9cie toujours beaucoup le blues, mais ces derni\u00e8res ann\u00e9es, je me suis plus particuli\u00e8rement tourn\u00e9 vers le jazz. Ensuite, j&rsquo;aime aussi certains types, plut\u00f4t actuels de bluegrass, ou derni\u00e8rement la musique argentine.<\/p>\n\n\n\n<p><strong>Quels sont les harmonicistes qui t&rsquo;ont influenc\u00e9?<\/strong><\/p>\n\n\n\n<p>Lorsque j&rsquo;ai commenc\u00e9 l&rsquo;harmonica, ma seule r\u00e9f\u00e9rence \u00e9tait Diabolo que j&rsquo;avais vu dans une \u00e9mission de Jacques Martin et ensuite entendu accompagner Jacques Higelin. Lorsque j&rsquo;ai commenc\u00e9 \u00e0 jouer, je ne connaissais personne et n&rsquo;avais pas les moyens d&rsquo;acheter des disques. De plus, le blues \u00e9tait tr\u00e8s \u00e9loign\u00e9 de ce que j&rsquo;\u00e9coutais \u00e0 l&rsquo;\u00e9poque. Je jouais donc des morceaux de vari\u00e9t\u00e9. Puis j&rsquo;ai un jour rencontr\u00e9 un harmoniciste qui m&rsquo;a conseill\u00e9, &nbsp;en entendant ce que je produisais, d&rsquo;acheter la \u00abm\u00e9thode \u00e0 Mimil\u00a0\u00bb. Merci Mr Milteau de m&rsquo;avoir fait entrevoir ce que l&rsquo;on peut faire avec un harmonica! Il m&rsquo;a donc grandement influenc\u00e9. Maintenant, j&rsquo;aime beaucoup le jeu flamboyant de Jason Ricci, la pr\u00e9cision de Vincent Bucher, la po\u00e9sie du jeu de Michel Herblin et, d\u00e9sol\u00e9 de les nommer une nouvelle fois mais je suis toujours \u00e9poustoufl\u00e9 en \u00e9coutant S\u00e9bastien Charlier et la polyvalence du jeu de J\u00e9r\u00f4me Peyrelevade.<\/p>\n\n\n\n<p><\/p>\n","protected":false},"excerpt":{"rendered":"<p class=\"text-justify mb-2\" >Interview de Laurent Siguret, un harmoniciste blues qui a inclus les overblows dans son jeu Planet Harmonica: La premi\u00e8re chose qui saute aux oreilles quand on \u00e9coute votre album, c&rsquo;est ce son blues rugueux, surprenant chez des fran\u00e7ais. Pouvez-vous nous parler de la gen\u00e8se du [&hellip;]<\/p>\n","protected":false},"author":2,"featured_media":0,"parent":0,"menu_order":0,"comment_status":"closed","ping_status":"closed","template":"","meta":[],"_links":{"self":[{"href":"https:\/\/www.planetharmonica.com\/NextGen\/wp-json\/wp\/v2\/pages\/1859"}],"collection":[{"href":"https:\/\/www.planetharmonica.com\/NextGen\/wp-json\/wp\/v2\/pages"}],"about":[{"href":"https:\/\/www.planetharmonica.com\/NextGen\/wp-json\/wp\/v2\/types\/page"}],"author":[{"embeddable":true,"href":"https:\/\/www.planetharmonica.com\/NextGen\/wp-json\/wp\/v2\/users\/2"}],"replies":[{"embeddable":true,"href":"https:\/\/www.planetharmonica.com\/NextGen\/wp-json\/wp\/v2\/comments?post=1859"}],"version-history":[{"count":15,"href":"https:\/\/www.planetharmonica.com\/NextGen\/wp-json\/wp\/v2\/pages\/1859\/revisions"}],"predecessor-version":[{"id":1881,"href":"https:\/\/www.planetharmonica.com\/NextGen\/wp-json\/wp\/v2\/pages\/1859\/revisions\/1881"}],"wp:attachment":[{"href":"https:\/\/www.planetharmonica.com\/NextGen\/wp-json\/wp\/v2\/media?parent=1859"}],"curies":[{"name":"wp","href":"https:\/\/api.w.org\/{rel}","templated":true}]}}