{"id":1593,"date":"2018-10-07T18:21:33","date_gmt":"2018-10-07T16:21:33","guid":{"rendered":"http:\/\/www.planetharmonica.com\/?page_id=1593"},"modified":"2019-02-01T11:09:35","modified_gmt":"2019-02-01T10:09:35","slug":"le-challenge-de-la-marche-daincourt","status":"publish","type":"page","link":"https:\/\/www.planetharmonica.com\/NextGen\/fr\/le-challenge-de-la-marche-daincourt\/","title":{"rendered":"Le challenge de la Marche d&rsquo;Aincourt"},"content":{"rendered":"<p>La technique d&rsquo;obtention des alt\u00e9rations et des overblows sur le diatonique a beaucoup \u00e9volu\u00e9 ces derni\u00e8res ann\u00e9es. Les connaissances se sont affin\u00e9es et on sait aujourd&rsquo;hui gr\u00e2ce \u00e0 S\u00e9bastien Charlier que 4 positions de langue sont suffisantes pour produire l&rsquo;ensemble des alt\u00e9rations\/overnotes sur l&rsquo;instrument.<\/p>\n<p>Encore plus important, nous savons aujourd&rsquo;hui qu&rsquo;avec la technique appropri\u00e9e le son des notes alt\u00e9r\u00e9es peut \u00eatre suffisamment bon (timbre, justesse) pour qu&rsquo;on puisse jouer des m\u00e9lodies qui sonnent bien.\u00a0C&rsquo;est un changement majeur dans l&rsquo;approche qu&rsquo;on a de l&rsquo;instrument.<\/p>\n<p>Pour illustrer cela, et pour encourager les joueurs de diatonique \u00e0 ne pas se brider, nous avons eu l&rsquo;id\u00e9e de proposer un challenge amical : le challenge de La Marche d&rsquo;Aincourt.<\/p>\n<p>La Marche d&rsquo;Aincourt est un morceau de J\u00e9r\u00f4me Peyrelevade (<a href=\"http:\/\/www.jeromepeyrelevade.com\">http:\/\/www.jeromepeyrelevade.com<\/a> ) qu&rsquo;il a compos\u00e9 pour le livre audio de Valentine Goby \u00ab\u00a0Un paquebot dans les arbres\u00a0\u00bb.<\/p>\n<p>Il nous semble \u00eatre une bonne illustration de ce qu&rsquo;on peut faire en jeu m\u00e9lodique avec des alt\u00e9rations. Il est en F# mineur et comporte donc de nombreux F#, G#, A,C#, F (E#) dans les graves qui sont obtenus sur un diatonique en C gr\u00e2ce \u00e0 des alt\u00e9rations.<\/p>\n<p>J\u00e9r\u00f4me a eu la gentillesse de jouer le jeu et nous a fourni la partition de la premi\u00e8re partie du morceau (la partition est pour un accordage Lydien mais cela n&rsquo;a pas d&rsquo;impact vu que le 5 aspir\u00e9 n&rsquo;est pas jou\u00e9):<\/p>\n<p>Vous pouvez \u00e9couter le th\u00e8me isol\u00e9 ici:<\/p>\n<p><a href=\"https:\/\/soundcloud.com\/laurent-vigouroux\/marche-daincourt-harmo-seul\">https:\/\/soundcloud.com\/laurent-vigouroux\/marche-daincourt-harmo-seul<\/a><\/p>\n<p>Pour l&rsquo;\u00e9couter en contexte dans le beau livre audio de Valentine Goby (\u00ab\u00a0Un paquebot dans les arbres\u00a0\u00bb), c&rsquo;est ici:<\/p>\n<p><a href=\"https:\/\/soundcloud.com\/laurent-vigouroux\/marche-daincourt-fille-de-tubar\">https:\/\/soundcloud.com\/laurent-vigouroux\/marche-daincourt-fille-de-tubar<\/a><\/p>\n<p><a href=\"http:\/\/www.planetharmonica.com\/NextGen\/wp-content\/uploads\/2018\/10\/ob_789c05_marche-aincourt-5-1.jpg\"><img loading=\"lazy\" class=\"wp-image-1608 size-large aligncenter\" src=\"http:\/\/www.planetharmonica.com\/NextGen\/wp-content\/uploads\/2018\/10\/ob_789c05_marche-aincourt-5-1-732x1024.jpg\" alt=\"\" width=\"732\" height=\"1024\" srcset=\"https:\/\/www.planetharmonica.com\/NextGen\/wp-content\/uploads\/2018\/10\/ob_789c05_marche-aincourt-5-1-732x1024.jpg 732w, https:\/\/www.planetharmonica.com\/NextGen\/wp-content\/uploads\/2018\/10\/ob_789c05_marche-aincourt-5-1-214x300.jpg 214w, https:\/\/www.planetharmonica.com\/NextGen\/wp-content\/uploads\/2018\/10\/ob_789c05_marche-aincourt-5-1-768x1075.jpg 768w, https:\/\/www.planetharmonica.com\/NextGen\/wp-content\/uploads\/2018\/10\/ob_789c05_marche-aincourt-5-1.jpg 1143w\" sizes=\"(max-width: 732px) 100vw, 732px\" \/><\/a><\/p>\n<p>Les r\u00e8gles du challenge \u00e9taient:<\/p>\n<ul>\n<li>Jouer les 24 premi\u00e8res mesures du morceau sur un harmonica diatonique accord\u00e9 en C Richter ou Lydien.<\/li>\n<li>Pas d&rsquo;effet autre qu&rsquo;un peu de reverb et de compression.<\/li>\n<li>Tempo libre mais raisonnablement proche de l&rsquo;original.<\/li>\n<\/ul>\n<p>Les soumissions (une quarantaine) ont \u00e9t\u00e9 analys\u00e9es par un jury qui a appr\u00e9ci\u00e9 chaque enregistrement suivant les crit\u00e8res principaux suivants:<\/p>\n<ul>\n<li>Justesse<\/li>\n<li>Timbre<\/li>\n<li>Attaque, tenue de la note<\/li>\n<li>Expression<\/li>\n<li>Rendu global<\/li>\n<\/ul>\n<p>Le jury \u00e9tait compos\u00e9 de :<\/p>\n<ul>\n<li>J\u00e9r\u00f4me Peyrelevade<\/li>\n<li>Benjamin Carpentier \u00ab\u00a0Harmonica Vaudeville\u00a0\u00bb<\/li>\n<li>Laurent Rinaldi<\/li>\n<li>Damien Tartamella<\/li>\n<li>S\u00e9bastien Charlier<\/li>\n<li>Laurent Vigouroux<\/li>\n<\/ul>\n<p>Les gagnants sont:<\/p>\n<p>1er: Laurent Siguret<\/p>\n<!--[if lt IE 9]><script>document.createElement('audio');<\/script><![endif]-->\n\t<div class=\"wp-playlist wp-audio-playlist wp-playlist-light\">\n\t\t\t<div class=\"wp-playlist-current-item\"><\/div>\n\t\t<audio controls=\"controls\" preload=\"none\" width=\"640\"\n\t\t\t><\/audio>\n\t<div class=\"wp-playlist-next\"><\/div>\n\t<div class=\"wp-playlist-prev\"><\/div>\n\t<noscript>\n\t<ol>\n\t\t<li><a href='https:\/\/www.planetharmonica.com\/NextGen\/wp-content\/uploads\/2019\/01\/Laurent-Siguret-MarcheAincourt.mp3'>Laurent-Siguret-MarcheAincourt<\/a><\/li>\t<\/ol>\n\t<\/noscript>\n\t<script type=\"application\/json\" class=\"wp-playlist-script\">{\"type\":\"audio\",\"tracklist\":true,\"tracknumbers\":true,\"images\":true,\"artists\":true,\"tracks\":[{\"src\":\"https:\\\/\\\/www.planetharmonica.com\\\/NextGen\\\/wp-content\\\/uploads\\\/2019\\\/01\\\/Laurent-Siguret-MarcheAincourt.mp3\",\"type\":\"audio\\\/mpeg\",\"title\":\"Laurent-Siguret-MarcheAincourt\",\"caption\":\"\",\"description\":\"<i>Laurent-Siguret-MarcheAincourt<\\\/i>.\",\"meta\":{\"length_formatted\":\"0:32\"},\"image\":{\"src\":\"https:\\\/\\\/www.planetharmonica.com\\\/NextGen\\\/wp-includes\\\/images\\\/media\\\/audio.png\",\"width\":48,\"height\":64},\"thumb\":{\"src\":\"https:\\\/\\\/www.planetharmonica.com\\\/NextGen\\\/wp-includes\\\/images\\\/media\\\/audio.png\",\"width\":48,\"height\":64}}]}<\/script>\n<\/div>\n\t\n<p>2eme: C\u00e9dric Deschamps<\/p>\n<div class=\"wp-playlist wp-audio-playlist wp-playlist-light\">\n\t\t\t<div class=\"wp-playlist-current-item\"><\/div>\n\t\t<audio controls=\"controls\" preload=\"none\" width=\"640\"\n\t\t\t><\/audio>\n\t<div class=\"wp-playlist-next\"><\/div>\n\t<div class=\"wp-playlist-prev\"><\/div>\n\t<noscript>\n\t<ol>\n\t\t<li><a href='https:\/\/www.planetharmonica.com\/NextGen\/wp-content\/uploads\/2019\/01\/Cedric-Deschamps-MarcheAincourt.mp3'>Cedric-Deschamps-MarcheAincourt<\/a><\/li>\t<\/ol>\n\t<\/noscript>\n\t<script type=\"application\/json\" class=\"wp-playlist-script\">{\"type\":\"audio\",\"tracklist\":true,\"tracknumbers\":true,\"images\":true,\"artists\":true,\"tracks\":[{\"src\":\"https:\\\/\\\/www.planetharmonica.com\\\/NextGen\\\/wp-content\\\/uploads\\\/2019\\\/01\\\/Cedric-Deschamps-MarcheAincourt.mp3\",\"type\":\"audio\\\/mpeg\",\"title\":\"Cedric-Deschamps-MarcheAincourt\",\"caption\":\"\",\"description\":\"<i>Cedric-Deschamps-MarcheAincourt<\\\/i>.\",\"meta\":{\"length_formatted\":\"0:44\"},\"image\":{\"src\":\"https:\\\/\\\/www.planetharmonica.com\\\/NextGen\\\/wp-includes\\\/images\\\/media\\\/audio.png\",\"width\":48,\"height\":64},\"thumb\":{\"src\":\"https:\\\/\\\/www.planetharmonica.com\\\/NextGen\\\/wp-includes\\\/images\\\/media\\\/audio.png\",\"width\":48,\"height\":64}}]}<\/script>\n<\/div>\n\t\n<p>3eme: Nicolas Decayeux<\/p>\n<div class=\"wp-playlist wp-audio-playlist wp-playlist-light\">\n\t\t\t<div class=\"wp-playlist-current-item\"><\/div>\n\t\t<audio controls=\"controls\" preload=\"none\" width=\"640\"\n\t\t\t><\/audio>\n\t<div class=\"wp-playlist-next\"><\/div>\n\t<div class=\"wp-playlist-prev\"><\/div>\n\t<noscript>\n\t<ol>\n\t\t<li><a href='https:\/\/www.planetharmonica.com\/NextGen\/wp-content\/uploads\/2019\/01\/Nicolas-Decayeux-MarcheAincourt.mp3'>Nicolas-Decayeux-MarcheAincourt<\/a><\/li>\t<\/ol>\n\t<\/noscript>\n\t<script type=\"application\/json\" class=\"wp-playlist-script\">{\"type\":\"audio\",\"tracklist\":true,\"tracknumbers\":true,\"images\":true,\"artists\":true,\"tracks\":[{\"src\":\"https:\\\/\\\/www.planetharmonica.com\\\/NextGen\\\/wp-content\\\/uploads\\\/2019\\\/01\\\/Nicolas-Decayeux-MarcheAincourt.mp3\",\"type\":\"audio\\\/mpeg\",\"title\":\"Nicolas-Decayeux-MarcheAincourt\",\"caption\":\"\",\"description\":\"<i>Nicolas-Decayeux-MarcheAincourt<\\\/i>.\",\"meta\":{\"length_formatted\":\"0:39\"},\"image\":{\"src\":\"https:\\\/\\\/www.planetharmonica.com\\\/NextGen\\\/wp-includes\\\/images\\\/media\\\/audio.png\",\"width\":48,\"height\":64},\"thumb\":{\"src\":\"https:\\\/\\\/www.planetharmonica.com\\\/NextGen\\\/wp-includes\\\/images\\\/media\\\/audio.png\",\"width\":48,\"height\":64}}]}<\/script>\n<\/div>\n\t\n<p>4eme: S\u00e9bastien Fr\u00e9mal<\/p>\n<div class=\"wp-playlist wp-audio-playlist wp-playlist-light\">\n\t\t\t<div class=\"wp-playlist-current-item\"><\/div>\n\t\t<audio controls=\"controls\" preload=\"none\" width=\"640\"\n\t\t\t><\/audio>\n\t<div class=\"wp-playlist-next\"><\/div>\n\t<div class=\"wp-playlist-prev\"><\/div>\n\t<noscript>\n\t<ol>\n\t\t<li><a href='https:\/\/www.planetharmonica.com\/NextGen\/wp-content\/uploads\/2019\/01\/Sebastien-Fremal-MarcheAincourt.mp3'>Sebastien-Fremal-MarcheAincourt<\/a><\/li>\t<\/ol>\n\t<\/noscript>\n\t<script type=\"application\/json\" class=\"wp-playlist-script\">{\"type\":\"audio\",\"tracklist\":true,\"tracknumbers\":true,\"images\":true,\"artists\":true,\"tracks\":[{\"src\":\"https:\\\/\\\/www.planetharmonica.com\\\/NextGen\\\/wp-content\\\/uploads\\\/2019\\\/01\\\/Sebastien-Fremal-MarcheAincourt.mp3\",\"type\":\"audio\\\/mpeg\",\"title\":\"Sebastien-Fremal-MarcheAincourt\",\"caption\":\"\",\"description\":\"<i>Sebastien-Fremal-MarcheAincourt<\\\/i>.\",\"meta\":{\"length_formatted\":\"0:38\"},\"image\":{\"src\":\"https:\\\/\\\/www.planetharmonica.com\\\/NextGen\\\/wp-includes\\\/images\\\/media\\\/audio.png\",\"width\":48,\"height\":64},\"thumb\":{\"src\":\"https:\\\/\\\/www.planetharmonica.com\\\/NextGen\\\/wp-includes\\\/images\\\/media\\\/audio.png\",\"width\":48,\"height\":64}}]}<\/script>\n<\/div>\n\t\n<p>Les prix:<\/p>\n<ul>\n<li>1er prix: un harmonica diatonique Brodur r\u00e9gl\u00e9 par J\u00e9r\u00f4me. Un grand merci \u00e0 Raymond Brodur d&rsquo;avoir offert l&rsquo;instrument!<\/li>\n<li>2\u00e8me prix: la m\u00e9thode \u00ab\u00a0R\u00e9glages de l&rsquo;harmonica diatonique\u00a0\u00bb, de J\u00e9r\u00f4me, issue de la toute nouvelle s\u00e9rie \u00ab\u00a0Les cahiers de l&rsquo;harmonica\u00a0\u00bb men\u00e9e par S\u00e9bastien Charlier<\/li>\n<li>3\u00e8me prix: le <a href=\"http:\/\/www.jeromepeyrelevade.com\/blank-c1v7j\/PACK-Somewhere-Partitions-CD-p72234924\">pack album+partitions Somewhere on the Edge of Time<\/a>, de J\u00e9r\u00f4me Peyrelevade<\/li>\n<li>4\u00e8me prix: un T-Shirt Next Gen ou <a href=\"http:\/\/www.jeromepeyrelevade.com\/blank-c1v7j\/T-Shirt-3-OVERDRAW-p115771369\">3 &lsquo; &lsquo; &lsquo;=3\u00b0<\/a> ou <a href=\"http:\/\/www.jeromepeyrelevade.com\/blank-c1v7j\/T-Shirt-OPTIM-4%3D6\u00b0-p115771550\">4&rsquo;=6\u00b0<\/a><\/li>\n<\/ul>\n<p>Un grand bravo \u00e0 tous les participants. L&rsquo;exercice \u00e9tait moins ais\u00e9 que ce qu&rsquo;on peut penser de prime abord et nous esp\u00e9rons que l&rsquo;exercice a \u00e9t\u00e9 b\u00e9n\u00e9fique \u00e0 chacun.<\/p>\n<p>Ceux qui le souhaitent peuvent demander \u00e0 J\u00e9r\u00f4me un feedback sur leur prestation en lui \u00e9crivant sur Facebook.<\/p>\n<p>Par ailleurs, je me suis permis de contribuer au challenge, hors comp\u00e9tition bien s\u00fbr. Voici ma contribution:<\/p>\n<div class=\"wp-playlist wp-audio-playlist wp-playlist-light\">\n\t\t\t<div class=\"wp-playlist-current-item\"><\/div>\n\t\t<audio controls=\"controls\" preload=\"none\" width=\"640\"\n\t\t\t><\/audio>\n\t<div class=\"wp-playlist-next\"><\/div>\n\t<div class=\"wp-playlist-prev\"><\/div>\n\t<noscript>\n\t<ol>\n\t\t<li><a href='https:\/\/www.planetharmonica.com\/NextGen\/wp-content\/uploads\/2019\/01\/Laurent-Vigouroux-MarcheAincourt.mp3'>Laurent-Vigouroux-MarcheAincourt<\/a><\/li>\t<\/ol>\n\t<\/noscript>\n\t<script type=\"application\/json\" class=\"wp-playlist-script\">{\"type\":\"audio\",\"tracklist\":true,\"tracknumbers\":true,\"images\":true,\"artists\":true,\"tracks\":[{\"src\":\"https:\\\/\\\/www.planetharmonica.com\\\/NextGen\\\/wp-content\\\/uploads\\\/2019\\\/01\\\/Laurent-Vigouroux-MarcheAincourt.mp3\",\"type\":\"audio\\\/mpeg\",\"title\":\"Laurent-Vigouroux-MarcheAincourt\",\"caption\":\"\",\"description\":\"<i>Laurent-Vigouroux-MarcheAincourt<\\\/i>.\",\"meta\":{\"length_formatted\":\"0:36\"},\"image\":{\"src\":\"https:\\\/\\\/www.planetharmonica.com\\\/NextGen\\\/wp-includes\\\/images\\\/media\\\/audio.png\",\"width\":48,\"height\":64},\"thumb\":{\"src\":\"https:\\\/\\\/www.planetharmonica.com\\\/NextGen\\\/wp-includes\\\/images\\\/media\\\/audio.png\",\"width\":48,\"height\":64}}]}<\/script>\n<\/div>\n\t\n<p>Laurent Vigouroux<\/p>\n","protected":false},"excerpt":{"rendered":"<p class=\"text-justify mb-2\" >La technique d&rsquo;obtention des alt\u00e9rations et des overblows sur le diatonique a beaucoup \u00e9volu\u00e9 ces derni\u00e8res ann\u00e9es. Les connaissances se sont affin\u00e9es et on sait aujourd&rsquo;hui gr\u00e2ce \u00e0 S\u00e9bastien Charlier que 4 positions de langue sont suffisantes pour produire l&rsquo;ensemble des alt\u00e9rations\/overnotes sur l&rsquo;instrument. Encore [&hellip;]<\/p>\n","protected":false},"author":2,"featured_media":0,"parent":0,"menu_order":0,"comment_status":"closed","ping_status":"closed","template":"","meta":[],"_links":{"self":[{"href":"https:\/\/www.planetharmonica.com\/NextGen\/wp-json\/wp\/v2\/pages\/1593"}],"collection":[{"href":"https:\/\/www.planetharmonica.com\/NextGen\/wp-json\/wp\/v2\/pages"}],"about":[{"href":"https:\/\/www.planetharmonica.com\/NextGen\/wp-json\/wp\/v2\/types\/page"}],"author":[{"embeddable":true,"href":"https:\/\/www.planetharmonica.com\/NextGen\/wp-json\/wp\/v2\/users\/2"}],"replies":[{"embeddable":true,"href":"https:\/\/www.planetharmonica.com\/NextGen\/wp-json\/wp\/v2\/comments?post=1593"}],"version-history":[{"count":29,"href":"https:\/\/www.planetharmonica.com\/NextGen\/wp-json\/wp\/v2\/pages\/1593\/revisions"}],"predecessor-version":[{"id":1738,"href":"https:\/\/www.planetharmonica.com\/NextGen\/wp-json\/wp\/v2\/pages\/1593\/revisions\/1738"}],"wp:attachment":[{"href":"https:\/\/www.planetharmonica.com\/NextGen\/wp-json\/wp\/v2\/media?parent=1593"}],"curies":[{"name":"wp","href":"https:\/\/api.w.org\/{rel}","templated":true}]}}