{"id":1504,"date":"2018-05-26T17:21:47","date_gmt":"2018-05-26T15:21:47","guid":{"rendered":"http:\/\/www.planetharmonica.com\/?page_id=1504"},"modified":"2018-06-27T11:49:56","modified_gmt":"2018-06-27T09:49:56","slug":"brendan-power-fr","status":"publish","type":"page","link":"https:\/\/www.planetharmonica.com\/NextGen\/fr\/interviews-ep-2\/brendan-power-fr\/","title":{"rendered":"Brendan Power FR"},"content":{"rendered":"<p><span style=\"font-size: 14pt;\"><strong>Interview: Les inventions de Brendan Power<\/strong><\/span><\/p>\n<p>Planet Harmonica : Salut Brendan, \u00e7a fait un moment qu\u2019on n\u2019avait pas \u00e9chang\u00e9 depuis ton Spotlight dans Planet Harmonica 3 en 2001 (<a href=\"http:\/\/www.planetharmonica.com\/VE\/SpotlightBPUK.htm\">www.planetharmonica.com\/VE\/SpotlightBPUK.htm<\/a>)!<\/p>\n<p>Dans cet article, tu nous parlais de ce que serait selon toi l\u2019avenir de l\u2019harmonica (au-del\u00e0 des overblow et de la customisation) : d\u2019une part ton syst\u00e8me de lames auxiliaires (\u00ab\u00a0X-Reeds\u00a0\u00bb) et, d\u2019autre part, la transformation d\u2019un harmonica chromatique pour en jouer fa\u00e7on diatonique, et avec toutes les notes. Tu avais \u00e0 l\u2019\u00e9poque travaill\u00e9 sur le super CX-10 (un chromatique accord\u00e9 Richter et semi valv\u00e9) et m\u00eame sur le prototype d\u2019un harmo permettant toutes les alt\u00e9rations gr\u00e2ce aux lames auxiliaires.<\/p>\n<p>Tu as \u00e9t\u00e9 \u00e0 l\u2019origine de nombreuses innovations depuis lors. Quelle est ta vision de l\u2019harmonica aujourd\u2019hui, et peux-tu nous donner un aper\u00e7u de tes derni\u00e8res inventions ?<\/p>\n<p>Brendan : Salut Laurent, c\u2019est sympa d\u2019\u00e9changer \u00e0 nouveau avec toi. Et c\u2019est en effet tr\u00e8s int\u00e9ressant de regarder ensemble ce qui s\u2019est pass\u00e9 depuis le dernier article. La chose la plus importante pour moi, c\u2019est que si je connais bien les harmonicas, je suis moins objectif pour parler des harmonicistes ! Franchement, je m\u2019aper\u00e7ois \u00e0 quel point j\u2019ai sous-estim\u00e9 le conservatisme de leurs mentalit\u00e9s. Le leur, et aussi celui des fabricants.<\/p>\n<p><span style=\"font-weight: 400;\"><a href=\"http:\/\/www.planetharmonica.com\/NextGen\/wp-content\/uploads\/2018\/05\/nih2c.jpg\"><img loading=\"lazy\" class=\"alignleft wp-image-1489 size-medium\" src=\"http:\/\/www.planetharmonica.com\/NextGen\/wp-content\/uploads\/2018\/05\/nih2c-295x300.jpg\" alt=\"\" width=\"295\" height=\"300\" srcset=\"https:\/\/www.planetharmonica.com\/NextGen\/wp-content\/uploads\/2018\/05\/nih2c-295x300.jpg 295w, https:\/\/www.planetharmonica.com\/NextGen\/wp-content\/uploads\/2018\/05\/nih2c-768x781.jpg 768w, https:\/\/www.planetharmonica.com\/NextGen\/wp-content\/uploads\/2018\/05\/nih2c-1006x1024.jpg 1006w, https:\/\/www.planetharmonica.com\/NextGen\/wp-content\/uploads\/2018\/05\/nih2c.jpg 1429w\" sizes=\"(max-width: 295px) 100vw, 295px\" \/><\/a><\/span><\/p>\n<p>Si je suis arriv\u00e9 \u00e0 cette conclusion, c\u2019est parce que finalement peu de choses ont chang\u00e9 depuis cet article de Planet Harmonica paru voici 17 ans. Tout comme en 2001, la grande majorit\u00e9 des chromatistes jouent sur des chromatiques en Do valv\u00e9s, et la plupart des diatonistes continuent \u00e0 utiliser des diato \u00e0 10 trous non valv\u00e9s accord\u00e9s en Richter. Je pensais qu\u2019il y aurait davantage de d\u00e9veloppements vers de nouveaux mod\u00e8les, de nouvelles directions, mais quand on y r\u00e9fl\u00e9chi un peu, ce n\u2019est pas vraiment surprenant de voir que les choses n\u2019ont finalement pas tellement chang\u00e9.<\/p>\n<p><span style=\"font-weight: 400;\">\u00a0<\/span><\/p>\n<p>Ces mod\u00e8les sont tellement ancr\u00e9s dans la m\u00e9moire musculaire des harmonicistes que cela cr\u00e9e une forte r\u00e9sistance au changement. Les accordages et r\u00e9glages peuvent \u00eatre compar\u00e9s \u00e0 nos logiciels et syst\u00e8mes d\u2019exploitations pr\u00e9f\u00e9r\u00e9s. On s\u2019habitue \u00e0 faire les choses d\u2019une certaine fa\u00e7on, comme avec Windows, IOS ou MS Office. On ne veut pas faire autrement, parce que \u00e7a nous d\u00e9range, parce que \u00e7a nous co\u00fbte de l\u2019argent et du temps de \u00ab\u00a0d\u00e9sapprendre\u00a0\u00bb ce que nous savions pour apprendre \u00e0 faire autrement. D\u2019accord, c\u2019est dans la nature humaine : on est tous naturellement paresseux ! Je le suis aussi moi-m\u00eame, en particulier pour les logiciels, je pr\u00e9f\u00e8re rester scotch\u00e9 \u00e0 ce que je connais.<\/p>\n<p>Par ailleurs, les fabricants soutiennent et promeuvent les chromatiques solo et les diatoniques Richter dans la mesure o\u00f9 ce sont des formats simples et s\u00fbrs qu\u2019ils ont test\u00e9s et produits depuis de longues ann\u00e9es. Sans compter les puissants r\u00e9seaux d\u2019enseignants et tout le mat\u00e9riel p\u00e9dagogique, qui se r\u00e9f\u00e8rent toujours aux mod\u00e8les d\u2019harmonicas standards, ou bien l\u2019influence des enregistrements audio ou video de bons harmonicistes utilisant \u00e9galement des instruments standards. Tout cela veut tout simplement dire que, depuis 17 ans, la seule \u00e9volution majeure est que les harmonicistes ont seulement renforc\u00e9 leur capacit\u00e9 \u00e0 jouer sur des instruments standards dont les caract\u00e9ristiques et accordages datent de la fin du 19\u00e8me si\u00e8cle et du d\u00e9but du 20\u00e8me. Avant m\u00eame que les genres de musiques que nous jouons aujourd\u2019hui aient \u00e9t\u00e9 invent\u00e9s : blues, jazz, pop, rock, country, bluegrass\u2026Ca para\u00eet bizarre et un peu d\u00e9cevant de voir que l\u2019on utilise ces vieux sch\u00e9mas pour jouer de la musique au 21\u00e8me si\u00e8cle, mais c\u2019est comme \u00e7a.<\/p>\n<p>Sur le diato, l\u2019\u00e9volution principale depuis 2001 tient \u00e0 l\u2019expansion de l\u2019usage des overblows sur les harmo non valv\u00e9s en Richter. De plus en plus de joueurs y ont recours aujourd\u2019hui. Cette tendance a \u00e9t\u00e9 favoris\u00e9e par les enregistrements et vid\u00e9os que des harmonicistes reconnus dans ce domaine ont publi\u00e9s, ainsi que par la multiplication de mat\u00e9riel p\u00e9dagogique montrant comment jouer les overblows et les overdraws et comment r\u00e9gler les harmos. C\u2019est maintenant devenu une \u00e9vidence pour les diatonistes qui souhaitent passer des basiques du blues au chromatisme total. Bien qu\u2019il existe quelques harmonicas alternatifs con\u00e7us pour cela (par exemple le Suzuki SUB30, le Turboslide), ils supposent que l\u2019harmoniciste modifie sa technique et apprenne une autre mani\u00e8re d\u2019obtenir les notes chromatiques. En plus, ils vont un peu \u00e0 l\u2019encontre de cette tendance que j\u2019\u00e9voquais plus haut, parce que pr\u00e9cis\u00e9ment l\u2019int\u00e9r\u00eat pour les overnotes va croissant. Il existe \u00e9galement des joueurs stars, qui ont pass\u00e9 de nombreuses ann\u00e9es \u00e0 les ma\u00eetriser. Ces experts et ceux qui les suivent ont consacr\u00e9 beaucoup d\u2019argent, de temps et d\u2019effort sur les overnotes et ont appris de nombreux plans gr\u00e2ce \u00e0 cette technique. D\u00e8s lors, on peut comprendre qu\u2019ils pr\u00e9f\u00e8rent rester sur ces acquis.<\/p>\n<p>Dans ces conditions, on pourrait penser que les fabricants auraient pu faire quelque chose pour aider les harmonicistes en proposant de nouveaux harmonicas favorisant les overnotes, et leur permettant d\u2019augmenter leur chiffre d\u2019affaires. Mais malheureusement les hamonicas utilis\u00e9s par les stars de l\u2019overnote n\u2019ont pas chang\u00e9 du tout : ce sont fondamentalement les m\u00eames Marine Band en Richter, r\u00e9gl\u00e9s \u00e0 la main, qu\u2019en 2001. C\u2019est vraiment dommage ! Je suis convaincu qu\u2019il y a beaucoup de potentiel pour un nouveau type d\u2019hamo am\u00e9lior\u00e9, d\u00e9di\u00e9 aux overnotes, et apportant un vrai plus aux harmonicistes.<\/p>\n<p>Je pense par exemple \u00e0 un mini chromatique Richter non valv\u00e9 sp\u00e9cial overnotes, d\u2019une taille identique \u00e0 celle d\u2019un diatonique 10 trous classique. Si on pouvait fabriquer un tel harmo et qu\u2019il sonne aussi bien qu\u2019un diatonique standard, il offrirait au joueur aimant cette approche de nombreuses autres possibilit\u00e9s &#8211; d\u00e9butants et pros compris.<\/p>\n<p>Bien que je ne joue pas d\u2019overnotes moi-m\u00eame (je pr\u00e9f\u00e8re utiliser des chromatiques semi valv\u00e9s ou des diatoniques X-Reeds pour jouer chromatique), j\u2019aime l\u2019id\u00e9e de cr\u00e9er de nouveaux harmo susceptibles d\u2019am\u00e9liorer le potentiel offert par les techniques d\u2019overnotes. J\u2019ai en chantier un projet de mini chrom sp\u00e9cial overblow et j\u2019ai r\u00e9cemment d\u00e9velopp\u00e9 un diatonique non valv\u00e9 am\u00e9liorant la production des overblows.<\/p>\n<p><span style=\"font-weight: 400;\"><a href=\"http:\/\/www.planetharmonica.com\/NextGen\/wp-content\/uploads\/2018\/05\/Booster2.jpg\"><img loading=\"lazy\" class=\"alignright size-full wp-image-1485\" src=\"http:\/\/www.planetharmonica.com\/NextGen\/wp-content\/uploads\/2018\/05\/Booster2.jpg\" alt=\"\" width=\"451\" height=\"293\" srcset=\"https:\/\/www.planetharmonica.com\/NextGen\/wp-content\/uploads\/2018\/05\/Booster2.jpg 451w, https:\/\/www.planetharmonica.com\/NextGen\/wp-content\/uploads\/2018\/05\/Booster2-300x195.jpg 300w\" sizes=\"(max-width: 451px) 100vw, 451px\" \/><\/a><br \/>\n<\/span><\/p>\n<p>Le plus simple est mon Overblow Booster (brevet en cours). Je suis parti de l\u2019id\u00e9e des trous sur les capots, initialement propos\u00e9e sur le Suzuki Overdrive, avec, au bout, un trou pouvant \u00eatre bouch\u00e9 et emp\u00eachant les lames s\u00e9lectionn\u00e9es de jouer les overblows et overdraws. Plut\u00f4t que des capots d\u00e9di\u00e9s, je propose deux petites pi\u00e8ces qui peuvent \u00eatre ins\u00e9r\u00e9es dans les capots de n\u2019importe quel harmonica standard. Du coup, l\u2019harmonica a exactement le m\u00eame aspect ext\u00e9rieur, et il produit le m\u00eame son, les m\u00eames overnotes qu\u2019avant. Mais l\u2019Overblow Booster plac\u00e9 \u00e0 l\u2019int\u00e9rieur am\u00e9liore grandement la qualit\u00e9 des overnotes.<\/p>\n<p>La version deluxe propose un loquet arri\u00e8re qui permet de fermer tous les trous de l\u2019Overblow Booster d\u2019un simple mouvement de la main droite, pour plus de facilit\u00e9.<br \/>\n<iframe src=\"https:\/\/www.youtube.com\/embed\/XSMVe1wG34I\" width=\"560\" height=\"315\" frameborder=\"0\" allowfullscreen=\"allowfullscreen\"><\/iframe><\/p>\n<p>J\u2019ai aussi mis au point un autre harmo, le <strong>SlipSlider<\/strong>, pour am\u00e9liorer les alt\u00e9rations sur les harmo Richter non valv\u00e9s.<\/p>\n<p><span style=\"font-weight: 400;\"><a href=\"http:\/\/www.planetharmonica.com\/NextGen\/wp-content\/uploads\/2018\/05\/SSlider3-2.jpg\"><img loading=\"lazy\" class=\"alignright wp-image-1486 size-medium\" src=\"http:\/\/www.planetharmonica.com\/NextGen\/wp-content\/uploads\/2018\/05\/SSlider3-2-300x224.jpg\" alt=\"\" width=\"300\" height=\"224\" srcset=\"https:\/\/www.planetharmonica.com\/NextGen\/wp-content\/uploads\/2018\/05\/SSlider3-2-300x224.jpg 300w, https:\/\/www.planetharmonica.com\/NextGen\/wp-content\/uploads\/2018\/05\/SSlider3-2-768x574.jpg 768w, https:\/\/www.planetharmonica.com\/NextGen\/wp-content\/uploads\/2018\/05\/SSlider3-2-1024x765.jpg 1024w, https:\/\/www.planetharmonica.com\/NextGen\/wp-content\/uploads\/2018\/05\/SSlider3-2-800x600.jpg 800w, https:\/\/www.planetharmonica.com\/NextGen\/wp-content\/uploads\/2018\/05\/SSlider3-2.jpg 1296w\" sizes=\"(max-width: 300px) 100vw, 300px\" \/><\/a><\/span>Le syst\u00e8me utilise des plaques et des capots standards, mais j\u2019ai compl\u00e8tement redessin\u00e9 le sommier pour permettre \u00e0 la plaque des lames aspir\u00e9es de bouger \u00e0 droite ou \u00e0 gauche par rapport \u00e0 sa position initiale. Ce mouvement donne de nouvelles associations de notes qui permettent d\u2019alt\u00e9rer facilement des notes pr\u00e9c\u00e9demment non alt\u00e9rables.<\/p>\n<p>L\u2019harmo se pr\u00e9sente en deux parties, les lames aspir\u00e9es \u00e9tant fix\u00e9es sur une plaque de Teflon super glisse (la mati\u00e8re qu\u2019on trouve au fond des po\u00ebles, pour \u00e9viter que \u00e7a attache\u2026). Les deux parties de l\u2019harmonica sont fix\u00e9es l\u2019une \u00e0 l\u2019autre gr\u00e2ce \u00e0 un aimant, dans la position initiale qui permet de jouer normalement. Pour obtenir les nouvelles alt\u00e9rations, il suffit de faire glisser la plaque des lames aspir\u00e9es de quelques millim\u00e8tres vers la gauche ou vers la droite, d\u2019un simple mouvement de la main.<span class=\"Apple-converted-space\">\u00a0<\/span><\/p>\n<p>Voici le diagramme montrant la disposition des notes dans les trois positions.<\/p>\n<p><a href=\"http:\/\/www.planetharmonica.com\/NextGen\/wp-content\/uploads\/2018\/05\/tuningdiagram.jpg\"><img loading=\"lazy\" class=\"size-full wp-image-1480 aligncenter\" src=\"http:\/\/www.planetharmonica.com\/NextGen\/wp-content\/uploads\/2018\/05\/tuningdiagram.jpg\" alt=\"\" width=\"458\" height=\"377\" srcset=\"https:\/\/www.planetharmonica.com\/NextGen\/wp-content\/uploads\/2018\/05\/tuningdiagram.jpg 458w, https:\/\/www.planetharmonica.com\/NextGen\/wp-content\/uploads\/2018\/05\/tuningdiagram-300x247.jpg 300w\" sizes=\"(max-width: 458px) 100vw, 458px\" \/><\/a><\/p>\n<ol>\n<li>Position de d\u00e9part : pour jouer exactement comme avec un harmonica standard.<\/li>\n<li>Plaque \u00e0 droite : on obtient de nouvelles alt\u00e9rations souffl\u00e9es dans les deux octaves graves, les octaves a\u00efgues restant les m\u00eames.<\/li>\n<li>Plaque \u00e0 gauche : on obtient de nouvelles alt\u00e9rations aspir\u00e9es dans l\u2019octave du haut, les deux octaves bas restant les m\u00eames.<\/li>\n<\/ol>\n<p>Le SlipSlider reste un harmonica classique, les harmonicistes peuvent donc continuer \u00e0 utiliser leur technique et jouer leurs plans habituels. Mais s\u2019ils veulent de nouvelles possibilit\u00e9s d\u2019expression, de nouvelles alt\u00e9rations, ou bien une alternative aux overblows, ils peuvent imm\u00e9diatement les obtenir par un simple mouvement de la main sur le capot. Et les joueurs qui ne peuvent jouer d\u2019overblows ou qui pr\u00e9f\u00e8rent le son des alt\u00e9rations normales peuvent jouer compl\u00e8tement chromatique sur le diatonique sans jouer d\u2019overnotes. Je vous explique tout \u00e7a dans cette vid\u00e9o :<\/p>\n<p>&nbsp;<\/p>\n<p><iframe src=\"https:\/\/www.youtube.com\/embed\/LJlYQpwWFJg\" width=\"560\" height=\"315\" frameborder=\"0\" allowfullscreen=\"allowfullscreen\" data-mce-fragment=\"1\"><\/iframe><\/p>\n<p>Mon Overblow Booster et mon SlipSlider sont con\u00e7us pour am\u00e9liorer la performance des joueurs d\u2019overblows. Mais malgr\u00e9 la domination des harmo non valv\u00e9s RIchter traditionnels sur le march\u00e9 du diatonique, un nombre croissant de joueurs essaient d\u2019autres approches. On peut voir sur You Tube comment ils customises et modifient l\u2019accordage de leurs harmonicas, et certains adoptent des formats non standards.<\/p>\n<p>Les demi valv\u00e9s (que j\u2019ai invent\u00e9es en 1980 et que j\u2019ai utilis\u00e9s pendant toute ma carri\u00e8re) sont de plus en plus populaires.<\/p>\n<p>PT Gazell a fait beaucoup pour cela, avec ses harmos Seydel valv\u00e9s et ses modules de formation; Une fois que vous avez essay\u00e9 les semi valv\u00e9s, c\u2019est dur de revenir aux harmo non valv\u00e9s et je pense qu\u2019ils gagneront encore en notori\u00e9t\u00e9 dans les prochaines ann\u00e9es.<\/p>\n<p>Certains de mes accordages alternatifs (comme le Paddy Richter, PowerBender, Power Draw et PowerChromatic) commencent \u00e0 int\u00e9resser du monde, tout comme les accordages Diminished, Bebop et Circular. Je pense que de nombreux joueurs passeront aux accordages alternatifs \u00e0 l\u2019avenir, mais cela se fera progressivement. Parce qu\u2019apprendre un nouvel accordage, c\u2019est comme apprendre un nouveau logiciel, comme on l\u2019a d\u00e9j\u00e0 \u00e9voqu\u00e9 : \u00e7a demande du travail et du temps. En plus, il faut comprendre les gammes et le fonctionnement d\u2019un harmonica, et il faut reconna\u00eetre que beaucoup d\u2019harmonicistes n\u2019y connaissent rien !<\/p>\n<p>Les harmonicas de type extra-reed (X-Reed) favorisant les alt\u00e9rations ont connu un succ\u00e8s mitig\u00e9 au cours des 17 derni\u00e8res ann\u00e9es. Hohner a stopp\u00e9 la production du XB40 dix ans apr\u00e8s son lancement, et le Suzuki SUB30 n\u2019a pas trouv\u00e9 son public. Personnellement, je pense que ces \u00e9checs sont principalement dus au fait que ces mod\u00e8les n\u2019\u00e9taient pas suffisamment optimis\u00e9s pour fournir \u00e0 la fois facilit\u00e9 de jeu et qualit\u00e9 du son.<\/p>\n<p>Le XB40 \u00e9tait trop gros, il ne sonnait pas terrible et les alt\u00e9rations \u00e9taient difficiles \u00e0 ma\u00eetriser. Le SUB30 \u00e9tait quant \u00e0 lui plus facile \u00e0 alt\u00e9rer mais la qualit\u00e9 de fabrication n\u2019\u00e9tait pas au rendez-vous : la plaque sup\u00e9rieure manquait d\u2019\u00e9tanch\u00e9it\u00e9 et il fallait la retravailler en profondeur pour pouvoir jouer correctement. Pour am\u00e9liorer tout \u00e7a, j\u2019ai lanc\u00e9 <a href=\"http:\/\/X-Reed.com\">X-Reed.com<\/a> avec Zombor Kovacs. On a fabriqu\u00e9 plusieurs harmos X-Reed sur la base de plaques de SUB30, mais ils \u00e9taient assez chers compte tenu de la main d\u2019oeuvre n\u00e9cessaire. On a d\u00e9velopp\u00e9 les plaques OverPlate qui ont am\u00e9lior\u00e9 largement l\u2019harmo, mais Suzuki n\u2019\u00e9tait manifestement pas d\u00e9sireux de travailler \u00e0 l\u2019am\u00e9lioration de ses plaques de SUB30, ni d\u2019ajouter une plaque OverPlate. Et puisque les harmo de production ne fonctionnent pas bien, ce n\u2019est pas \u00e9tonnant que personne n\u2019en ait voulu. Toutefois, je suis toujours fermement convaincu qu\u2019un harmonica de type X-Reed, \u00e0 co\u00fbt raisonnable et sonnant super pourrait avoir beaucoup de succ\u00e8s, et je continue d\u2019ailleurs \u00e0 travailler dans cette direction.<\/p>\n<p>Sur le front des chromatiques, pas d\u2019avanc\u00e9e notable non plus. De nouveaux mod\u00e8les sont sortis et sonnent plut\u00f4t bien, faits de mat\u00e9riaux modernes (ex: les s\u00e9ries ACE et 64 d\u2019Hohner, avec leurs peignes en plastique ABS moul\u00e9) mais ils jouent toujours aujourd\u2019hui les m\u00eames notes qu\u2019en 2001.<\/p>\n<p>C\u2019est pour moi assez d\u00e9cevant &#8211; \u00e7a fait maintenant 100 ans qu\u2019on a sorti le premier chromatique, et on n\u2019a pas am\u00e9lior\u00e9 les fonctionnalit\u00e9s de cet instrument (davantage d\u2019options etc.) depuis tout ce temps ! Je pense qu\u2019il est plus que temps de r\u00e9fl\u00e9chir \u00e0 de nouveaux d\u00e9veloppements pour le chromatique, mais je crains qu\u2019on n\u2019ait pas grand chose \u00e0 attendre des industriels du secteur. Ils sont d\u00e9sesp\u00e9r\u00e9ment scl\u00e9ros\u00e9s dans leurs anciennes fa\u00e7ons de penser.<\/p>\n<p>Un \u00e9v\u00e9nement marquant s\u2019est pass\u00e9 depuis 2001 : l\u2019arriv\u00e9e massive des industriels chinois sur le march\u00e9. Les marques principales sont Swan et Easttop &#8211; Easttop en particulier en raison de l\u2019excellente qualit\u00e9 et jouabilit\u00e9 de leurs harmonicas diatoniques et chromatiques. Je pense que les fabricants chinois vont continuer \u00e0 grignoter des parts de march\u00e9 gr\u00e2ce \u00e0 la meilleure qualit\u00e9 et au prix comp\u00e9titifs de leurs instruments. Mais, de la m\u00eame mani\u00e8re, ils n\u2019apportent rien de radicalement nouveau, ils proposent seulement leur propre version de ce qu\u2019on conna\u00eet depuis tr\u00e8s longtemps.<\/p>\n<p>La bonne nouvelle est que, de nos jours, on n\u2019est plus oblig\u00e9s de s\u2019en tenir aux seuls industriels. C\u2019est devenu plus facile pour de petits artisans travaillant chez eux de produire des harmonicas r\u00e9ellement int\u00e9ressants et innovants. Des machines num\u00e9riques domestiques \u00e0 bas co\u00fbt, comme les d\u00e9coupeuses laser, les meuleuses miniature, les imprimantes 3D permettent \u00e0 n\u2019importe qui ayant des id\u00e9es et connaissant un peu la conception assist\u00e9e par ordinateur de cr\u00e9er de nouveaux mod\u00e8les d\u2019harmo vraiment uniques.<span class=\"Apple-converted-space\">\u00a0 <\/span>C\u2019est quelque chose qui m\u2019int\u00e9resse vraiment beaucoup, autant pour mon propre plaisir que pour apporter aux autres de nouvelles possibilit\u00e9s que les industriels ne peuvent proposer.<\/p>\n<p>En ce qui concerne ma propre production, j\u2019ai deux axes principaux : ce que je fabrique dans mon atelier, et les harmo que j\u2019ach\u00e8te \u00ab\u00a0made in China\u00a0\u00bb. Les harmos que je fabrique \u00e0 l\u2019atelier sont plut\u00f4t des produits de niche, comme mon DoubleChrom (double chromatic: http:\/\/www.brendan-power.com\/harmonicas-twin.php) and TwinDiatonics (<a href=\"http:\/\/www.brendan-power.com\/harmonicas-twin-diatonic.php\">http:\/\/www.brendan-power.com\/harmonicas-twin-diatonic.php<\/a>). Les deux principaux mod\u00e8les industriels chinois que j\u2019utilise sont le Lucky 13 (harmonica diatonique plus long) et le AsiaBend (un harmo x-reed). Le Lucky 13 a beaucoup de succ\u00e8s, il est maintenant disponible dans plusieurs accordages &#8211; Richter, Paddy Richter, PowerBender, PowerDraw &#8211; et d\u2019autres sont en projet.<\/p>\n<p>Planet Harmonica : en effet, j\u2019ai moi-m\u00eame \u00e9t\u00e9 tr\u00e8s surpris par le AsiaBend : un harmo x-reed sur un peigne chromatique, pr\u00e9sentant uniquement des notes aspir\u00e9es, ce qui permet d\u2019alt\u00e9rer chaque note d\u2019une gamme diatonique majeure (et de ses modes relatifs) de haut en bas depuis les autres notes de la gamme. Ca transforme r\u00e9ellement l\u2019harmonica en un v\u00e9ritable instrument pour les musicians asiatiques\/indiens.<\/p>\n<p><iframe src=\"https:\/\/www.youtube.com\/embed\/PWpeIwjCvoM\" width=\"560\" height=\"315\" frameborder=\"0\" allowfullscreen=\"allowfullscreen\" data-mce-fragment=\"1\"><\/iframe><\/p>\n<p>Que pr\u00e9vois-tu de faire maintenant ?<\/p>\n<p>Brendan : je vais continuer de d\u00e9velopper de nouveaux mod\u00e8les dans des directions qui m\u2019int\u00e9ressent particuli\u00e8rement : les accordages alternatifs, les harmonicas de type X-Reed, l\u2019assemblage d\u2019harmos entre eux pour en faire de nouveaux, des chromatiques sophistiqu\u00e9s offrant au joueur plus d\u2019options etc. Est-ce que \u00e7a va marcher, je n\u2019en sais rien, mais j\u2019adore cette phase de recherche et d\u00e9veloppement en tant que telle, et je vais m\u2019y tenir. Et il y aura encore plus de petits customisateurs qui vont arriver, et qui apporteront autant de nouvelles id\u00e9es \u00e0 l\u2019avenir. C\u2019est bon pour tout le monde, je pense.<\/p>\n<p>Pour mon usage personnel, j\u2019aimerais cr\u00e9er un harmonica qui pourrait tout faire : totalement chromatique avec de multiples possibilit\u00e9s de trilles, la capacit\u00e9 d\u2019alt\u00e9rer toutes les notes quel que soit l\u2019accordage. En fait, un X-Reed chromatique qui jouerait fantastiquement bien. Ca ne conviendrait sans doute pas \u00e0 tout le monde, mais c\u2019est mon r\u00e8ve d\u2019harmo ! Je travaille dessus\u2026<\/p>\n<p>Jusqu\u2019\u00e0 pr\u00e9sent, j\u2019ai surtout parl\u00e9 d\u2019harmonicas conventionnels avec lames. La seule GROSSE nouveaut\u00e9 dans l\u2019histoire r\u00e9cente de l\u2019harmonica a \u00e9t\u00e9 la sortie, en 2017, de l\u2019harmo DM48 MIDI cr\u00e9\u00e9 par Erik Lekholm. Ce truc est hallucinant ! Ca peut jouer tous les sons que tu veux, dans n\u2019importe quelle tonalit\u00e9 et octave. Il n\u2019est pas destin\u00e9 \u00e0 tout le monde, il offre au joueur aventureux la possibilit\u00e9 de faire des choses qu\u2019il ne pourrait pas faire avec sa technique habituelle. J\u2019adore le DM48 et j\u2019ai cr\u00e9\u00e9 quelques accessoires qui permettent aux diatonistes de l\u2019utiliser plus facilement : un Mini PitchBender et une interface avec une embouchure de diato. Je pense que le DM48 sera suivi d\u2019autres harmonicas MIDI &#8211; Je sais que Jim Antaki travaille sur un mod\u00e8le, et d\u2019autres aussi. C\u2019est la nouvelle fronti\u00e8re pour les harmonicistes, c\u2019est s\u00fbr !<\/p>\n<p>D\u2019o\u00f9 qu\u2019ils proviennent et quel que soit leur type, je suis s\u00fbr que de nouveaux harmonicas \u00e9mergeront d\u2019ici 2030 et feront progresser l\u2019instrument dans de nouvelles et audacieuses directions. Et franchement, il est temps !<\/p>\n<p>Planet Harmonica : un grand merci Brendan pour cet \u00e9change. J\u2019esp\u00e8re qu\u2019on n\u2019aura pas \u00e0 attendre 17 ans pour se reparler \u00e0 nouveau !<\/p>\n<p><a href=\"http:\/\/www.brendan-power.com\">http:\/\/www.brendan-power.com<\/a><\/p>\n","protected":false},"excerpt":{"rendered":"<p class=\"text-justify mb-2\" >Interview: Les inventions de Brendan Power Planet Harmonica : Salut Brendan, \u00e7a fait un moment qu\u2019on n\u2019avait pas \u00e9chang\u00e9 depuis ton Spotlight dans Planet Harmonica 3 en 2001 (www.planetharmonica.com\/VE\/SpotlightBPUK.htm)! Dans cet article, tu nous parlais de ce que serait selon toi l\u2019avenir de l\u2019harmonica (au-del\u00e0 [&hellip;]<\/p>\n","protected":false},"author":2,"featured_media":0,"parent":1412,"menu_order":0,"comment_status":"closed","ping_status":"closed","template":"","meta":[],"_links":{"self":[{"href":"https:\/\/www.planetharmonica.com\/NextGen\/wp-json\/wp\/v2\/pages\/1504"}],"collection":[{"href":"https:\/\/www.planetharmonica.com\/NextGen\/wp-json\/wp\/v2\/pages"}],"about":[{"href":"https:\/\/www.planetharmonica.com\/NextGen\/wp-json\/wp\/v2\/types\/page"}],"author":[{"embeddable":true,"href":"https:\/\/www.planetharmonica.com\/NextGen\/wp-json\/wp\/v2\/users\/2"}],"replies":[{"embeddable":true,"href":"https:\/\/www.planetharmonica.com\/NextGen\/wp-json\/wp\/v2\/comments?post=1504"}],"version-history":[{"count":5,"href":"https:\/\/www.planetharmonica.com\/NextGen\/wp-json\/wp\/v2\/pages\/1504\/revisions"}],"predecessor-version":[{"id":1870,"href":"https:\/\/www.planetharmonica.com\/NextGen\/wp-json\/wp\/v2\/pages\/1504\/revisions\/1870"}],"up":[{"embeddable":true,"href":"https:\/\/www.planetharmonica.com\/NextGen\/wp-json\/wp\/v2\/pages\/1412"}],"wp:attachment":[{"href":"https:\/\/www.planetharmonica.com\/NextGen\/wp-json\/wp\/v2\/media?parent=1504"}],"curies":[{"name":"wp","href":"https:\/\/api.w.org\/{rel}","templated":true}]}}