{"id":1394,"date":"2018-04-09T09:32:25","date_gmt":"2018-04-09T07:32:25","guid":{"rendered":"http:\/\/www.planetharmonica.com\/?page_id=1394"},"modified":"2018-07-02T14:47:36","modified_gmt":"2018-07-02T12:47:36","slug":"entretien-avec-joe-filisko","status":"publish","type":"page","link":"https:\/\/www.planetharmonica.com\/NextGen\/fr\/interviews-ep-2\/entretien-avec-joe-filisko\/","title":{"rendered":"Entretien avec Joe Filisko"},"content":{"rendered":"<figure id=\"attachment_1395\" aria-describedby=\"caption-attachment-1395\" style=\"width: 300px\" class=\"wp-caption alignleft\"><a href=\"http:\/\/www.planetharmonica.com\/NextGen\/wp-content\/uploads\/2018\/04\/Joe-Filisko-NAMM-2012_Bart-Thomas.jpg\"><img loading=\"lazy\" class=\"wp-image-1395 size-medium\" src=\"http:\/\/www.planetharmonica.com\/NextGen\/wp-content\/uploads\/2018\/04\/Joe-Filisko-NAMM-2012_Bart-Thomas-300x168.jpg\" alt=\"\" width=\"300\" height=\"168\" srcset=\"https:\/\/www.planetharmonica.com\/NextGen\/wp-content\/uploads\/2018\/04\/Joe-Filisko-NAMM-2012_Bart-Thomas-300x168.jpg 300w, https:\/\/www.planetharmonica.com\/NextGen\/wp-content\/uploads\/2018\/04\/Joe-Filisko-NAMM-2012_Bart-Thomas-768x431.jpg 768w, https:\/\/www.planetharmonica.com\/NextGen\/wp-content\/uploads\/2018\/04\/Joe-Filisko-NAMM-2012_Bart-Thomas-1024x574.jpg 1024w\" sizes=\"(max-width: 300px) 100vw, 300px\" \/><\/a><figcaption id=\"caption-attachment-1395\" class=\"wp-caption-text\">Joe Filisko (c Bart Thomas)<\/figcaption><\/figure>\n<p>C&rsquo;est mon tout premier entretien r\u00e9alis\u00e9 dans une langue \u00e9trang\u00e8re; je me sens tr\u00e8s heureux et honor\u00e9 de l&rsquo;avoir effectu\u00e9 avec Joe Filisko (Pas supersticieux, mais c&rsquo;est comme un bon pr\u00e9sage<img src=\"http:\/\/harmonicacontact.com\/.smileys\/smiley9.gif\" alt=\"\" \/>).<br \/>\nJ&rsquo;ai d\u00e9couvert Joe Filisko il y a pr\u00e8s de 20ans, et Nicolas Fouquet (alias Froggy) qui l&rsquo;avait rencontr\u00e9 au moins deux fois \u00e0 la convention de SPAH m&rsquo;avait dit encore plus de belles choses \u00e0 son sujet et cel\u00e0 pendant des heures. Joe est r\u00e9ellement une personne que j&rsquo;appr\u00e9cie et respecte beaucoup, pour l&rsquo;homme lui-m\u00eame et tout ce qu&rsquo;il repr\u00e9sente pour l&rsquo;univers de l&rsquo;harmonica. Un super gars, vraiment tr\u00e8s impliqu\u00e9 partout pour l&rsquo;harmonica, son avancement, pour les autres, l&rsquo;histoire de la musique etc&#8230; Mais tellement secret pour moi, peut \u00eatre parce que je suis un peu timide moi-m\u00eame. Joe est venu avec Eric Noden en 2007, pour faire un \u00ab\u00a0workshop\u00a0\u00bb innoubliable et pour jouer au premier des plus grands festivals d&rsquo;harmonica fran\u00e7ais (Les Harmonicales <span style=\"color: #993300;\">pr\u00e8s<\/span> de Limoges). C&rsquo;\u00e9tait le parrain de ce super \u00e9v\u00e9nement. Ca fait que quand Joe a accept\u00e9 cet entretien, je suis <span style=\"color: #993300;\">arriv\u00e9<\/span> avec une bonne centaine de questions <img src=\"http:\/\/harmonicacontact.com\/.smileys\/smiley4.gif\" alt=\"\" \/> (20 ans de questions!!!)&#8230; Beaucoup, j&rsquo;en conviens, mais pas tant au regard de son immense investissement! L&rsquo;entretien allait \u00eatre long et nous avons eu l&rsquo;id\u00e9e de diviser les questions pour couvrir diff\u00e9rents principaux sujets pour lesquels je savais que Joe avait beaucoup \u00e0 partager (d&rsquo;autres entretiens viendront plus tard). Joe est une r\u00e9f\u00e9rence pour nombre d&rsquo;entre nous, et son savoir \u00e9tendu sur diff\u00e9rents sujets int\u00e9resse l&rsquo;immense majorit\u00e9 d&rsquo;entre nous. Ce premier \u00e9change est le plus g\u00e9n\u00e9ral, sp\u00e9cialement pour ceux qui ne connaissent pas Joe parce qu&rsquo;ils d\u00e9couvrent l&rsquo;instrument, et je suppose parce qu&rsquo;ils viennent d&rsquo;autre parties du monde. Si une question que vous attendiez n&rsquo;est pas ici, elle pourrait bien venir plus tard (et mes prochaines\u00a0 introductions seront plus courtes)&#8230;<\/p>\n<p><span style=\"color: #5e0606;\">Patrice Rayon &gt; Tu es n\u00e9 en Allemagne en 1967. Y as tu v\u00e9cu longtemps? Suffisamment pour t&rsquo;en souvenir?<\/span><br \/>\nJoe Filisko &gt; J&rsquo;ai le regret de dire que je n&rsquo;y a v\u00e9cu que quelques mois.<\/p>\n<p><span style=\"color: #5e0606;\">Patrice R. &gt; Comment est n\u00e9 ton int\u00e9r\u00eat pour la musique ? As-tu eu des influences, peut \u00eatre dans ta famille, tes amis ?<\/span><br \/>\nJoe F. &gt; La musique m&rsquo;a toujours fascin\u00e9. J&rsquo;ai vraiment \u00e9t\u00e9 pris par elle quand j&rsquo;\u00e9tais au lyc\u00e9e et plus encore quand j&rsquo;\u00e9tais en \u00e9cole sup\u00e9rieure. Je n&rsquo;ai pas grandi dans une famile musicale. J&rsquo;y suis arriv\u00e9 presque tout seul et j&rsquo;ai re\u00e7u des conseils et des encouragements de la part de mes amis et de mon cousin Steve Bourque.<\/p>\n<p><span style=\"color: #5e0606;\">PR &gt; Tu veux dire que ton cousin Steve \u00e9tait musicien ou peut-\u00eatre a-t-il ressenti quelque chose en toi qui l&rsquo;a incit\u00e9 \u00e0 t&rsquo;encourager?<\/span><br \/>\nJF &gt; Steve est un musicien. Il a fait un excellent travail en me montrant des choses que j&rsquo;avais besoin de savoir sur la guitare et \u00e9tait une merveilleuse source d&rsquo;encouragement en effet!<\/p>\n<p><span style=\"color: #5e0606;\">PR &gt; Comment as-tu commenc\u00e9 la musique ? Quel instrument ? Peux-tu nous raconter l&rsquo;histoire ?<\/span><br \/>\nJF &gt; J&rsquo;ai vraiment \u00e9t\u00e9 fascin\u00e9 par la guitare au lyc\u00e9e et l&rsquo;ai \u00e9tudi\u00e9 un peu \u00e0 l&rsquo;universit\u00e9. C&rsquo;est alors que j&rsquo;ai vraiment commenc\u00e9 \u00e0 \u00e9couter de la musique \u00ab\u00a0American Roots\u00a0\u00bb et Blues et mon int\u00e9r\u00eat profond pour l&rsquo;harmonica a commenc\u00e9.<\/p>\n<p><span style=\"color: #5e0606;\">PR &gt; En France, ce qu&rsquo;on appelle \u00ab\u00a0college\u00a0\u00bb est avant l&rsquo;\u00e9cole sup\u00e9rieure. Ainsi je comprends que chez toi l&rsquo;\u00e9tape juste apr\u00e8s \u00ab\u00a0high school\u00a0\u00bb c&rsquo;est le \u00ab\u00a0college\u00a0\u00bb n&rsquo;est-ce pas?<\/span><br \/>\nJF &gt; Oui c&rsquo;est \u00e7a.\u00a0 \u00ab\u00a0High school\u00a0\u00bb ce sont les <a href=\"https:\/\/fr.wikipedia.org\/wiki\/Enseignement_secondaire_aux_%C3%89tats-Unis\" target=\"_blank\" rel=\"noopener\">grades<\/a> 9, 10, 11 and 12.\u00a0 \u00ab\u00a0College\u00a0\u00bb est au del\u00e0 de \u00e7a.<\/p>\n<p><span style=\"color: #5e0606;\">PR &gt; Comment en es-tu arriv\u00e9 \u00e0 t&rsquo;int\u00e9resser \u00e0 l&rsquo;harmonica ?<\/span><br \/>\nJF &gt; L&rsquo;harmonica m&rsquo;a fascin\u00e9 pour <span style=\"color: #993300;\">plusieurs<\/span> raisons. J&rsquo;ai vraiment aim\u00e9 sa \u00ab\u00a0portabilit\u00e9\u00a0\u00bb et j&rsquo;ai \u00e9t\u00e9 hypnotis\u00e9 par le son. J&rsquo;ai \u00e9galement \u00e9t\u00e9 profond\u00e9ment \u00e9merveill\u00e9 par le manque total de visuels. Apprendre la guitare \u00e9tait facile pour moi car je pouvais assez facilement reproduire ce que je voyais. Avec le jeu de l&rsquo;harmonica, il n&rsquo;y a pas grand chose \u00e0 voir.<\/p>\n<p><span style=\"color: #5e0606;\">PR &gt; Tes instruments: guitare, harmonica, voix &#8230; d&rsquo;autres ?<\/span><br \/>\nJF &gt; Je joue aussi de la batterie et de la basse. J&rsquo;adore le triangle cajun et le didgeridoo aussi.<\/p>\n<div><span style=\"color: #5e0606;\">PR &gt; Wahou! Je n&rsquo;ai jamais entendu parler du triangle Cajun! Tous ces instruments sont tr\u00e8s rythmiques! T&rsquo;int\u00e9ressais-tu au travail sur le rythme ou \u00e9tais-tu juste attir\u00e9 et l&rsquo;aspect rythmique \u00e9tait un hasard?<\/span><\/div>\n<div>JF &gt; <span class=\"x_Apple-style-span\">Jouer avec Eric m&rsquo;a amen\u00e9 \u00e0 avoir un amour beaucoup plus profond du rythme et du groove n\u00e9cessaires au triangle en effet. J&rsquo;adore aussi les instruments peu <span style=\"color: #993300;\">sophistiqu\u00e9s<\/span>, ce qui est certainement aussi le cas.<\/span><\/div>\n<p><iframe src=\"https:\/\/www.youtube.com\/embed\/fkyGlM5o9G4\" width=\"280\" height=\"158\" frameborder=\"0\" allowfullscreen=\"allowfullscreen\" data-mce-fragment=\"1\"><\/iframe><\/p>\n<p>Exemple de jeu de triangle Cajun<\/p>\n<p><span style=\"color: #5e0606;\">PR &gt; La respiration circulaire est n\u00e9cessaire avec le Didgeridoo. Utilises-tu cette technique parfois avec l&rsquo;harmonica? Et si oui: de la m\u00eame mani\u00e8re ou diff\u00e9remment ?<\/span><br \/>\nJF &gt; <span class=\"x_Apple-style-span\">J&rsquo;exp\u00e9rimente occasionnellement mais je n&rsquo;ai pas encore trouv\u00e9 d&rsquo;utilisation pour l&rsquo;utiliser en direct ou l&rsquo;utiliser dans un enregistrement. \u00a0Jim Liban l&rsquo;a utilis\u00e9 efficacement pendant son spectacle. J&rsquo;ai aussi soup\u00e7onn\u00e9 que El Watson aurait pu l&rsquo;utiliser pour sa chanson \u00ab\u00a0Narrow Gauge Blues\u00a0\u00bb.<\/span><\/p>\n<p><span style=\"color: #5e0606;\">PR &gt; Quand tu parles de musique cajun&#8230; La premi\u00e8re personne qui me vient \u00e0 l&rsquo;esprit est Jerry Devillier qui est un de tes bons amis, et quelqu&rsquo;un que j&rsquo;appr\u00e9cie beaucoup moi aussi. Connais tu Jerry depuis longtemps et est-ce lui qui t&rsquo;a fait connaitre le triangle cajun? Peut-\u00eatre m\u00eame la musique cajun?<\/span><\/p>\n<p>JF &gt; J&rsquo;ai connu Jerry il y a environ 10 \u00e0 15 ans. <a href=\"http:\/\/harmonicacontact.com\/Images\/articles\/JerryDevillier_par_bibi.jpg\" target=\"_blank\" rel=\"noopener\"><img src=\"http:\/\/harmonicacontact.com\/Images\/articles\/JerryDevillier_par_bibi_petite.jpg\" alt=\"\" align=\"left\" hspace=\"3\" vspace=\"7\" \/><\/a>Je l&rsquo;ai rencontr\u00e9 pour la premi\u00e8re fois \u00e0 un festival \u00e0 Birmingham en Alabama et je me suis charg\u00e9 de le faire venir depuis lors \u00e0 la convention de la SPAH pour partager son jeu et sa musique. Il a sembl\u00e9 \u00eatre impressionn\u00e9 par le fait que je savais et pouvais jouer une partie du r\u00e9pertoire traditionnel cajun. Devenir ami avec lui n&rsquo;a fait qu&rsquo;augmenter ma passion pour la musique cajun et la jouer \u00e0 l&rsquo;harmonica. Appr\u00e9hender l&rsquo;harmonica comme si c&rsquo;\u00e9tait un accord\u00e9on est un style de jeu qui a chang\u00e9 la fa\u00e7on dont je pense et joue de la musique \u00ab\u00a0Folk\u00a0\u00bb. Jerry m&rsquo;a en effet expos\u00e9 au monde du triangle cajun.<\/p>\n<p><span style=\"color: #5e0606;\">PR &gt; As-tu appris seul ou avec des profs ? Pour quel instrument ?<\/span><br \/>\nJF &gt; J&rsquo;ai eu un prof de guitare pendant mes \u00e9tudes sup\u00e9rieures, <a href=\"http:\/\/www.filisko.com\/bio\/photos\/#bwg8\/61\" target=\"_blank\" rel=\"noopener\">Jeff Jaskowiak<\/a><img src=\"http:\/\/harmonicacontact.com\/Images\/lien_externe_gris.png\" alt=\"\" \/>.\u00a0 Bien qu&rsquo;il puisse \u00eatre vrai que je n&rsquo;avais pas de professeur pour l&rsquo;harmonica, j&rsquo;ai appris d&rsquo;innombrables choses des ma\u00eetres vivants et d\u00e9c\u00e9d\u00e9s. J&rsquo;ai transcrit des centaines d&rsquo;enregistrements d&rsquo;harmonica. J&rsquo;ai \u00e9galement beaucoup appris des nombreux joueurs professionnels qui ont utilis\u00e9 mes services de personnalisation et de mise \u00e0 niveau de l&rsquo;harmonica. J&rsquo;ai eu de nombreux ma\u00eetres aussi, qui sont venus parler \u00e0 mes cours hebdomadaires \u00e0 la \u00ab\u00a0Old Town School of Folk Music\u00a0\u00bb de Chicago. A ce propos, tu peux des choses sur <a href=\"http:\/\/www.youmissedmonday.com\/\" target=\"_blank\" rel=\"noopener\">www.YouMissedMonday.com<\/a><img src=\"http:\/\/harmonicacontact.com\/Images\/lien_externe_gris.png\" alt=\"\" \/>.<\/p>\n<p><span style=\"color: #5e0606;\">PR &gt; As-tu particip\u00e9 \u00e0 des \u00e9v\u00e9nements d&rsquo;harmonica comme des ateliers, masterclass ou autre avant de devenir professionnel?<\/span><br \/>\nJF &gt; Je suis all\u00e9 \u00e0 mon premier festival SPAH harmonica en 1990 et j&rsquo;ai commenc\u00e9 \u00e0 enseigner \u00e0 la \u00ab\u00a0Old Town School of Folk Music\u00a0\u00bb de Chicago en 1992. Je ne suis pas s\u00fbr de l&rsquo;ann\u00e9e o\u00f9 j&rsquo;ai commenc\u00e9 \u00e0 jouer professionnellement. Ca a \u00e9t\u00e9 progressif. J&rsquo;ai commenc\u00e9 \u00e0 jouer avec Eric Noden en 2003.<\/p>\n<p><span style=\"color: #5e0606;\">PR &gt; Avais-tu un autre travail avant ? En fait j&rsquo;ai lu que tu \u00e9tais \u00ab\u00a0machinist\u00a0\u00bb, mais je ne suis pas s\u00fbr de comprendre. Je connais les machinistes pour le cin\u00e9ma ?!&#8230;<\/span><br \/>\nJF &gt; J&rsquo;ai un dipl\u00f4me d&rsquo;\u00e9tudes sup\u00e9rieures en \u00ab\u00a0m\u00e9tallerie-outil\u00a0\u00bb. Cela m&rsquo;a donn\u00e9 un avantage lorsque j&rsquo;ai d\u00e9cid\u00e9 de commencer \u00e0 travailler sur la r\u00e9paration, la mise \u00e0 niveau, la modification et la personnalisation des harmonicas.<\/p>\n<p><span style=\"color: #5e0606;\">PR &gt; Joues-tu seulement du diatonique ou d&rsquo;autres familles d&rsquo;harmonicas ?<\/span><br \/>\nJF &gt; Un peu de chromatique mais mon coeur est avec les Marine Band diatoniques 10 trous \u00e0 coup s\u00fbr.<\/p>\n<p><span style=\"color: #5e0606;\">PR &gt; Tu joues en \u00ab\u00a0cul-de-poule\u00a0\u00bb ou en \u00ab\u00a0tongue blocking\u00a0\u00bb ?<\/span><br \/>\nJF &gt; Je peux tr\u00e8s bien faire les deux mais <span style=\"color: #993300;\">mon jeu par d\u00e9faut<\/span>\u00a0est le \u00ab\u00a0tongue blocking\u00a0\u00bb. Je suis venu \u00e0 me consid\u00e9rer comme un joueur de \u00abson et de ton\u00bb et le \u00ab\u00a0tongue blocking\u00a0\u00bb est le mieux adapt\u00e9 \u00e0 cette approche. Le \u00ab\u00a0cul-de-poule\u00a0\u00bb est mieux adapt\u00e9 pour les styles de jeu plus modernes qui se concentrent principalement ou seulement sur des notes simples propres. Je suis personnellement venu \u00e0 penser \u00e0 l&rsquo;harmonica comme un m\u00e9dicore instrument \u00ab\u00a0de notes simples et propres\u00a0\u00bb.<\/p>\n<p><span style=\"color: #5e0606;\">PR &gt; Je n&rsquo;ai pas vraiment de souvenir de p\u00e9dales d&rsquo;effet avec toi; tout semble provenir de tes mains, de ta gorge, de la fa\u00e7on dont tu tiens le micro, des techniques comme le jeu d&rsquo;accords, le \u00ab\u00a0tongue blocking\u00a0\u00bb&#8230; Penses-tu que le \u00ab\u00a0tongue blocking\u00a0\u00bb est tr\u00e8s important pour avoir un bon son? Mais aussi les exemples que j&rsquo;ai mentionn\u00e9s dans ma question?<\/span><br \/>\nJF &gt; Tu as tout \u00e0 fait raison dans tout ce que tu dis. Le \u00ab\u00a0tongue blocking\u00a0\u00bb facilite l&rsquo;exploitation et le jeu des forces inh\u00e9rentes \u00e0 l&rsquo;harmonica. Tu peux plus facilement et sans effort basculer entre les notes, les divisions \/ octaves et les accords. Les notes simples propres ont tendance \u00e0 \u00eatre le plus petit son que fait l&rsquo;harmonica et comme l&rsquo;harmonica a tendance \u00e0 ne pas rester aussi profond\u00e9ment dans la bouche, les mains ont aussi tendance \u00e0 ne pas \u00eatre aussi efficaces. C&rsquo;est la conclusion \u00e0 laquelle je suis parvenu apr\u00e8s 30 ans de jeu. Peut-\u00eatre que je suis juste trop paresseux pour transporter des bo\u00eetes d&rsquo;effets.<\/p>\n<p><span style=\"color: #5e0606;\">PR &gt; Est-ce que tu joues en studio aussi pour les autres ? Aimerais-tu jouer plus en studio?<\/span><br \/>\nJF &gt; Je suis g\u00e9n\u00e9ralement sufisamment occup\u00e9 avec mes projets musicaux actuels et mon activit\u00e9 d&rsquo;harmonica. Je n&rsquo;ai pas l&rsquo;habitude de me retrouver \u00e0 la recherche d&rsquo;autres projets.<\/p>\n<p><span style=\"color: #5e0606;\">PR &gt; Selon toi, qu&rsquo;est-ce qui peut pousser quelqu&rsquo;un \u00e0 faire un m\u00e9tier artistique ? Est-ce que musicien est une profession qui peut \u00eatre choisie ou est-ce la musique qui choisi le musicien ?<\/span><br \/>\nJF &gt; Je ne sais pas. Il semble que les deux cas me sont arriv\u00e9s. Je suis juste tr\u00e8s heureux d&rsquo;\u00eatre toujours aussi satisfait et heureux d&rsquo;\u00e9crire et de jouer de la musique.<\/p>\n<figure id=\"attachment_1401\" aria-describedby=\"caption-attachment-1401\" style=\"width: 300px\" class=\"wp-caption alignright\"><a href=\"http:\/\/www.planetharmonica.com\/NextGen\/wp-content\/uploads\/2018\/04\/joeanita_OnTheMainLine.jpg\"><img loading=\"lazy\" class=\"size-medium wp-image-1401\" src=\"http:\/\/www.planetharmonica.com\/NextGen\/wp-content\/uploads\/2018\/04\/joeanita_OnTheMainLine-300x224.jpg\" alt=\"\" width=\"300\" height=\"224\" srcset=\"https:\/\/www.planetharmonica.com\/NextGen\/wp-content\/uploads\/2018\/04\/joeanita_OnTheMainLine-300x224.jpg 300w, https:\/\/www.planetharmonica.com\/NextGen\/wp-content\/uploads\/2018\/04\/joeanita_OnTheMainLine-768x574.jpg 768w, https:\/\/www.planetharmonica.com\/NextGen\/wp-content\/uploads\/2018\/04\/joeanita_OnTheMainLine.jpg 800w\" sizes=\"(max-width: 300px) 100vw, 300px\" \/><\/a><figcaption id=\"caption-attachment-1401\" class=\"wp-caption-text\">\u00ab\u00a0On the Main Line\u00a0\u00bb: Joe avec Anita Miller<\/figcaption><\/figure>\n<p><span style=\"color: #5e0606;\">PR &gt; Les gens sont souvent tent\u00e9s de classer ou de confiner les musiciens dans des styles. Est-ce que tu penses que c&rsquo;est le cas pour toi?<\/span><br \/>\nJF &gt; Je pense qu&rsquo;il est plus facile pour la plupart des gens de donner un sens \u00e0 la musique quand elle est arrang\u00e9e en styles. Je trouve que j&rsquo;aime personnellement la plupart des styles de musique et j&rsquo;essaie d&rsquo;\u00eatre le meilleur repr\u00e9sentant que je puisse \u00eatre pour les styles de musique \u00ab\u00a0American Roots\u00a0\u00bb<\/p>\n<p><span style=\"color: #5e0606;\">PR &gt; Except\u00e9 Eric Noden as tu jou\u00e9 avec d&rsquo;autres groupes ?<\/span><br \/>\nJF &gt; Certainement. J&rsquo;ai jou\u00e9 avec un groupe local appel\u00e9 \u00ab\u00a0Carl Davis Band\u00a0\u00bb pendant quelques ann\u00e9es et un duo appel\u00e9 \u00ab\u00a0On the Mainline\u00a0\u00bb<\/p>\n<p><span style=\"color: #5e0606;\">PR&gt; Comment vous-\u00eates vous rencontr\u00e9s avec Eric Noden ?<\/span><br \/>\nJF &gt; Eric Noden et moi nous sommes rencontr\u00e9s peu de temps apr\u00e8s son emm\u00e9nagement et le d\u00e9but de son enseignement \u00e0 la \u00ab\u00a0Old Town School of Folk Music\u00a0\u00bb \u00e0 Chicago au milieu des ann\u00e9es 1990.<\/p>\n<p><span style=\"color: #5e0606;\">PR &gt; Depuis combien d&rsquo;ann\u00e9es jouez-vous ensemble maintenant\u00a0 ?<\/span><br \/>\nJF &gt; Depuis d\u00e9but 2003, nous jouons r\u00e9guli\u00e8rement.<\/p>\n<p><iframe src=\"https:\/\/www.youtube.com\/embed\/OhQ_Syye-cM\" width=\"590\" height=\"332\" frameborder=\"0\" allowfullscreen=\"allowfullscreen\" data-mce-fragment=\"1\"><\/iframe><\/p>\n<p><span style=\"color: #5e0606;\">PR &gt; Tu collectionnes les harmonicas ? Si oui as-tu une pr\u00e9f\u00e9rence dans tes recherches pour ta collection ?<\/span><br \/>\nJF &gt; Je collectionne les harmonicas diatonique pr\u00e9coces, et surtout les premiers Marine Band&rsquo;s. Je trouve habituellement quelque chose d&rsquo;int\u00e9ressant \u00e0 ajouter \u00e0 ma collection environ une fois par an.<\/p>\n<p><span style=\"color: #5e0606;\">PR&gt; Penses-tu que si l&rsquo;univers de l&rsquo;harmonica \u00e9tait beaucoup mieux connu, l&rsquo;instrument aurait le m\u00eame int\u00e9r\u00eat?<\/span><br \/>\nJF &gt; Je ne suis pas s\u00fbr. Il me semble que les gens sont attir\u00e9s pour diverses raisons. Je pense le plus parce qu&rsquo;ils ont entendu quelque chose qui les a saisis \u00e9motionnellement et ils veulent essayer de le reproduire. Beaucoup parce que c&rsquo;est tr\u00e8s abordable. Je crois que beaucoup sont frustr\u00e9s et abandonnent en raison des difficult\u00e9s d&rsquo;apprentissage d&rsquo;un instrument sans coordination main \/ \u0153il et visuels impliqu\u00e9s.<\/p>\n<p><span style=\"color: #5e0606;\">PR &gt; Outre la musique, l&rsquo;harmonica, tu as des passions, des activit\u00e9s favorites que tu aimerais faire ?<\/span><br \/>\nJF &gt; La plupart de mes int\u00e9r\u00eats au cours des 25 derni\u00e8res ann\u00e9es ont \u00e9t\u00e9 de comprendre et d&rsquo;enseigner le r\u00f4le de l&rsquo;harmonica diatonique dans les styles musicaux am\u00e9ricains. Maintenant, je m&rsquo;int\u00e9resse de plus en plus \u00e0 la cuisine et \u00e0 la magie.<\/p>\n<p><span style=\"color: #5e0606;\">PR &gt; Joe, beaucoup de gens <em><strong>pensent<\/strong><\/em> que tu es d\u00e9j\u00e0 un magicien <img src=\"http:\/\/harmonicacontact.com\/.smileys\/smiley4.gif\" alt=\"\" \/>, pour plusieurs raisons (Les prochains entretiens en seront autant d&rsquo;illustrations). Peux-\u00eatre pourrais-tu enseigner l&rsquo;harmonica \u00e0 <em><strong>quelques musiciens qui t&rsquo;apprendraient des tours<\/strong><\/em> en retour. C&rsquo;est peut-\u00eatre le cas ? (C&rsquo;est arriv\u00e9 \u00e0 Benjamin Tremblay Carpentier au Qu\u00e9bec)<\/span><br \/>\nJF &gt; Tout est possible en effet<span class=\"x_Apple-style-span\">.<\/span><\/p>\n<p><span style=\"color: #5e0606;\">PR &gt; Tu cuisines ? Si oui, c&rsquo;est r\u00e9cent ?<\/span><br \/>\nJF &gt; Mon int\u00e9r\u00eat pour la cuisine est une chose qui grandit graduellement. Je vois des parall\u00e8les \u00e9tonnants avec la cuisine et la musique. J&rsquo;aime faire des comparaisons souvent quand j&rsquo;enseigne, car les gens peuvent souvent se rapporter beaucoup plus facilement aux concepts de musique quand on les compare \u00e0 la cuisine et \u00e0 la nourriture.<\/p>\n<p><span style=\"color: #5e0606;\">PR &gt; As tu des projets en cours ? Pas n\u00e9cessairement li\u00e9s \u00e0 l&rsquo;harmonica ?&#8230;<\/span><br \/>\nJF &gt; Rien ne vient \u00e0 l&rsquo;esprit.<\/p>\n<p><span style=\"color: #5e0606;\">PR &gt; Merci beaucoup Joe ! Comme conclusion pour ce tout premier entretien avec toi, je n&rsquo;ai pas pu r\u00e9sister \u00e0 partager cette petite vid\u00e9o que j&rsquo;ai trouv\u00e9e sur ta chaine YouTube<\/span>\u00a0 \u00ab\u00a0<a href=\"https:\/\/www.youtube.com\/channel\/UC9mW8r1VlyUTTTeNiZVeJsQ\" target=\"_blank\" rel=\"noopener\">Filisko&rsquo;s Harmonica Method &amp; Instruction<\/a><img src=\"http:\/\/harmonicacontact.com\/Images\/lien_externe_gris.png\" alt=\"\" \/>\u00a0\u00bb <img src=\"http:\/\/harmonicacontact.com\/.smileys\/smiley1.gif\" alt=\"\" \/> &#8230;<\/p>\n<p><iframe src=\"https:\/\/www.youtube.com\/embed\/B5G1vUKmREo\" width=\"590\" height=\"332\" frameborder=\"0\" allowfullscreen=\"allowfullscreen\" data-mce-fragment=\"1\"><\/iframe><\/p>\n<p>&nbsp;<\/p>\n<p>Patrice Rayon<\/p>\n","protected":false},"excerpt":{"rendered":"<p class=\"text-justify mb-2\" >C&rsquo;est mon tout premier entretien r\u00e9alis\u00e9 dans une langue \u00e9trang\u00e8re; je me sens tr\u00e8s heureux et honor\u00e9 de l&rsquo;avoir effectu\u00e9 avec Joe Filisko (Pas supersticieux, mais c&rsquo;est comme un bon pr\u00e9sage). J&rsquo;ai d\u00e9couvert Joe Filisko il y a pr\u00e8s de 20ans, et Nicolas Fouquet (alias [&hellip;]<\/p>\n","protected":false},"author":2,"featured_media":0,"parent":1412,"menu_order":0,"comment_status":"closed","ping_status":"closed","template":"","meta":[],"_links":{"self":[{"href":"https:\/\/www.planetharmonica.com\/NextGen\/wp-json\/wp\/v2\/pages\/1394"}],"collection":[{"href":"https:\/\/www.planetharmonica.com\/NextGen\/wp-json\/wp\/v2\/pages"}],"about":[{"href":"https:\/\/www.planetharmonica.com\/NextGen\/wp-json\/wp\/v2\/types\/page"}],"author":[{"embeddable":true,"href":"https:\/\/www.planetharmonica.com\/NextGen\/wp-json\/wp\/v2\/users\/2"}],"replies":[{"embeddable":true,"href":"https:\/\/www.planetharmonica.com\/NextGen\/wp-json\/wp\/v2\/comments?post=1394"}],"version-history":[{"count":15,"href":"https:\/\/www.planetharmonica.com\/NextGen\/wp-json\/wp\/v2\/pages\/1394\/revisions"}],"predecessor-version":[{"id":1567,"href":"https:\/\/www.planetharmonica.com\/NextGen\/wp-json\/wp\/v2\/pages\/1394\/revisions\/1567"}],"up":[{"embeddable":true,"href":"https:\/\/www.planetharmonica.com\/NextGen\/wp-json\/wp\/v2\/pages\/1412"}],"wp:attachment":[{"href":"https:\/\/www.planetharmonica.com\/NextGen\/wp-json\/wp\/v2\/media?parent=1394"}],"curies":[{"name":"wp","href":"https:\/\/api.w.org\/{rel}","templated":true}]}}