{"id":123,"date":"2016-11-17T21:26:28","date_gmt":"2016-11-17T20:26:28","guid":{"rendered":"http:\/\/www.planetharmonica.com\/NextGen\/?page_id=123"},"modified":"2017-02-12T22:26:34","modified_gmt":"2017-02-12T21:26:34","slug":"le-brodur-signature-seb-charlier","status":"publish","type":"page","link":"https:\/\/www.planetharmonica.com\/NextGen\/fr\/instruments\/le-brodur-signature-seb-charlier\/","title":{"rendered":"Le Brodur Signature Seb Charlier Type 2"},"content":{"rendered":"<h1><strong>Brodur signature Seb Charlier Type 2 : Un instrument d&rsquo;exception !<\/strong><\/h1>\n<p><img loading=\"lazy\" class=\"alignnone wp-image-158\" src=\"http:\/\/www.planetharmonica.com\/NextGen\/wp-content\/uploads\/2016\/11\/K84A8154-1-300x163.jpg\" alt=\"k84a8154-1\" width=\"641\" height=\"348\" srcset=\"https:\/\/www.planetharmonica.com\/NextGen\/wp-content\/uploads\/2016\/11\/K84A8154-1-300x163.jpg 300w, https:\/\/www.planetharmonica.com\/NextGen\/wp-content\/uploads\/2016\/11\/K84A8154-1.jpg 720w\" sizes=\"(max-width: 641px) 100vw, 641px\" \/><\/p>\n<p>Les Brodur\/Charlier sont plus que de simples mod\u00e8les Signature. Il s\u2019agit d\u2019une r\u00e9elle collaboration entre Raymond qui propose le design, le choix des essences et S\u00e9bastien qui \u00e9value tout \u00e7a en terme d\u2019apport pour le jeu et le son et ensuite r\u00e9alise lui m\u00eame le r\u00e9glage des lamelles.<\/p>\n<p>Le nouveau mod\u00e8le est un changement de design assez important.<br \/>\nAu niveau esth\u00e9tique, je trouve que ce nouveau Brodur\/Charlier a encore plus d&rsquo;impact visuel que les pr\u00e9c\u00e9dents gr\u00e2ce \u00e0 sa forme large de Golden Melody et au fait que le capot est \u00ab\u00a0plat\u00a0\u00bb. Du coup, la qualit\u00e9 du mat\u00e9riau est encore plus mise en valeur.<br \/>\nLa finition est comme d&rsquo;habitude parfaite, le gliss\u00e9 \u00e0 tomber.<\/p>\n<p>Les capots se d\u00e9montent \u00e9galement ind\u00e9pendamment.<br \/>\n<img loading=\"lazy\" class=\"alignnone wp-image-139\" src=\"http:\/\/www.planetharmonica.com\/NextGen\/wp-content\/uploads\/2016\/11\/5d3_2418-300x200.jpg\" alt=\"5d3_2418\" width=\"560\" height=\"373\" srcset=\"https:\/\/www.planetharmonica.com\/NextGen\/wp-content\/uploads\/2016\/11\/5d3_2418-300x200.jpg 300w, https:\/\/www.planetharmonica.com\/NextGen\/wp-content\/uploads\/2016\/11\/5d3_2418-768x513.jpg 768w, https:\/\/www.planetharmonica.com\/NextGen\/wp-content\/uploads\/2016\/11\/5d3_2418.jpg 800w\" sizes=\"(max-width: 560px) 100vw, 560px\" \/><\/p>\n<p>Les capots n\u2019ont pas de d\u00e9caissement, ce qui fait qu\u2019il y a des rainures dans le prolongement des plaques. Ces rainures ne devraient pas \u00eatre g\u00eanantes je pense, ni trop se remplir de cochonneries et j\u2019aime beaucoup l\u2019esth\u00e9tique que cela donne.<img loading=\"lazy\" class=\"alignnone wp-image-138\" src=\"http:\/\/www.planetharmonica.com\/NextGen\/wp-content\/uploads\/2016\/11\/5d3_2421-200x300.jpg\" alt=\"5d3_2421\" width=\"306\" height=\"459\" srcset=\"https:\/\/www.planetharmonica.com\/NextGen\/wp-content\/uploads\/2016\/11\/5d3_2421-200x300.jpg 200w, https:\/\/www.planetharmonica.com\/NextGen\/wp-content\/uploads\/2016\/11\/5d3_2421.jpg 667w\" sizes=\"(max-width: 306px) 100vw, 306px\" \/><\/p>\n<p><img loading=\"lazy\" class=\"alignnone wp-image-137\" src=\"http:\/\/www.planetharmonica.com\/NextGen\/wp-content\/uploads\/2016\/11\/5d3_2420-200x300.jpg\" alt=\"5d3_2420\" width=\"330\" height=\"495\" srcset=\"https:\/\/www.planetharmonica.com\/NextGen\/wp-content\/uploads\/2016\/11\/5d3_2420-200x300.jpg 200w, https:\/\/www.planetharmonica.com\/NextGen\/wp-content\/uploads\/2016\/11\/5d3_2420.jpg 667w\" sizes=\"(max-width: 330px) 100vw, 330px\" \/><\/p>\n<p><img loading=\"lazy\" class=\"alignnone wp-image-136\" src=\"http:\/\/www.planetharmonica.com\/NextGen\/wp-content\/uploads\/2016\/11\/5d3_2419-300x200.jpg\" alt=\"5d3_2419\" width=\"453\" height=\"302\" srcset=\"https:\/\/www.planetharmonica.com\/NextGen\/wp-content\/uploads\/2016\/11\/5d3_2419-300x200.jpg 300w, https:\/\/www.planetharmonica.com\/NextGen\/wp-content\/uploads\/2016\/11\/5d3_2419-768x513.jpg 768w, https:\/\/www.planetharmonica.com\/NextGen\/wp-content\/uploads\/2016\/11\/5d3_2419.jpg 800w\" sizes=\"(max-width: 453px) 100vw, 453px\" \/><\/p>\n<p>La forme de l&rsquo;harmo rend la prise en main assez diff\u00e9rente des mod\u00e8les pr\u00e9c\u00e9dents. L\u00e0 pour le coup c&rsquo;est vraiment une question de gout personnel (golden Vs marine band).<\/p>\n<p><strong>Venons au jeu.<\/strong><br \/>\nLa claque !<br \/>\nEn termes de jouabilit\u00e9, l&rsquo;instrument est \u00e0 un niveau que je n&rsquo;ai jamais rencontr\u00e9 ailleurs.<\/p>\n<p>Tout passe en douceur, la r\u00e9ponse est tr\u00e8s uniforme sur toute la tessiture. Les overblows, les alt\u00e9rations peuvent \u00eatre model\u00e9s \u00e0 loisir au niveau du son et de l\u2019attaque.<\/p>\n<p>Cela rend cet harmo parfait pour le jeu chromatique fin. Il rend faisables des lignes m\u00e9lodiques quasiment impossible \u00e0 faire sonner sur un harmo standard.<\/p>\n<p>La conception et la qualit\u00e9 du travail de Raymond ont produit un excellent instrument (je peux le dire pour avoir essay\u00e9 une version non encore r\u00e9gl\u00e9e par S\u00e9bastien). Le r\u00e9glage de S\u00e9bastien am\u00e8ne l&rsquo;instrument dans la stratosph\u00e8re.<\/p>\n<p>C\u2019est pour moi THE instrument pour le jeu chromatique.<\/p>\n<p><img loading=\"lazy\" class=\"alignnone wp-image-140\" src=\"http:\/\/www.planetharmonica.com\/NextGen\/wp-content\/uploads\/2016\/11\/5d3_2422-300x200.jpg\" alt=\"5d3_2422\" width=\"534\" height=\"356\" srcset=\"https:\/\/www.planetharmonica.com\/NextGen\/wp-content\/uploads\/2016\/11\/5d3_2422-300x200.jpg 300w, https:\/\/www.planetharmonica.com\/NextGen\/wp-content\/uploads\/2016\/11\/5d3_2422-768x513.jpg 768w, https:\/\/www.planetharmonica.com\/NextGen\/wp-content\/uploads\/2016\/11\/5d3_2422.jpg 800w\" sizes=\"(max-width: 534px) 100vw, 534px\" \/><\/p>\n<p><strong>Jouabilit\u00e9<\/strong>: 5\/5<\/p>\n<p><strong>Qualit\u00e9 des mat\u00e9riaux<\/strong>: 5\/5<\/p>\n<p><strong>Finition<\/strong>: 5\/5<\/p>\n<p><strong>Son<\/strong>: 5\/5<\/p>\n<p><strong>Rapport Qualit\u00e9\/Prix<\/strong>: 5\/5<\/p>\n<p>&nbsp;<\/p>\n<p>Laurent Vigouroux<\/p>\n","protected":false},"excerpt":{"rendered":"<p class=\"text-justify mb-2\" >Brodur signature Seb Charlier Type 2 : Un instrument d&rsquo;exception ! Les Brodur\/Charlier sont plus que de simples mod\u00e8les Signature. Il s\u2019agit d\u2019une r\u00e9elle collaboration entre Raymond qui propose le design, le choix des essences et S\u00e9bastien qui \u00e9value tout \u00e7a en terme d\u2019apport pour [&hellip;]<\/p>\n","protected":false},"author":2,"featured_media":0,"parent":28,"menu_order":0,"comment_status":"closed","ping_status":"closed","template":"","meta":[],"_links":{"self":[{"href":"https:\/\/www.planetharmonica.com\/NextGen\/wp-json\/wp\/v2\/pages\/123"}],"collection":[{"href":"https:\/\/www.planetharmonica.com\/NextGen\/wp-json\/wp\/v2\/pages"}],"about":[{"href":"https:\/\/www.planetharmonica.com\/NextGen\/wp-json\/wp\/v2\/types\/page"}],"author":[{"embeddable":true,"href":"https:\/\/www.planetharmonica.com\/NextGen\/wp-json\/wp\/v2\/users\/2"}],"replies":[{"embeddable":true,"href":"https:\/\/www.planetharmonica.com\/NextGen\/wp-json\/wp\/v2\/comments?post=123"}],"version-history":[{"count":12,"href":"https:\/\/www.planetharmonica.com\/NextGen\/wp-json\/wp\/v2\/pages\/123\/revisions"}],"predecessor-version":[{"id":796,"href":"https:\/\/www.planetharmonica.com\/NextGen\/wp-json\/wp\/v2\/pages\/123\/revisions\/796"}],"up":[{"embeddable":true,"href":"https:\/\/www.planetharmonica.com\/NextGen\/wp-json\/wp\/v2\/pages\/28"}],"wp:attachment":[{"href":"https:\/\/www.planetharmonica.com\/NextGen\/wp-json\/wp\/v2\/media?parent=123"}],"curies":[{"name":"wp","href":"https:\/\/api.w.org\/{rel}","templated":true}]}}