{"id":1169,"date":"2018-01-02T20:46:34","date_gmt":"2018-01-02T19:46:34","guid":{"rendered":"http:\/\/www.planetharmonica.com\/?page_id=1169"},"modified":"2018-01-02T20:47:37","modified_gmt":"2018-01-02T19:47:37","slug":"methodes-ep-1","status":"publish","type":"page","link":"https:\/\/www.planetharmonica.com\/NextGen\/fr\/methodes-ep-1\/","title":{"rendered":"M\u00e9thodes ep 1"},"content":{"rendered":"<p>Nous proposons dans ce num\u00e9ro :<\/p>\n<ul>\n<li><a href=\"http:\/\/www.planetharmonica.com\/fr\/methodes\/precious-box\/\">Precious Box, de S\u00e9bastien Charlier<\/a><\/li>\n<li><a href=\"http:\/\/www.planetharmonica.com\/fr\/methodes\/cles-pour-lharmonie\/\">Cl\u00e9s pour l&rsquo;harmonie, de Jo-Anger Weller<\/a><\/li>\n<li><a href=\"http:\/\/www.planetharmonica.com\/fr\/methodes\/irealpro\/\">Logiciel : iRealPro, outil d&rsquo;aide \u00e0 l&rsquo;apprentissage de l&rsquo;improvisation<\/a><\/li>\n<\/ul>\n","protected":false},"excerpt":{"rendered":"<p class=\"text-justify mb-2\" >Nous proposons dans ce num\u00e9ro : Precious Box, de S\u00e9bastien Charlier Cl\u00e9s pour l&rsquo;harmonie, de Jo-Anger Weller Logiciel : iRealPro, outil d&rsquo;aide \u00e0 l&rsquo;apprentissage de l&rsquo;improvisation<\/p>\n","protected":false},"author":2,"featured_media":0,"parent":0,"menu_order":0,"comment_status":"closed","ping_status":"closed","template":"","meta":[],"_links":{"self":[{"href":"https:\/\/www.planetharmonica.com\/NextGen\/wp-json\/wp\/v2\/pages\/1169"}],"collection":[{"href":"https:\/\/www.planetharmonica.com\/NextGen\/wp-json\/wp\/v2\/pages"}],"about":[{"href":"https:\/\/www.planetharmonica.com\/NextGen\/wp-json\/wp\/v2\/types\/page"}],"author":[{"embeddable":true,"href":"https:\/\/www.planetharmonica.com\/NextGen\/wp-json\/wp\/v2\/users\/2"}],"replies":[{"embeddable":true,"href":"https:\/\/www.planetharmonica.com\/NextGen\/wp-json\/wp\/v2\/comments?post=1169"}],"version-history":[{"count":1,"href":"https:\/\/www.planetharmonica.com\/NextGen\/wp-json\/wp\/v2\/pages\/1169\/revisions"}],"predecessor-version":[{"id":1170,"href":"https:\/\/www.planetharmonica.com\/NextGen\/wp-json\/wp\/v2\/pages\/1169\/revisions\/1170"}],"wp:attachment":[{"href":"https:\/\/www.planetharmonica.com\/NextGen\/wp-json\/wp\/v2\/media?parent=1169"}],"curies":[{"name":"wp","href":"https:\/\/api.w.org\/{rel}","templated":true}]}}