{"id":1128,"date":"2017-12-27T10:38:32","date_gmt":"2017-12-27T09:38:32","guid":{"rendered":"http:\/\/www.planetharmonica.com\/?page_id=1128"},"modified":"2018-07-02T14:42:31","modified_gmt":"2018-07-02T12:42:31","slug":"encyclopedie-des-gammes","status":"publish","type":"page","link":"https:\/\/www.planetharmonica.com\/NextGen\/fr\/encyclopedie-des-gammes\/","title":{"rendered":"Encyclop\u00e9die des gammes"},"content":{"rendered":"<p><strong>L&rsquo;encyclop\u00e9die des gammes de David Herzhaft<\/strong><\/p>\n<p><a href=\"http:\/\/www.planetharmonica.com\/NextGen\/wp-content\/uploads\/2018\/01\/516XXI2vDPL._SX258_BO1204203200_.jpg\"><img loading=\"lazy\" class=\"alignleft size-medium wp-image-1303\" src=\"http:\/\/www.planetharmonica.com\/NextGen\/wp-content\/uploads\/2018\/01\/516XXI2vDPL._SX258_BO1204203200_-232x300.jpg\" alt=\"\" width=\"232\" height=\"300\" srcset=\"https:\/\/www.planetharmonica.com\/NextGen\/wp-content\/uploads\/2018\/01\/516XXI2vDPL._SX258_BO1204203200_-232x300.jpg 232w, https:\/\/www.planetharmonica.com\/NextGen\/wp-content\/uploads\/2018\/01\/516XXI2vDPL._SX258_BO1204203200_.jpg 260w\" sizes=\"(max-width: 232px) 100vw, 232px\" \/><\/a><\/p>\n<p>La suite logique du jeu chromatique \u00e0 l&rsquo;harmonica diatonique est d&rsquo;approcher cet instrument comme n&rsquo;importe quel autre instrument soliste (saxophone, trompette, clarinette, &#8230;) et d&rsquo;aborder la musique par l&rsquo;\u00e9tude du solf\u00e8ge et de l&rsquo;harmonie.<\/p>\n<p>L&rsquo;apprenti improvisateur aura int\u00e9r\u00eat \u00e0 s&rsquo;appuyer sur un livre g\u00e9n\u00e9ral d&rsquo;harmonie ou l&rsquo;excellent Precious Box de S\u00e9bastien Charlier. Ces livres pr\u00e9sentent les enjeux de l&rsquo;improvisation de fa\u00e7on tr\u00e8s compl\u00e8te: harmonisation des gammes majeures et mineures, cadences d&rsquo;accords et gammes associ\u00e9es.<\/p>\n<p>Comme son nom l&rsquo;indique, l&rsquo;encyclop\u00e9die des gammes de David Herzhaft met le focus sur l&rsquo;ensemble des gammes utilis\u00e9es en Jazz et autre musiques. La pratique assidue de celles-ci est une des principales cl\u00e9s \u00e0 la fois de la maitrise de l&rsquo;instrument et de l&rsquo;improvisation.<\/p>\n<p>L&rsquo;encyclop\u00e9die est en fait un ensemble compos\u00e9 de:<\/p>\n<ul>\n<li>Un DVD dans lequel David Herzhaft pr\u00e9sentent les diff\u00e9rentes gammes et un exemple d&rsquo;improvisation pour chacune<\/li>\n<li>Le livre \u00a0\u00ab Encyclop\u00e9die des gammes \u00bb reprenant les gammes sous forme \u00e9crite<\/li>\n<li>Un livre d&rsquo;exercices reprenant les exemples d&rsquo;improvisation du DVD<\/li>\n<li>Un DVD rempli de playbacks<\/li>\n<\/ul>\n<p>Le c\u0153ur de l\u2019ensemble est le DVD dans lequel David Herzhaft pr\u00e9sente la quasi totalit\u00e9 des gammes. Pour chacune, il explique comment est construite la gamme, puis la joue toute seule et enfin ex\u00e9cute une improvisation (pour une tonalit\u00e9 par gamme) sur un playback. Pour chaque gamme, David indique les modes les plus usuels et les accords sur lesquels ils peuvent \u00eatre jou\u00e9s. Les explications sont claires et les exemples d\u2019improvisation id\u00e9aux pour entendre comment sonne vraiment la gamme. La description de la gamme est reprise dans toutes les tonalit\u00e9s (formule intervallique + partition + tablature) dans le livre et l\u2019improvisation est retranscrite au format partition + tablature dans le livre d\u2019exercice. Le playback est fourni avec le livre (sous la forme d\u2019un zip de mp3). On a ainsi tout le mat\u00e9riel n\u00e9cessaire \u00e0 l\u2019\u00e9tude de la gamme!<\/p>\n<p>C\u2019est d\u2019une efficacit\u00e9 redoutable. Bien entendu, chaque gamme n\u00e9cessite beaucoup de travail personnel et donc de temps pour \u00eatre r\u00e9ellement acquise mais l\u2019encyclop\u00e9die permet une approche \u00e0 la fois savante et ludique qui encourage au travail.<\/p>\n<p>Les gammes pr\u00e9sent\u00e9es sont les suivantes: Majeur, Mineur m\u00e9lodique, Mineur harmonique, Majeur harmonique, double Mineur harmonique et tous leurs modes. Majeur et Mineur pentatonique, Blues pentatonique (blues Scale), Mineur 6 pentatonique (\u00e9galement pentatonique dominante), m7b5 pentatonique, diminu\u00e9e et demi-diminu\u00e9e, par ton, augment\u00e9e, 9 tons augment\u00e9e. Enfin, 5 gammes Bebop, 8 pentatoniques rares et 8 gammes rares en extra.<\/p>\n<p>Le livre d\u2019exercices propose, en plus de la retranscription des solos, 12 \u00e9tudes (une pour chaque gamme majeure) qui donnent des exemples d\u2019encha\u00eenements des notes de la tonalit\u00e9. Le but \u00e9tant d\u2019aider le lecteur a s\u2019approprier techniquement l\u2019instrument et \u00e0 cr\u00e9er ensuite ses propres encha\u00eenements.<\/p>\n<p>Le DVD de playbacks contient des boucles dans toutes les tonalit\u00e9s des accords suivants:\u00a0Maj7, Maj7#11, Maj7#5, Min7, MinMaj7, Min7b5, 7, 7#11, 13b9, 7 Alt, Drones majeur et mineur (lent et rapide pour chaque),\u00a0ii V I Majeur and ii V i mineur. Les boucles sont dans des styles tr\u00e8s vari\u00e9es et peuvent \u00eatre assembl\u00e9es pour former un playback sur une grille d\u2019accords (un tutoriel explique comment le faire). La qualit\u00e9 musicale de chaque boucle est tr\u00e8s bonne, avec une mention sp\u00e9ciale pour les drones mineurs (boucles ne comportant que la fondamentale et la tierce) \u00e0 l\u2019ambiance tr\u00e8s orientale et permettant de travailler toutes les gammes mineures.<\/p>\n<p>Faut-il obligatoirement acheter tout le package? Non, pas forc\u00e9ment. Si le package total donne tout son sens \u00e0 la d\u00e9marche, l\u2019achat unique du DVD reste tr\u00e8s int\u00e9ressant, \u00e9ventuellement compl\u00e9t\u00e9 par le livre \u00ab Encyclop\u00e9die des gammes \u00bb si on souhaite avoir imm\u00e9diatement une gamme dans une tonalit\u00e9 donn\u00e9e, sans la reconstruire mentalement \u00e0 partir de la formule intervallique.<\/p>\n<p>Cette encyclop\u00e9die est susceptible de prendre une place de choix dans la biblioth\u00e8que des harmonicistes d\u00e9sirant aborder r\u00e9ellement l\u2019improvisation. L\u2019objet de l\u2019encyclop\u00e9die n\u2019\u00e9tant pas de traiter les relations des accords entre eux (\u00e0 part un passage assez rapide sur le II V I), il faudra id\u00e9alement la compl\u00e9ter avec un livre d\u2019harmonie d\u00e9crivant les diff\u00e9rentes cadences.<\/p>\n<p>Laurent Vigouroux<\/p>\n","protected":false},"excerpt":{"rendered":"<p class=\"text-justify mb-2\" >L&rsquo;encyclop\u00e9die des gammes de David Herzhaft La suite logique du jeu chromatique \u00e0 l&rsquo;harmonica diatonique est d&rsquo;approcher cet instrument comme n&rsquo;importe quel autre instrument soliste (saxophone, trompette, clarinette, &#8230;) et d&rsquo;aborder la musique par l&rsquo;\u00e9tude du solf\u00e8ge et de l&rsquo;harmonie. L&rsquo;apprenti improvisateur aura int\u00e9r\u00eat \u00e0 [&hellip;]<\/p>\n","protected":false},"author":2,"featured_media":0,"parent":0,"menu_order":0,"comment_status":"closed","ping_status":"closed","template":"","meta":[],"_links":{"self":[{"href":"https:\/\/www.planetharmonica.com\/NextGen\/wp-json\/wp\/v2\/pages\/1128"}],"collection":[{"href":"https:\/\/www.planetharmonica.com\/NextGen\/wp-json\/wp\/v2\/pages"}],"about":[{"href":"https:\/\/www.planetharmonica.com\/NextGen\/wp-json\/wp\/v2\/types\/page"}],"author":[{"embeddable":true,"href":"https:\/\/www.planetharmonica.com\/NextGen\/wp-json\/wp\/v2\/users\/2"}],"replies":[{"embeddable":true,"href":"https:\/\/www.planetharmonica.com\/NextGen\/wp-json\/wp\/v2\/comments?post=1128"}],"version-history":[{"count":17,"href":"https:\/\/www.planetharmonica.com\/NextGen\/wp-json\/wp\/v2\/pages\/1128\/revisions"}],"predecessor-version":[{"id":1564,"href":"https:\/\/www.planetharmonica.com\/NextGen\/wp-json\/wp\/v2\/pages\/1128\/revisions\/1564"}],"wp:attachment":[{"href":"https:\/\/www.planetharmonica.com\/NextGen\/wp-json\/wp\/v2\/media?parent=1128"}],"curies":[{"name":"wp","href":"https:\/\/api.w.org\/{rel}","templated":true}]}}