{"id":1122,"date":"2017-12-27T09:44:24","date_gmt":"2017-12-27T08:44:24","guid":{"rendered":"http:\/\/www.planetharmonica.com\/?page_id=1122"},"modified":"2018-06-29T17:00:23","modified_gmt":"2018-06-29T15:00:23","slug":"overnotes-faciles","status":"publish","type":"page","link":"https:\/\/www.planetharmonica.com\/NextGen\/fr\/pedago-ep-2\/overnotes-faciles\/","title":{"rendered":"Overblows et Overdraws Faciles"},"content":{"rendered":"<h3><b>Overblows et Overdraws faciles<\/b><\/h3>\n<p>M\u00eame si les overnotes se sont consid\u00e9rablement d\u00e9mocratis\u00e9es au cours des trente derni\u00e8res ann\u00e9es, elles semblent encore susciter quelques appr\u00e9hensions pour bon nombre d&rsquo;harmonicistes soucieux d&rsquo;utiliser au mieux le potentiel de leur instrument de pr\u00e9dilection. Une pl\u00e9thore d&rsquo;informations circulent sur le net et dans quelques ouvrages p\u00e9dagogiques osant enfin se pencher sur la question. Certaines d&rsquo;entre elles ne manquent malheureusement pas de piquant quant au d\u00e9tail de l&rsquo;obtention de ces notes. Il n&rsquo;est pas rare de se retrouver compl\u00e8tement bloqu\u00e9 et frustr\u00e9 en suivant des recommandations aussi g\u00e9n\u00e9reuses que farfelues. La grande majorit\u00e9 des joueurs se r\u00e9fugient alors derri\u00e8re la phase de r\u00e9glage sans lequel nulle overnote ne saurait d\u00e9cemment sortir&#8230; pourtant, une bonne technique garantit l&rsquo;obtention d&rsquo;une overnote sur n&rsquo;importe quel harmonica, y compris sur un improbable mod\u00e8le bas de gamme. Et \u00e9tant donn\u00e9 qu&rsquo;il y a \u00e9galement des informations \u00e9tonnantes concernant le r\u00e9glage, il s&rsquo;ensuit fort logiquement que ces notes suppl\u00e9mentaires semblent pour le moins difficiles \u00e0 obtenir.<\/p>\n<p><b>ALTERATIONS ET OVERNOTES :<\/b><\/p>\n<p>&nbsp;<\/p>\n<p><a href=\"http:\/\/www.planetharmonica.com\/NextGen\/wp-content\/uploads\/2018\/04\/5D3_2885.jpg\"><img loading=\"lazy\" class=\"size-medium wp-image-1384 alignright\" src=\"http:\/\/www.planetharmonica.com\/NextGen\/wp-content\/uploads\/2018\/04\/5D3_2885-200x300.jpg\" alt=\"\" width=\"200\" height=\"300\" srcset=\"https:\/\/www.planetharmonica.com\/NextGen\/wp-content\/uploads\/2018\/04\/5D3_2885-200x300.jpg 200w, https:\/\/www.planetharmonica.com\/NextGen\/wp-content\/uploads\/2018\/04\/5D3_2885-768x1152.jpg 768w, https:\/\/www.planetharmonica.com\/NextGen\/wp-content\/uploads\/2018\/04\/5D3_2885-683x1024.jpg 683w\" sizes=\"(max-width: 200px) 100vw, 200px\" \/><\/a><br \/>\nIl nous semble fondamental de rappeler ici un fait qui devrait permettre de mieux cerner les enjeux techniques : une alt\u00e9ration EST d\u00e9j\u00e0 une overnote !<\/p>\n<p>D\u00e9taillons :<\/p>\n<ol>\n<li>Il semble coh\u00e9rent de penser que c&rsquo;est l&rsquo;anche aspir\u00e9e qui vibre lorsque le joueur aspire et tente d&rsquo;alt\u00e9rer la note naturelle, de m\u00eame pour une anche souffl\u00e9e si l&rsquo;harmoniciste souhaite obtenir une alt\u00e9ration souffl\u00e9e. Il n&rsquo;en est rien&#8230;<\/li>\n<li>M\u00eame si le ph\u00e9nom\u00e8ne est un peu plus complexe partons du principe raisonnable que seule l&rsquo;inflexion (tout ce qu&rsquo;il y a en de\u00e7a d&rsquo;un demi-ton) s&rsquo;obtient avec la m\u00eame anche aspir\u00e9e ou souffl\u00e9e (selon le sens de la respiration) que la note naturelle. Notons que sur certains mod\u00e8les tr\u00e8s \u00e9tanches il est possible d&rsquo;obtenir un demi-ton complet de cette fa\u00e7on, c&rsquo;est-\u00e0-dire en diminuant le nombre de vibrations de l&rsquo;anche aspir\u00e9e ou soufl\u00e9e sans que l&rsquo;anche oppos\u00e9e ne se d\u00e9clenche ; le timbre de cette note ainsi obtenue correspondra donc \u00e0 celui des alt\u00e9rations valv\u00e9es.<\/li>\n<li>D\u00e8s que l&rsquo;alt\u00e9ration est juste, l&rsquo;anche oppos\u00e9e vibre et prend le relais tandis que selon le degr\u00e9 d&rsquo;alt\u00e9ration, l&rsquo;anche suppos\u00e9e \u00eatre en jeu vibre de moins en moins. Notons les deux exceptions (nos deux alt\u00e9rations \u00ab\u00a0valv\u00e9es\u00a0\u00bb sans valve :-)) en 3 aspir\u00e9 alt\u00e9r\u00e9 1x et en 10 souffl\u00e9 alt\u00e9r\u00e9 1x o\u00f9 le son s&rsquo;obtient avec l&rsquo;anche respectivement aspir\u00e9e et souffl\u00e9e. Dans ces deux cas, l&rsquo;anche oppos\u00e9e ne cr\u00e9e pas le son et ce seront les deux alt\u00e9rations qui seront les plus \u00e9loign\u00e9es en terme de timbre des autres alt\u00e9rations. La technique pourra r\u00e9\u00e9quilibrer le tout pour garantir un minimum d&rsquo;homog\u00e9n\u00e9it\u00e9.<\/li>\n<li>Il est donc tout \u00e0 fait possible d&rsquo;obtenir par exemple un 4 alt\u00e9r\u00e9 en bloquant compl\u00e8tement l&rsquo;anche aspir\u00e9e (en posant son doigt sur l&rsquo;anche ou en la rempla\u00e7ant par un morceau de scotch ou plus simplement en d\u00e9r\u00e9glant son angle d&rsquo;inclinaison afin que l&rsquo;air ne puisse plus passer).<\/li>\n<\/ol>\n<p>En r\u00e9sum\u00e9 l&rsquo;alt\u00e9ration conventionnelle (hormis le cas du 3 alt 1x et du 10 alt 1x pr\u00e9cit\u00e9) est d\u00e9j\u00e0 une overnote \u00e0 ceci pr\u00e8s que lors d&rsquo;un <i>overblow<\/i> ou <i>overdraw<\/i>, l&rsquo;une des deux anches ne vibre carr\u00e9ment plus du tout (ce qui n&rsquo;est que \u201cpresque\u201d d\u00e9j\u00e0 le cas lors d&rsquo;une alt\u00e9ration).<\/p>\n<p><b>CONSEQUENCES :<\/b><\/p>\n<ul>\n<li>Une overnote peut s&rsquo;effectuer exactement comme une alt\u00e9ration \u201cconventionnelle\u201d oppos\u00e9e.<\/li>\n<li>Une seule position de langue permet d&rsquo;obtenir l&rsquo;une ou l&rsquo;autre selon le sens de la respiration. Par exemple un <i>overblow<\/i> en 6 et un 6 alt\u00e9r\u00e9 aspir\u00e9 sont deux notes qui ne demandent qu&rsquo;un seul placement de langue.<\/li>\n<li>C&rsquo;est aussi la raison pour laquelle une overnote correctement obtenue n&rsquo;a aucune raison d&rsquo;avoir un timbre diff\u00e9rent de celui d&rsquo;une alt\u00e9ration standard puisque c&rsquo;est le m\u00eame principe physique.<\/li>\n<li>Si vous utilisez autre chose que la langue pour alt\u00e9rer (m\u00e2choire, orientation de l&rsquo;harmonica, gorge&#8230;) il y a fort \u00e0 parier qu&rsquo;il vous faudra trouver une autre technique d&rsquo;obtention pour les overnotes que celle que vous utilisez pour alt\u00e9rer, \u00e0 moins de se satisfaire de timbres diff\u00e9rents voire agressifs.<\/li>\n<\/ul>\n<p><b>APPLICATION :<\/b><\/p>\n<p>C&rsquo;est le moment de prendre le temps de v\u00e9rifier comment vous alt\u00e9rez les notes naturelles de votre harmonica ! En toute rigueur vous savez alt\u00e9rer depuis longtemps et ne pensez plus du tout au pourquoi du comment. Tentez de pointer du doigt tous les \u00e9l\u00e9ments en jeu qui semblent vous permettre d&rsquo;alt\u00e9rer les notes sur les trois octaves de votre instrument.<\/p>\n<p>Aspirez-vous plus fort ?<\/p>\n<p>Inclinez-vous l&rsquo;harmonica ?<\/p>\n<p>Creusez-vous ou gonflez-vous les joues ?<\/p>\n<p>Baissez-vous la m\u00e2choire ?<\/p>\n<p>Bloquez-vous la gorge pour certains sons ?<\/p>\n<p>Utilisez-vous la technique du <i>tongue blocking<\/i> en alt\u00e9rant ?<\/p>\n<p>Froncez-vous les sourcils ?<\/p>\n<p>Bref que se passe-t-il exactement dans votre bouche, pouvez-vous ressentir clairement le placement de votre langue en fonction de la note recherch\u00e9e ?<\/p>\n<p><b>Important :<\/b> une technique et une seule permet de produire une overnote exactement comme une alt\u00e9ration oppos\u00e9e ! Autrement dit, tant que votre alt\u00e9ration en 6 ne permet pas d&rsquo;obtenir un overblow en 6 (sans changer la position de langue lorsque vous inversez le sens de la respiration), votre technique d&rsquo;alt\u00e9ration en 6 est perfectible. Ceci valant pour toutes les notes alt\u00e9r\u00e9es&#8230;<\/p>\n<p>Si vous sentez que vous y \u00eates presque mais que le son obtenu couine ou semble agressif, le r\u00e9glage peut enfin rentrer dans la course et sauver la mise, mais dans bien des cas ce n&rsquo;est que purement technique, le r\u00e9glage n&rsquo;apportant que confort (et possibilit\u00e9 de multi overnotes)<\/p>\n<p><b>CONSEILS :<\/b><\/p>\n<p><a href=\"http:\/\/www.planetharmonica.com\/NextGen\/wp-content\/uploads\/2018\/01\/5D3_1956-1.jpg\"><img loading=\"lazy\" class=\"alignleft wp-image-1254\" src=\"http:\/\/www.planetharmonica.com\/NextGen\/wp-content\/uploads\/2018\/01\/5D3_1956-1-683x1024.jpg\" alt=\"\" width=\"207\" height=\"310\" srcset=\"https:\/\/www.planetharmonica.com\/NextGen\/wp-content\/uploads\/2018\/01\/5D3_1956-1-683x1024.jpg 683w, https:\/\/www.planetharmonica.com\/NextGen\/wp-content\/uploads\/2018\/01\/5D3_1956-1-200x300.jpg 200w, https:\/\/www.planetharmonica.com\/NextGen\/wp-content\/uploads\/2018\/01\/5D3_1956-1-768x1152.jpg 768w\" sizes=\"(max-width: 207px) 100vw, 207px\" \/><\/a><\/p>\n<ul>\n<li>Un overblow s&rsquo;effectue comme une alt\u00e9ration aspir\u00e9e (et non comme une alt\u00e9ration soufl\u00e9e)<\/li>\n<li>Un overdraw s&rsquo;effectue comme une alt\u00e9ration souffl\u00e9e (et non comme une alt\u00e9ration aspir\u00e9e)<\/li>\n<li>Ce n&rsquo;est pas le cheminement de la langue qui est \u00e0 consid\u00e9rer mais plut\u00f4t l&#8217;emplacement exacte de la langue au sein de la bouche car \u00e0 chaque fois que votre placement sera idoine, le son sortira juste et timbr\u00e9.<\/li>\n<li>Tout l&rsquo;enjeu sera de vous souvenir des ces emplacements. Il existe 4 positions de langues qui permettent \u00e0 elles seules d&rsquo;obtenir toutes les notes de votre harmonica (hormis les multi overnotes)<\/li>\n<\/ul>\n<p>&nbsp;<\/p>\n<p>&nbsp;<\/p>\n<p><b>REGLAGES EVENTUELS :<\/b><\/p>\n<p>Rappelons les principes de base :<\/p>\n<ul>\n<li>Le r\u00e9glage des anches concerne autant les alt\u00e9rations que les overnotes<\/li>\n<li>Un \u201cbon\u201d r\u00e9glage permet un confort suppl\u00e9mentaire quelles que soient les notes en jeu. Il n&rsquo;y a pas de raison d&rsquo;avoir un r\u00e9glage \u201cferm\u00e9\u201d pour les overnotes et un r\u00e9glage \u201couvert\u201d pour le jeu rythmique et dynamique. Un r\u00e9glage satisfaisant permet de jouer fort et chromatiquement, encore faut-il jouer avec le bas de la colonne d&rsquo;air.<\/li>\n<li>M\u00eame si vous vous sentez d\u00e9j\u00e0 \u00e0 l&rsquo;aise avec les alt\u00e9rations \u201cclassiques\u201d, le r\u00e9glage de l&rsquo;angle d&rsquo;inclinaison des anches facilite les overnotes comme les alt\u00e9rations \u201cstandards\u201d.<\/li>\n<\/ul>\n<p><b>Que faire ?<\/b><\/p>\n<p>Tout est possible mais LA BASE me parait \u00eatre la technique (gestion du placement de la langue et de la pression \u00e0 exerc\u00e9e, constance du d\u00e9bit d&rsquo;air etc.) et l&rsquo;angle d&rsquo;inclinaison des anches. Plus l&rsquo;harmonica poss\u00e8de des probl\u00e8mes structurels (fuite d&rsquo;air, sommier non plan, qualit\u00e9 des anches relatives&#8230;) plus il vous faudra rajouter des couches de r\u00e9glages (embossing, arcing etc.). Globalement je n&rsquo;utilise que ces quatres \u00e9tapes :<\/p>\n<ul>\n<li>R\u00e9aligner les anches (permet d&rsquo;\u00e9viter de poser du vernis sur les deux premi\u00e8res octaves).<\/li>\n<li>R\u00e9gler l&rsquo;angle d&rsquo;inclinaison des anches par rapport \u00e0 la plaque. Plus votre technique s&rsquo;affine moins vous avez besoin de serrer&#8230;<\/li>\n<li>Poser eventuellement du vernis \u00e0 ongle ou de la cire d&rsquo;abeille aux endroits qui permettront d&rsquo;\u00e9viter les bruits parasites (aux deux points d&rsquo;intersection du rivet et de la base de la lamelle, sans recouvrir l&rsquo;anche afin de ne pas l&rsquo;alourdir, ce qui occasionnerait une variation de hauteur).<\/li>\n<li>R\u00e9accorder les anches si besoin.<\/li>\n<\/ul>\n<p><b>FAQ :<\/b><\/p>\n<p><strong><i>Mes overblows sont trop bas&#8230;<\/i><\/strong><\/p>\n<p>La langue n&rsquo;est pas assez avanc\u00e9e. Il est toujours possible de remonter l\u00e9g\u00e8rement le bout de la langue afin de remonter le diapason, y compris sur les alt\u00e9rations \u201cclassiques\u201d. Parfois c&rsquo;est toute la langue qui est trop en arri\u00e8re. Il n&rsquo;est pas rare que les alt\u00e9rations aspir\u00e9es dans les mediums soient elles-m\u00eames trop basses, d&rsquo;o\u00f9 des <i>overblows<\/i> trop bas.<\/p>\n<p><strong><i>Mes overdraws sont trop hauts&#8230;<\/i><\/strong><\/p>\n<p>Cette fois la langue est trop en avant, il sagit de reculer l&rsquo;ensemble et de bloquer l&rsquo;arriv\u00e9e d&rsquo;air en exer\u00e7ant moins de pression. Jouer en force d\u00e9timbre et fausse la note. N&rsquo;oubliez pas qu&rsquo;il s&rsquo;agit de la m\u00eame position que l&rsquo;alt\u00e9ration souffl\u00e9e dans les aigus.<\/p>\n<p><strong><i>Je ne parviens pas \u00e0 faire l&rsquo;over en 1 alors que je les ai tous \u00e0 l&rsquo;octave medium&#8230;<\/i><\/strong><\/p>\n<p>Le blocage de la langue pour les overnotes \u00e0 l&rsquo;octave grave (et sur les harmonicas low) se fait avec la partie medium arri\u00e8re de la langue. Vous devez avoir une sensation quasi gutturale, l&rsquo;imitation de la respiration de Dark Vador conduit n\u00e9cessairement \u00e0 l&rsquo;obtention d&rsquo;un over en 1, merci la force !<\/p>\n<p><strong><i>Mes overnotes crissent&#8230;<\/i><\/strong><\/p>\n<p>R\u00e9aligner les anches aide \u00e0 ce qu&rsquo;une seule anche sur les deux s&rsquo;active lorsqu&rsquo;une pression adapt\u00e9e s&rsquo;exerce, n\u00e9anmoins il est plus simple et plus rapide (mais pas plus puissant&#8230;) d&rsquo;aposer par exemple du vernis aux endroits strat\u00e9giques. La technique peut compenser pour la premi\u00e8re seconde de jeu mais elle ne pourra pas emp\u00eacher le crissement pour une tenue de note plus longue.<\/p>\n<p><strong><i>Je sais jouer toutes les notes mais je ne sais pas quoi en faire&#8230;<\/i><\/strong><\/p>\n<p>La plupart des joueurs se posant cette question sont des joueurs qui ont pass\u00e9s des ann\u00e9es \u00e0 jouer sans.<\/p>\n<ul>\n<li>Dans un premier temps il s&rsquo;agit de faire le lien entre les octaves. Un <i>overblow<\/i> en 6 n&rsquo;est finalement qu&rsquo;un 3 alt\u00e9r\u00e9 une fois \u00e0 l&rsquo;octave, un <i>overdraw<\/i> en 7 n&rsquo;est que le 1 et 4 alt\u00e9r\u00e9 \u00e0 l&rsquo;octave sup\u00e9rieure&#8230; Il sera donc assez simple d&rsquo;int\u00e9grer ces \u201cnouvelles\u201d notes dans le jeu puisque l&rsquo;harmoniciste joue d\u00e9j\u00e0 ces notes ailleurs depuis des lustres<\/li>\n<li>Dans un second moment, des photographies de jeu moins usuelles, de nouvelles \u201cpositions\u201d s&rsquo;ouvrent \u00e0 l&rsquo;harmoniciste gr\u00e2ce aux sons qu&rsquo;il n&rsquo;utilisait jamais jusqu&rsquo;\u00e0 pr\u00e9sent<\/li>\n<li>A terme, le joueur pourra enfin jouer ce qu&rsquo;il entend, ind\u00e9pendemment des photographies de jeu<\/li>\n<\/ul>\n<p><strong><i>Je sais jouer les overnotes mais je n&rsquo;aime pas leur sonorit\u00e9&#8230;<\/i><\/strong><\/p>\n<p>A priori si le timbre est d\u00e9plaisant c&rsquo;est soit que le timbre des alt\u00e9rations standards est \u00e9galement sujet \u00e0 caution soit que le joueur ne sait pas vraiment jouer ces overnotes&#8230; Utilisant trop de pression et une technique perfectible d\u00e9timbrant les sonorit\u00e9s rendues agressives, l&rsquo;harmoniciste se retrouve avec le son des over des ann\u00e9es 80\/90 (les pionniers du genre se satisfaisaient d\u00e9j\u00e0 d&rsquo;obtenir les sons \u00e0 defaut d&rsquo;en avoir un&#8230;). Il n&rsquo;y a pas de raison qu&rsquo;une overnote ne sonne pas comme une alt\u00e9ration \u201cclassique\u201d, plus vous travaillerez vos alt\u00e9rations \u201cstandards\u201d meilleurs seront vos overnotes et vice et versa.<\/p>\n<p><b>CONCLUSION :<\/b><\/p>\n<ul>\n<li>Les overnotes sont extr\u00eamement simples \u00e0 sortir justes et timbr\u00e9es \u00e0 partir du moment o\u00f9 vous les obtenez exactement comme vos alt\u00e9rations oppos\u00e9es.<\/li>\n<li>Tant qu&rsquo;il y a un changement, m\u00eame subtil ou une l\u00e9g\u00e8re compensation dans votre fa\u00e7on de faire, vous risquez de prendre une habitude qui ne vous permettra pas d&rsquo;\u00eatre fluide et homog\u00e8ne selon les tonalit\u00e9s.<\/li>\n<li>Essayez d&rsquo;entendre \u00e0 l&rsquo;avance le son qui doit \u00eatre obtenu, cela peut aider mais dites vous qu&rsquo;un bon placement de la langue m\u00e9moris\u00e9 peut suffire : il s&rsquo;agit juste de pression adapt\u00e9e \u00e0 g\u00e9rer, rien de plus.<\/li>\n<li>Plus vous envoyez d&rsquo;air moins il y a de chance pour que cela fonctionne. Le terme overnote sugg\u00e8re d&rsquo;envoyer plus d&rsquo;air, il n&rsquo;en est rien.<\/li>\n<li>Un r\u00e9glage adapt\u00e9 permet un confort non n\u00e9gligeable et le fait de bien ressentir que l&rsquo;alt\u00e9ration oppos\u00e9e demande la m\u00eame position de langue. Une fois que vous avez trouv\u00e9 et g\u00e9olocalis\u00e9 la position un r\u00e9glage plus ouvert ne vous emp\u00eachera plus de retrouver le bon placement.<\/li>\n<\/ul>\n<p>S\u00e9bastien Charlier<\/p>\n<p>www.sebcharlier.com<\/p>\n<p>&nbsp;<\/p>\n<p>Note de l&rsquo;\u00e9diteur: S\u00e9bastien a donn\u00e9 \u00e9galement une autre interview tr\u00e8s int\u00e9ressante et compl\u00e9mentaire \u00e0 l&rsquo;excellent blog Harmonica Tricks:\u00a0<a href=\"http:\/\/harmonicatricks.fr\/enseignement-de-lharmonica-nos-questions-a-sebastien-charlier\">http:\/\/harmonicatricks.fr\/enseignement-de-lharmonica-nos-questions-a-sebastien-charlier<\/a><\/p>\n","protected":false},"excerpt":{"rendered":"<p class=\"text-justify mb-2\" >Overblows et Overdraws faciles M\u00eame si les overnotes se sont consid\u00e9rablement d\u00e9mocratis\u00e9es au cours des trente derni\u00e8res ann\u00e9es, elles semblent encore susciter quelques appr\u00e9hensions pour bon nombre d&rsquo;harmonicistes soucieux d&rsquo;utiliser au mieux le potentiel de leur instrument de pr\u00e9dilection. Une pl\u00e9thore d&rsquo;informations circulent sur le [&hellip;]<\/p>\n","protected":false},"author":2,"featured_media":0,"parent":1115,"menu_order":0,"comment_status":"closed","ping_status":"closed","template":"","meta":[],"_links":{"self":[{"href":"https:\/\/www.planetharmonica.com\/NextGen\/wp-json\/wp\/v2\/pages\/1122"}],"collection":[{"href":"https:\/\/www.planetharmonica.com\/NextGen\/wp-json\/wp\/v2\/pages"}],"about":[{"href":"https:\/\/www.planetharmonica.com\/NextGen\/wp-json\/wp\/v2\/types\/page"}],"author":[{"embeddable":true,"href":"https:\/\/www.planetharmonica.com\/NextGen\/wp-json\/wp\/v2\/users\/2"}],"replies":[{"embeddable":true,"href":"https:\/\/www.planetharmonica.com\/NextGen\/wp-json\/wp\/v2\/comments?post=1122"}],"version-history":[{"count":15,"href":"https:\/\/www.planetharmonica.com\/NextGen\/wp-json\/wp\/v2\/pages\/1122\/revisions"}],"predecessor-version":[{"id":1556,"href":"https:\/\/www.planetharmonica.com\/NextGen\/wp-json\/wp\/v2\/pages\/1122\/revisions\/1556"}],"up":[{"embeddable":true,"href":"https:\/\/www.planetharmonica.com\/NextGen\/wp-json\/wp\/v2\/pages\/1115"}],"wp:attachment":[{"href":"https:\/\/www.planetharmonica.com\/NextGen\/wp-json\/wp\/v2\/media?parent=1122"}],"curies":[{"name":"wp","href":"https:\/\/api.w.org\/{rel}","templated":true}]}}