{"id":1082,"date":"2018-01-06T10:30:29","date_gmt":"2018-01-06T09:30:29","guid":{"rendered":"http:\/\/www.planetharmonica.com\/?page_id=1082"},"modified":"2018-06-29T17:13:44","modified_gmt":"2018-06-29T15:13:44","slug":"improviser-sur-sweet-georgia-brown","status":"publish","type":"page","link":"https:\/\/www.planetharmonica.com\/NextGen\/fr\/pedago-ep-2\/improviser-sur-sweet-georgia-brown\/","title":{"rendered":"Improviser sur Sweet Georgia Brown"},"content":{"rendered":"<h1><strong>Improviser sur la grille de Sweet Georgia Brown<\/strong><\/h1>\n<p><strong>Niveau : moyen<\/strong><\/p>\n<p><strong>Pr\u00e9-requis : jouer les alt\u00e9rations, savoir compter sur ses doigts<\/strong><\/p>\n<p>&nbsp;<\/p>\n<p>Nous allons voir une fa\u00e7on (parmi d\u2019autres) d\u2019aborder un morceau dont la grille est relativement simple, mais pas hyper basique, \u00e0 savoir\u00a0: <em><strong>Sweet Georgia Brown<\/strong><\/em>.<\/p>\n<p>Ce morceau est indiqu\u00e9 en R\u00e9 dans le Real Book (sorte de bible des standards de Jazz pour tout apprenti musicien), mais il a \u00e9t\u00e9 jou\u00e9 dans \u00e9norm\u00e9ment de tonalit\u00e9s diff\u00e9rentes.<\/p>\n<p>J\u2019ai choisi une grille en Sol, \u00e0 jouer sur un harmo en Do. A vous ensuite de prendre l\u2019harmo qui correspond \u00e0 la tonalit\u00e9 dans laquelle vous voulez effectivement le jouer (cf. remarque en bas de page).<\/p>\n<p>Remarque : les tablatures sont indiqu\u00e9es pour un <a href=\"http:\/\/www.planetharmonica.com\/fr\/pedagogie\/harmonica-accorde-lydien\/\">harmonica en Do accord\u00e9 en Lydien<\/a><\/p>\n<p>&nbsp;<\/p>\n<p><strong>Grille Sweet Georgia Brown en Sol<\/strong><br \/>\n<img src=\"http:\/\/www.planetharmonica.com\/NextGen\/wp-content\/uploads\/2017\/10\/Grille-Sweet-Georgia-Brown-en-G.jpg\" alt=\"Grille Sweet Georgia Brown en G\" \/><\/p>\n<p>&nbsp;<\/p>\n<p>On voit que ce morceau contient 32 mesures.<\/p>\n<p>Si on \u00e9coute le th\u00e8me (par exemple ici <a href=\"https:\/\/www.youtube.com\/watch?v=YYz-YG0xH70\" target=\"_blank\" rel=\"noopener\">la version de l\u2019immense Ella Fitzegarld<\/a>), on entend qu\u2019il y a deux parties, une premi\u00e8re sur les 16 premi\u00e8res mesures, et puis \u00e7a semble se r\u00e9p\u00e9ter sur les 8 mesures suivantes, et finalement il y a un changement sur les 8 derni\u00e8res mesures.<\/p>\n<p>C\u2019est assez classique, les musiciens de Blues et de Jazz comptent et composent souvent par s\u00e9ries de 4, 8, 16, 32 mesures.<\/p>\n<p>L\u2019id\u00e9e ici n\u2019est pas de faire une explication de l\u2019ensemble du morceau, mais je vais quand m\u00eame vous donner quelques cl\u00e9s de compr\u00e9hension.<\/p>\n<p>Comme pour tout standard, il y a plein de chemins possibles, des plus simples aux plus complexes. Plus vous en ma\u00eetrisez, plus vos soli para\u00eetront riches et vari\u00e9s, il va sans dire.<\/p>\n<p>On va explorer quelques pistes de jeu (pour ne pas dire \u00ab\u00a0pistes de travail\u00a0\u00bb), <strong>en se concentrant surtout sur les 16 premi\u00e8res mesures.<\/strong><\/p>\n<p>Je vous conseille d\u2019aller lentement, d&rsquo;en travailler une, de vous amuser un peu avec, afin de l&rsquo;avoir bien int\u00e9gr\u00e9e intellectuellement, avant de passer \u00e0 la suivante.<br \/>\nLorsque vous passez \u00e0 la suivante, l&rsquo;important est d&rsquo;entendre le changement qui s&rsquo;op\u00e8re. Donc insistez bien sur les notes qui s&rsquo;ajoutent par rapport \u00e0 la piste pr\u00e9c\u00e9dente.<\/p>\n<p>&nbsp;<\/p>\n<p><span style=\"color: #993300; font-size: 14pt;\"><strong>Premi\u00e8re piste de travail, l&rsquo;option la plus simple : la pentatonique de G mineur<\/strong><\/span><\/p>\n<hr \/>\n<p>Si vous jouez avec la pentatonique de G mineur tout du long du morceau, en vous d\u00e9brouillant bien \u00e7a doit passer.<\/p>\n<p>Attention, la derni\u00e8re ligne du morceau bouge pas mal, ouvrez bien les esgourdes et faites simple, pour passer sans heurts.<\/p>\n<p><strong>Pentatonique de G mineur sur un harmo en C\u00a0:<\/strong><\/p>\n<p><img src=\"http:\/\/www.planetharmonica.com\/NextGen\/wp-content\/uploads\/2017\/10\/GmPenta.jpg\" alt=\"Pentatonique de Sol mineur\" \/><\/p>\n<p>&nbsp;<\/p>\n<p>Vous pouvez ajouter la quinte b\u00e9mole, \u00e0 savoir Db (en -1\u2019, -4\u2019, 7\u00b0 et 10\u00b0 pour les plus audacieux) de temps en temps pour jouer sur le c\u00f4t\u00e9 Blues (ou encore plus simplement quand vous entendez qu&rsquo;elle sonnerait bien par rapport \u00e0 l&rsquo;accord en cours &#8230;).<\/p>\n<p>Notons que le 6\u00b0 est particuli\u00e8rement important\u00a0: c\u2019est cette note qui va vous permettre de faire le lien plus facilement entre les mediums et les aigus. Les harmonicistes rechignent souvent \u00e0 aller titiller les aigus car ils ont du mal \u00e0 faire la jonction depuis les mediums. Eh bien voici la solution toute pr\u00eate quand on est dans cette tonalit\u00e9\u00a0: le 6\u00b0, votre sauveur\u00a0! et si en plus vous ajoutez le 7\u00b0, alors l\u00e0, c\u2019est la classe \u00e0 Dallas\u00a0!<\/p>\n<p>&nbsp;<\/p>\n<p><span style=\"color: #993300; font-size: 14pt;\"><strong>Deuxi\u00e8me piste de travail\u00a0: la pentatonique de D mineur<\/strong><\/span><\/p>\n<hr \/>\n<p>C\u2019est un petit truc rigolo de ce morceau\u00a0: il peut se jouer assez facilement avec l\u2019une ou l\u2019autre de ces deux pentatoniques. Chacune va apporter des sons diff\u00e9rents, bien s\u00fbr.<\/p>\n<p>On peut donc s\u2019amuser \u00e0 m\u00e9langer Gm penta et Dm penta au gr\u00e9 de ses envies et de ce que dicte notre oreille.<br \/>\nCa tombe bien, ce sont justement les deux penta les plus utilis\u00e9es par les harmonicistes\u00a0!<\/p>\n<p>Attention toutefois, c&rsquo;est un peu plus d\u00e9licat sans doute que la piste pr\u00e9c\u00e9dente. Insistez bien sur les notes de chaque accord (et donc rep\u00e9rez-les ! au moins la tonique, c&rsquo;est pas grand-chose &#8230;).<\/p>\n<p><strong>Pentatonique de D mineur\u00a0:<\/strong><br \/>\n<img src=\"http:\/\/www.planetharmonica.com\/NextGen\/wp-content\/uploads\/2017\/10\/DmPenta.jpg\" alt=\"Pentatonique de R\u00e9 mineur\" \/><\/p>\n<p>&nbsp;<\/p>\n<p><span style=\"font-size: 14pt;\"><strong><span style=\"color: #993300;\">Troisi\u00e8me piste\u00a0: commencer \u00e0 suivre les accords<\/span><\/strong><\/span><\/p>\n<hr \/>\n<p>Vous restez sur la penta de Gm tout du long, sauf sur le 2\u00e8me accord, qui est un C7.<br \/>\nA cet endroit, vous gardez l&rsquo;id\u00e9e de la penta de Gm (G Bb C D F), mais vous remplacez le F par un E.<\/p>\n<p>Je choisis cette option tout simplement parce que le E est dans l&rsquo;accord C7 alors que le F n&rsquo;y est pas.<\/p>\n<p>Vous allez donc jouer\u00a0: avec le F quand vous \u00eates sur l\u2019accord G7, puis avec le E quand vous \u00eates sur l&rsquo;accord C7. Ca fait sonner le changement dans la grille, vous \u00eates en harmonie avec les gars qui vous accompagnent au banjo et \u00e0 la mandoline, et qui vous observent, admiratifs de tant d\u2019\u00e0 propos\u00a0! Bravo\u00a0!<\/p>\n<p><strong>Pentatonique alternative de C\u00a0:<\/strong><br \/>\n<img src=\"http:\/\/www.planetharmonica.com\/NextGen\/wp-content\/uploads\/2017\/10\/CMajPentaAlternative.jpg\" alt=\"Pentatonique alternative de Do majeur\" \/><\/p>\n<p>Donc sur un harmo en C, au lieu de jouer des -2&Prime; et des -5\u2019, vous allez utiliser des +2 et des +5.<br \/>\nTout du long du morceau : -2 -3&rsquo;+4 -4 -5\u2019 +6<br \/>\nsauf sur le 2\u00e8me accord : +4 -4 +5 +6 +6\u00b0<\/p>\n<p>NB 1\u00a0: Soit dit en passant, vous pouvez vous amuser \u00e0 \u00e7a sur absolument n&rsquo;importe quel Blues, puisque dans le cas d&rsquo;un Blues \u00e7a d\u00e9marre par ces deux m\u00eames accords\u00a0!<\/p>\n<p>NB\u00a02 : en fait, on a d\u00e9j\u00e0 vu cette pentatonique particuli\u00e8re lors du pr\u00e9c\u00e9dent num\u00e9ro de PH, cf. l\u2019article \u00ab\u00a0<a href=\"http:\/\/www.planetharmonica.com\/fr\/pedagogie\/dominante\/\">Improviser sur un accord de Dominante<\/a>\u00a0\u00bb.<\/p>\n<p>&nbsp;<\/p>\n<p><span style=\"font-size: 14pt;\"><strong><span style=\"color: #993300;\">Quatri\u00e8me piste\u00a0: passer du majeur au mineur<\/span><\/strong><\/span><\/p>\n<hr \/>\n<p>En fait, c&rsquo;est un peu cach\u00e9 par l&rsquo;harmonie, mais ce morceau joue sur la diff\u00e9rence majeur \/ mineur.<\/p>\n<p>On peut voir la fin du morceau comme une progression en G mineur.<br \/>\nMais le d\u00e9but est plut\u00f4t en G majeur (la penta de G mineur passe du fait de l\u2019utilisation d\u2019accords de septi\u00e8me, qui acceptent ais\u00e9ment ce type de tension). D\u2019ailleurs, la m\u00e9lodie est clairement pens\u00e9e en majeur \u00e0 cet endroit (on y trouve des tierces majeures B et non mineures Bb).<br \/>\nBref, sur l&rsquo;accord de G7, on\u00a0 peut aussi choisir la penta de G majeur.<\/p>\n<p><strong>Pentatonique majeure de G\u00a0:<\/strong><br \/>\n<img src=\"http:\/\/www.planetharmonica.com\/NextGen\/wp-content\/uploads\/2017\/10\/GMajPenta.jpg\" alt=\"Pentatonique de Sol majeur\" \/><\/p>\n<p>&nbsp;<\/p>\n<p>On peut donc improviser avec les pentatoniques suivantes\u00a0:<\/p>\n<p>1\u00e8re ligne, G majeur penta\u00a0: -2 -3&Prime; -3 -4 +5 +6<br \/>\n2\u00e8me ligne, on utilise la deuxi\u00e8me piste, penta alternative de C maj : +4 -4 +5 +6 +6\u00b0<br \/>\net tout le reste du morceau en penta de G min : -2 -3&prime; +4 -4 -5\u2019 +6<\/p>\n<p>&nbsp;<\/p>\n<p><span style=\"font-size: 14pt;\"><strong><span style=\"color: #993300;\">Cinqui\u00e8me piste<\/span><\/strong><\/span><\/p>\n<hr \/>\n<p>Attention les mirettes, toujours plus fort, on reprend la quatri\u00e8me piste, et on ajoute une option pour la 3<sup>\u00e8me<\/sup> ligne, permettant de suivre encore un peu plus la grille.<br \/>\n1\u00e8re ligne : Penta G Maj : -2 -3&Prime; -3 -4 +5 +6<br \/>\n2\u00e8me ligne : deuxi\u00e8me piste en C maj: +4 -4 +5 +6 +6\u00b0<br \/>\n3\u00e8me ligne : je joue avec la pentatonique de F maj\u00a0: -2&Prime; -2 -3&Prime; +4 -4 -5<br \/>\ntout le reste du morceau en G mineur penta : -2 -3&prime; +4 -4 -5\u2019 +6<\/p>\n<p>&nbsp;<\/p>\n<p>Bon, bin c&rsquo;est d\u00e9j\u00e0 pas mal comme programme&#8230;<br \/>\nVous pouvez bien s\u00fbr faire toute combinaison de ce qui est d\u00e9crit ci-dessus (par exemple tout jouer en Gm, sauf la 3\u00e8me ligne de la 4\u00e8me piste, bonne fa\u00e7on de s&rsquo;habituer \u00e0 ce changement avant d&rsquo;attaquer la 4\u00e8me piste dans son ensemble).<\/p>\n<p>Vous pouvez aussi faire ENCORE PLUS SIMPLE : ne penser qu&rsquo;aux notes qui changent (en gardant l&rsquo;id\u00e9e du Gm penta derri\u00e8re, bien s\u00fbr).<br \/>\nPar exemple : jouez surtout avec le -3 sur le premier accord, puis avec le +5 sur le 2\u00e8me accord, puis le -6 sur le 3\u00e8me, et entre les moments o\u00f9 vous jouez ces notes, utilisez la penta de G mineure habituelle.<\/p>\n<p>Voil\u00e0, j&rsquo;ai choisi des chemins utilisant les penta, \u00e7a demande un petit effort intellectuel au d\u00e9but, mais c&rsquo;est tr\u00e8s efficace musicalement.<br \/>\nMine de rien, le morceau bouge un peu harmoniquement, donc il est faussement facile, mais on peut toujours se rattraper aux branches de la 1\u00e8re piste quand on est en difficult\u00e9, et du coup il est vraiment facile (le fil rouge sur le fil rouge et le fil bleu \u2026 je sais plus \u2026).<br \/>\nSi d\u00e9j\u00e0 vous arrivez \u00e0 faire sonner \u00e0 un moment ou l&rsquo;autre le -3 sur le premier accord, le +5 sur le 2\u00e8me, ou le -6 sur le 3\u00e8me, vous \u00eates les rois du monde !<\/p>\n<p><strong>Alors bon jeu \u00e0 vous\u00a0!<\/strong><\/p>\n<p>&nbsp;<\/p>\n<p><a href=\"http:\/\/www.planetharmonica.com\/NextGen\/wp-content\/uploads\/2017\/10\/PB-Sweet-Georgia-Brown-G-140-bpm.mp3\" target=\"_blank\" rel=\"noopener\">Play-back en Sol, \u00e0 140 bpm<\/a><\/p>\n<p><a href=\"http:\/\/www.planetharmonica.com\/NextGen\/wp-content\/uploads\/2017\/10\/PB-Sweet-Georgia-Brown-G-190-bpm.mp3\" target=\"_blank\" rel=\"noopener\">Play-back en Sol, \u00e0 190 bpm<\/a><\/p>\n<p>&nbsp;<\/p>\n<p><strong>Remarque sur le changement de tonalit\u00e9<\/strong><\/p>\n<p>J&rsquo;ai propos\u00e9 de jouer ce morceau en Sol sur un harmo en Do.<\/p>\n<p>Votre guitariste d\u00e9sire jouer ce morceau dans une autre tonalit\u00e9 ? Pas de souci, vous pouvez utiliser exactement les m\u00eames tablatures en changeant de tonalit\u00e9 d&rsquo;harmonica.<\/p>\n<p>Do (tona de l&rsquo;harmo) est la quarte de Sol (tona du morceau). Donc si vous voulez jouer ce morceau avec les m\u00eames automatismes acquis ici mais dans une autre tonalit\u00e9, il suffit de chercher la quarte de la tonalit\u00e9 d\u00e9sir\u00e9e.<\/p>\n<p>Par exemple, si vous voulez jouer le morceau en Fa, il faudra prendre un harmo en Si b\u00e9mol (Bb \u00e9tant la quarte de F).<\/p>\n<p>Si vous voulez jouer ce morceau en R\u00e9, il faudra prendre un harmo en La, etc.<\/p>\n<p>J\u00e9r\u00f4me Peyrelevade<\/p>\n<p><a href=\"http:\/\/www.jeromepeyrelevade.com\">www.jeromepeyrelevade.com<\/a><\/p>\n","protected":false},"excerpt":{"rendered":"<p class=\"text-justify mb-2\" >Improviser sur la grille de Sweet Georgia Brown Niveau : moyen Pr\u00e9-requis : jouer les alt\u00e9rations, savoir compter sur ses doigts &nbsp; Nous allons voir une fa\u00e7on (parmi d\u2019autres) d\u2019aborder un morceau dont la grille est relativement simple, mais pas hyper basique, \u00e0 savoir\u00a0: Sweet [&hellip;]<\/p>\n","protected":false},"author":3,"featured_media":0,"parent":1115,"menu_order":0,"comment_status":"closed","ping_status":"closed","template":"","meta":[],"_links":{"self":[{"href":"https:\/\/www.planetharmonica.com\/NextGen\/wp-json\/wp\/v2\/pages\/1082"}],"collection":[{"href":"https:\/\/www.planetharmonica.com\/NextGen\/wp-json\/wp\/v2\/pages"}],"about":[{"href":"https:\/\/www.planetharmonica.com\/NextGen\/wp-json\/wp\/v2\/types\/page"}],"author":[{"embeddable":true,"href":"https:\/\/www.planetharmonica.com\/NextGen\/wp-json\/wp\/v2\/users\/3"}],"replies":[{"embeddable":true,"href":"https:\/\/www.planetharmonica.com\/NextGen\/wp-json\/wp\/v2\/comments?post=1082"}],"version-history":[{"count":24,"href":"https:\/\/www.planetharmonica.com\/NextGen\/wp-json\/wp\/v2\/pages\/1082\/revisions"}],"predecessor-version":[{"id":1558,"href":"https:\/\/www.planetharmonica.com\/NextGen\/wp-json\/wp\/v2\/pages\/1082\/revisions\/1558"}],"up":[{"embeddable":true,"href":"https:\/\/www.planetharmonica.com\/NextGen\/wp-json\/wp\/v2\/pages\/1115"}],"wp:attachment":[{"href":"https:\/\/www.planetharmonica.com\/NextGen\/wp-json\/wp\/v2\/media?parent=1082"}],"curies":[{"name":"wp","href":"https:\/\/api.w.org\/{rel}","templated":true}]}}