{"id":1021,"date":"2017-07-22T05:59:02","date_gmt":"2017-07-22T03:59:02","guid":{"rendered":"http:\/\/www.planetharmonica.com\/?page_id=1021"},"modified":"2018-06-29T17:19:02","modified_gmt":"2018-06-29T15:19:02","slug":"no-sweat-blues","status":"publish","type":"page","link":"https:\/\/www.planetharmonica.com\/NextGen\/fr\/no-sweat-blues\/","title":{"rendered":"No Sweat Blues"},"content":{"rendered":"<h1>\u00a0No Sweat Blues<\/h1>\n<p>Comment trouver des riffs qui sonnent sans utiliser d\u2019alt\u00e9rations sur un diatonique\u00a0? Dans l\u2019exemple ci-dessous, nous allons d\u00e9velopper quelques id\u00e9es musicales sur une grille de blues de 12 mesures.<\/p>\n<p>Les accords qui la composent sont\u00a0: F7, Bb7, D7, G7, C7. En partant de ces accords, nous allons chercher leurs notes communes, en utilisant le mode mixolydien, souvent utilis\u00e9 sur des accords de 7<sup>\u00e8me<\/sup>. Les intervalles entre les notes sont\u00a0: 1 ton, 1 ton, \u00bd ton, 1 ton, 1 ton, \u00bd ton.<\/p>\n<p>Pour F7, nous avons\u00a0: F, G, A, Bb, C, D, Eb.<\/p>\n<p>Pour Bb7, nous avons\u00a0: Bb, C, D, Eb, F, G, Ab.<\/p>\n<p>Pour D7, nous avons\u00a0: D, E, F#, G, A, B, C .<\/p>\n<p>Pour G7, nous avons\u00a0: G, A, B, C, D, E, F.<\/p>\n<p>Pour C7, nous avons\u00a0: C, D, E, F, G, A, Bb.<\/p>\n<p>Le F est commun \u00e0 tous les accords, sauf le D7.<\/p>\n<p>Le G est commun \u00e0 tous les accords.<\/p>\n<p>Le A est commun \u00e0 tous les accords, sauf le Bb7.<\/p>\n<p>Le Bb est commun aux accords de F7, Bb7 et C7, mais nous ne voulons pas d\u2019alt\u00e9rations.<\/p>\n<p>Le C est commun \u00e0 tous les accords.<\/p>\n<p>Le D est commun \u00e0 tous les accords.<\/p>\n<p>Le E est commun aux accords de D7, G7 et C7.<\/p>\n<p>Le Eb est commun aux accords de F7 et Bb7, mais nous ne voulons pas d\u2019alt\u00e9rations.<\/p>\n<p>Le F# fait partie de l\u2019accord de D7, mais nous ne voulons pas d\u2019alt\u00e9rations.<\/p>\n<p>Le Ab fait partie de l\u2019accord de Bb7, mais nous ne voulons pas d\u2019alt\u00e9rations.<\/p>\n<p>&nbsp;<\/p>\n<p>En r\u00e9sum\u00e9, nous pouvons utiliser les notes G, C, D, sur tous les accords, et m\u00eame le F, qui fait fonction de \u00ab\u00a0blue note\u00a0\u00bb sur l\u2019accord de D7.<\/p>\n<p>L\u2019id\u00e9e est donc de d\u00e9velopper une phrase musicale ou riff, qui se r\u00e9p\u00e8te tout au long des 12 mesures.<\/p>\n<p>Ensuite, on peut rallonger le motif, rajouter des notes .<\/p>\n<p>Le tempo est \u00e0 116, et les croches sont \u00ab\u00a0swingu\u00e9es\u00a0\u00bb, elles ne se jouent pas comme elles sont \u00e9crites.<\/p>\n<p>Croches jou\u00e9es comme elles sont \u00e9crites:<\/p>\n<!--[if lt IE 9]><script>document.createElement('audio');<\/script><![endif]-->\n<audio class=\"wp-audio-shortcode\" id=\"audio-1021-1\" preload=\"none\" style=\"width: 100%;\" controls=\"controls\"><source type=\"audio\/mpeg\" src=\"http:\/\/www.planetharmonica.com\/NextGen\/wp-content\/uploads\/2017\/07\/NoSweatBluesHarmoNoSwing.mp3?_=1\" \/><a href=\"http:\/\/www.planetharmonica.com\/NextGen\/wp-content\/uploads\/2017\/07\/NoSweatBluesHarmoNoSwing.mp3\">http:\/\/www.planetharmonica.com\/NextGen\/wp-content\/uploads\/2017\/07\/NoSweatBluesHarmoNoSwing.mp3<\/a><\/audio>\n<p>Croches jou\u00e9es \u00ab\u00a0swingu\u00e9es\u00a0\u00bb :<\/p>\n<audio class=\"wp-audio-shortcode\" id=\"audio-1021-2\" preload=\"none\" style=\"width: 100%;\" controls=\"controls\"><source type=\"audio\/mpeg\" src=\"http:\/\/www.planetharmonica.com\/NextGen\/wp-content\/uploads\/2017\/07\/NoSweatBluesHarmoSwing.mp3?_=2\" \/><a href=\"http:\/\/www.planetharmonica.com\/NextGen\/wp-content\/uploads\/2017\/07\/NoSweatBluesHarmoSwing.mp3\">http:\/\/www.planetharmonica.com\/NextGen\/wp-content\/uploads\/2017\/07\/NoSweatBluesHarmoSwing.mp3<\/a><\/audio>\n<p>&nbsp;<\/p>\n<p>Exemple 1, le m\u00eame riff est r\u00e9p\u00e9t\u00e9 tout au long des 12 mesures :<\/p>\n<audio class=\"wp-audio-shortcode\" id=\"audio-1021-3\" preload=\"none\" style=\"width: 100%;\" controls=\"controls\"><source type=\"audio\/mpeg\" src=\"http:\/\/www.planetharmonica.com\/NextGen\/wp-content\/uploads\/2017\/07\/NoSweatEx1.mp3?_=3\" \/><a href=\"http:\/\/www.planetharmonica.com\/NextGen\/wp-content\/uploads\/2017\/07\/NoSweatEx1.mp3\">http:\/\/www.planetharmonica.com\/NextGen\/wp-content\/uploads\/2017\/07\/NoSweatEx1.mp3<\/a><\/audio>\n<p><img class=\"transparent\" src=\"http:\/\/laurentrinaldi.com\/wp-content\/uploads\/2017\/07\/Capture-d%E2%80%99e%CC%81cran-2017-07-21-a%CC%80-16.44.06.png\" alt=\"http:\/\/laurentrinaldi.com\/wp-content\/uploads\/2017\/07\/Capture-d%E2%80%99e%CC%81cran-2017-07-21-a%CC%80-16.44.06.png\" \/><\/p>\n<p>Exemple 2, on d\u00e9veloppe sur l\u2019exemple 1, en alternant le riff principal suivi du m\u00eame, en changeant quelques notes, et mesures 16, 20 et 24, des notes syncop\u00e9es fa\u00e7on cuivres:<\/p>\n<audio class=\"wp-audio-shortcode\" id=\"audio-1021-4\" preload=\"none\" style=\"width: 100%;\" controls=\"controls\"><source type=\"audio\/mpeg\" src=\"http:\/\/www.planetharmonica.com\/NextGen\/wp-content\/uploads\/2017\/07\/NoSweatEx2.mp3?_=4\" \/><a href=\"http:\/\/www.planetharmonica.com\/NextGen\/wp-content\/uploads\/2017\/07\/NoSweatEx2.mp3\">http:\/\/www.planetharmonica.com\/NextGen\/wp-content\/uploads\/2017\/07\/NoSweatEx2.mp3<\/a><\/audio>\n<p><img loading=\"lazy\" class=\"aligncenter wp-image-1162 size-full\" src=\"http:\/\/laurentrinaldi.com\/wp-content\/uploads\/2017\/07\/Capture-d%E2%80%99e%CC%81cran-2017-07-21-a%CC%80-16.34.06.png\" alt=\"Capture d\u2019\u00e9cran 2017-07-21 \u00e0 16.34.06\" width=\"556\" height=\"228\" \/><\/p>\n<p>Exemple 3, on allonge le riff de l\u2019exemple 1 et on change quelques notes (\u00e0 noter que sur les mesures 30, 34 et 36, les notes et le rythme sont exactement les m\u00eames):<\/p>\n<audio class=\"wp-audio-shortcode\" id=\"audio-1021-5\" preload=\"none\" style=\"width: 100%;\" controls=\"controls\"><source type=\"audio\/mpeg\" src=\"http:\/\/www.planetharmonica.com\/NextGen\/wp-content\/uploads\/2017\/07\/NoSweatEx3.mp3?_=5\" \/><a href=\"http:\/\/www.planetharmonica.com\/NextGen\/wp-content\/uploads\/2017\/07\/NoSweatEx3.mp3\">http:\/\/www.planetharmonica.com\/NextGen\/wp-content\/uploads\/2017\/07\/NoSweatEx3.mp3<\/a><\/audio>\n<p><img loading=\"lazy\" class=\"aligncenter wp-image-1165 size-full\" src=\"http:\/\/laurentrinaldi.com\/wp-content\/uploads\/2017\/07\/Capture-d%E2%80%99e%CC%81cran-2017-07-21-a%CC%80-16.35.01.png\" alt=\"Capture d\u2019\u00e9cran 2017-07-21 \u00e0 16.35.01\" width=\"547\" height=\"223\" \/><\/p>\n<p>A vous de jouer, laissez libre cours \u00e0 votre inspiration, et bonne musique !<\/p>\n<p>Les liens de t\u00e9l\u00e9chargement:<br \/>\n<a href=\"http:\/\/www.planetharmonica.com\/NextGen\/wp-content\/uploads\/2017\/07\/NoSweatBlues.mp3\" target=\"_blank\" rel=\"noopener\">Backing Track<\/a><\/p>\n<p><a href=\"http:\/\/www.planetharmonica.com\/NextGen\/wp-content\/uploads\/2017\/08\/No-Sweat-Blues-Diatonic-in-C.pdf\">Tablature Diato en C<\/a><\/p>\n<p><a href=\"http:\/\/www.planetharmonica.com\/NextGen\/wp-content\/uploads\/2017\/08\/No-Sweat-Blues-Chromatic.pdf\">Tablature Chromatique en C (12 trous)<\/a><\/p>\n<p>Laurent Rinaldi<\/p>\n<p><a href=\"http:\/\/www.laurentrinaldi.com\">www.laurentrinaldi.com<\/a><\/p>\n","protected":false},"excerpt":{"rendered":"<p class=\"text-justify mb-2\" >\u00a0No Sweat Blues Comment trouver des riffs qui sonnent sans utiliser d\u2019alt\u00e9rations sur un diatonique\u00a0? Dans l\u2019exemple ci-dessous, nous allons d\u00e9velopper quelques id\u00e9es musicales sur une grille de blues de 12 mesures. Les accords qui la composent sont\u00a0: F7, Bb7, D7, G7, C7. En partant [&hellip;]<\/p>\n","protected":false},"author":6,"featured_media":0,"parent":0,"menu_order":0,"comment_status":"closed","ping_status":"closed","template":"","meta":[],"_links":{"self":[{"href":"https:\/\/www.planetharmonica.com\/NextGen\/wp-json\/wp\/v2\/pages\/1021"}],"collection":[{"href":"https:\/\/www.planetharmonica.com\/NextGen\/wp-json\/wp\/v2\/pages"}],"about":[{"href":"https:\/\/www.planetharmonica.com\/NextGen\/wp-json\/wp\/v2\/types\/page"}],"author":[{"embeddable":true,"href":"https:\/\/www.planetharmonica.com\/NextGen\/wp-json\/wp\/v2\/users\/6"}],"replies":[{"embeddable":true,"href":"https:\/\/www.planetharmonica.com\/NextGen\/wp-json\/wp\/v2\/comments?post=1021"}],"version-history":[{"count":25,"href":"https:\/\/www.planetharmonica.com\/NextGen\/wp-json\/wp\/v2\/pages\/1021\/revisions"}],"predecessor-version":[{"id":1562,"href":"https:\/\/www.planetharmonica.com\/NextGen\/wp-json\/wp\/v2\/pages\/1021\/revisions\/1562"}],"wp:attachment":[{"href":"https:\/\/www.planetharmonica.com\/NextGen\/wp-json\/wp\/v2\/media?parent=1021"}],"curies":[{"name":"wp","href":"https:\/\/api.w.org\/{rel}","templated":true}]}}